{"id":1572,"date":"2020-02-26T09:41:30","date_gmt":"2020-02-26T09:41:30","guid":{"rendered":"https:\/\/www.campings.com\/fr\/content\/?page_id=1572"},"modified":"2021-01-31T22:37:36","modified_gmt":"2021-01-31T22:37:36","slug":"choisir-un-camping-a-la-montagne","status":"publish","type":"page","link":"https:\/\/www.campings.com\/fr\/content\/choisir-un-camping-a-la-montagne\/","title":{"rendered":"Choisir un camping \u00e0 la montagne pour les vacances"},"content":{"rendered":"<p><strong>Mini sommaire<\/strong><\/p>\n<ol>\n<li><a href=\"#ancre1\">Choisir un camping \u00e0 la montagne en fonction des activit\u00e9s propos\u00e9es<\/a><\/li>\n<li><a href=\"#ancre2\">Choisir un camping \u00e0 la montagne en fonction des prestations propos\u00e9es<\/a><\/li>\n<li><a href=\"#ancre3\">Camping en altitude ou dans un village en fond de vall\u00e9e\u2009?<\/a><\/li>\n<li><a href=\"#ancre4\">Comment trouver un camping pas cher en montagne\u2009?<\/a><\/li>\n<\/ol>\n<p><strong>Choisir un camping \u00e0 la montagne<\/strong> permet de se reconnecter avec la nature dans un milieu naturel pr\u00e9serv\u00e9. Le camping \u00e0 la montagne permet d\u2019organiser plus facilement le camping dit sauvage dans un lieu naturel public sans infrastructures. De nombreux terrains de camping se sont \u00e9galement implant\u00e9s dans les Alpes, les Pyr\u00e9n\u00e9es et les autres massifs montagneux de France. <a href=\"https:\/\/www.campings.com\/fr\/content\/tout-savoir-sur-le-camping\/quel-camping-choisir\/\">Quel camping choisir<\/a>\u2009? Tout d\u00e9pend des activit\u00e9s que vous souhaitez pratiquer et des prestations d\u2019h\u00e9bergement dont vous souhaitez disposer au camping.<\/p>\n<p><img decoding=\"async\" class=\"img-responsive\" src=\"https:\/\/www.campings.com\/fr\/content\/wp-content\/uploads\/2020\/02\/choisir-un-camping-a-la-montagne-1.jpg\" alt=\"Choisir un camping \u00e0 la montagne-1\" \/><\/p>\n<h2 id=\"ancre1\">Choisir un camping \u00e0 la montagne en fonction des activit\u00e9s propos\u00e9es<\/h2>\n<p><a href=\"https:\/\/www.france-montagnes.com\/guide-des-stations\/randonnees\">Les montagnes<\/a> offrent des activit\u00e9s sportives et des loisirs bien diff\u00e9rents de ceux propos\u00e9s au bord de mer ou en plaine. C\u2019est l\u2019occasion de se d\u00e9couvrir une nouvelle passion pour un sport ou une activit\u00e9 ludique dans un <strong>milieu naturel pr\u00e9serv\u00e9<\/strong>. Selon le massif montagneux o\u00f9 vous souhaitez s\u00e9journer, les activit\u00e9s propos\u00e9es peuvent \u00eatre diff\u00e9rentes. Chaque cha\u00eene de montagnes poss\u00e8de une culture et des activit\u00e9s qui lui sont propres.<br \/>\nAinsi les Alpes sont r\u00e9put\u00e9es pour des <strong>activit\u00e9s sportives \u00e0 sensation<\/strong> comme l\u2019escalade, l\u2019ascension de sommets embl\u00e9matiques comme le Mont-Blanc, le parapente en altitude, etc. Ces activit\u00e9s sont notamment appr\u00e9ci\u00e9es dans les Alpes en raison de la haute altitude des pics.<br \/>\nLa cha\u00eene des Pyr\u00e9n\u00e9es en \u00e9t\u00e9 offre de <strong>belles randonn\u00e9es<\/strong>, dont certaines sont de v\u00e9ritables exp\u00e9ditions m\u00ealant<strong> via ferrata et canyoning<\/strong>. Les apr\u00e8s-midi au bord d\u2019un lac d\u2019altitude sont \u00e9galement des sorties plaisantes \u00e0 partager en famille ou entre amis.<br \/>\nLes autres massifs montagneux de moins haute altitude sont toujours aussi appr\u00e9ci\u00e9s pour camper au beau milieu de la nature avec de nombreux bois, des lacs, mais \u00e9galement de<strong> nombreux services et activit\u00e9s<\/strong> propos\u00e9s pour se restaurer et se divertir en dehors du camping.<br \/>\nLes activit\u00e9s g\u00e9n\u00e9ralement propos\u00e9es par les clubs de loisirs et les parcs proches des campings en montagne sont :<\/p>\n<ul>\n<li>les <strong>randonn\u00e9es<\/strong> p\u00e9destres, en VTT ou \u00e0 cheval avec un guide ;<\/li>\n<li>les <strong>parcours accrobranches<\/strong> avec des points de vue \u00e0 couper le souffle au-dessus de cascades, de torrents, etc. ;<\/li>\n<li>des descentes de torrents ou de rivi\u00e8res en <strong>kayak <\/strong>ou en <strong>cano\u00eb<\/strong> ;<\/li>\n<li>l&rsquo;initiation au <strong>parapente<\/strong> ;<\/li>\n<li><strong>l\u2019escalade <\/strong>sur les parois rocheuses des montagnes ;<\/li>\n<li>etc.<\/li>\n<\/ul>\n<p>Pour profiter pleinement de vos vacances \u00e0 la montagne, privil\u00e9giez un terrain de camping proche d\u2019activit\u00e9s que vous souhaitez d\u00e9couvrir. La plupart des campings en montagne sont <strong>au c\u0153ur<\/strong> ou proche d\u2019un village, afin de vous permettre de <strong>b\u00e9n\u00e9ficier de toutes les commodit\u00e9s<\/strong> telles que la pharmacie, la sup\u00e9rette, le restaurant, etc. N\u2019h\u00e9sitez pas \u00e0 contacter l\u2019office de tourisme du village sur lequel se trouve le terrain de camping o\u00f9 vous souhaitez s\u00e9journer. L\u2019office de tourisme pourra vous pr\u00e9senter les diff\u00e9rentes activit\u00e9s que vous pouvez faire en montagne \u00e0 proximit\u00e9 du camping.<br \/>\nEn dehors des activit\u00e9s sportives propos\u00e9es par les diff\u00e9rents clubs et parcs proches du camping, renseignez-vous \u00e9galement sur les <strong>lieux naturels \u00e0 visiter<\/strong>. Un lac, une cascade ou bien encore une grotte sont des id\u00e9es de sorties qui plaisent autant aux adultes qu\u2019aux enfants. L\u2019avantage de passer ses vacances en montagne est de pouvoir<strong> programmer des sorties gratuites<\/strong> en allant d\u00e9couvrir des paysages \u00e9poustouflants en pleine nature. La localisation de votre camping autour de ces sites naturels privil\u00e9gi\u00e9s est \u00e9galement un crit\u00e8re \u00e0 prendre en consid\u00e9ration au moment d\u2019effectuer votre r\u00e9servation.<\/p>\n<h2 id=\"ancre2\">Choisir un camping \u00e0 la montagne en fonction des prestations propos\u00e9es<\/h2>\n<p>Choisir un camping en plein c\u0153ur d\u2019une cha\u00eene montagneuse proposant de multiples activit\u00e9s c\u2019est bien, mais choisir un camping qui propose \u00e9galement <strong>des prestations et des services de qualit\u00e9<\/strong> c\u2019est mieux. M\u00eame si vous n\u2019aurez pas forc\u00e9ment l\u2019occasion de passer plusieurs journ\u00e9es au terrain de camping, certaines prestations sont n\u00e9anmoins les bienvenues pour faire sa toilette ou se reposer paisiblement le soir venu.<br \/>\nAvant de faire votre choix concernant le camping o\u00f9 vous souhaitez poser votre tente ou stationner votre camping-car, pensez \u00e0 v\u00e9rifier que le camping propose :<\/p>\n<ul>\n<li>des <strong>blocs sanitaires<\/strong> (douche et w.c.) propres et bien entretenus,<\/li>\n<li>des <strong>emplacements suffisamment grands<\/strong> avec un raccordement \u00e0 l\u2019\u00e9lectricit\u00e9,<\/li>\n<li>une <strong>connexion Wifi<\/strong> au moins disponible dans les pi\u00e8ces de vie ouvertes aux campeurs,<\/li>\n<li>un <strong>espace de jeux<\/strong> pour divertir les enfants.<\/li>\n<\/ul>\n<p>Si vous n\u2019arrivez pas \u00e0 obtenir les informations d\u00e9sir\u00e9es en consultant le site internet du terrain de camping, vous pouvez appeler <strong>l\u2019office de tourisme pour demander des renseignements<\/strong> compl\u00e9mentaires sur l\u2019\u00e9tablissement. N\u2019h\u00e9sitez pas \u00e0 \u00e9galement consulter les avis publi\u00e9s sur les sites de voyage pr\u00e9sentant les diff\u00e9rents campings qui se trouvent dans la localisation d\u00e9sir\u00e9e.<br \/>\nLe <strong>nombre d\u2019\u00e9toiles<\/strong> accord\u00e9 \u00e0 un camping permet aussi de se faire une premi\u00e8re id\u00e9e du<strong> standing de l\u2019\u00e9tablissement<\/strong>. Le nombre d\u2019\u00e9toiles peut \u00e9galement influencer le prix de la location d\u2019un emplacement entre deux campings situ\u00e9s sur une m\u00eame commune. Il s\u2019agira donc de trouver un juste milieu entre les services propos\u00e9s par le camping et le prix de la location.<br \/>\nCertains campings proposent \u00e9galement une <strong>piscine<\/strong>, couverte ou non, qui est r\u00e9serv\u00e9e aux campeurs de l\u2019\u00e9tablissement. Si la piscine n\u2019est pas forc\u00e9ment une prestation n\u00e9cessaire lorsque vous pr\u00e9voyez de camper au bord de mer, elle peut \u00eatre n\u00e9anmoins plus attractive en \u00e9t\u00e9 en pleine montagne. En effet, il n\u2019est pas toujours facile de trouver un point d\u2019eau o\u00f9 <strong>se baigner en toute s\u00e9curit\u00e9<\/strong> avec des enfants. L\u2019eau des torrents et des rivi\u00e8res en montagne est souvent tr\u00e8s froide, m\u00eame en \u00e9t\u00e9. Certains lacs en montagne sont accessibles et permettent de s\u2019y baigner, mais il est d\u00e9conseill\u00e9 de se baigner dans un lac o\u00f9 l\u2019acc\u00e8s est difficile et l\u2019eau profonde. Un camping avec une piscine peut donc \u00eatre un choix \u00e0 privil\u00e9gier pour se baigner pendant les journ\u00e9es les plus chaudes.<\/p>\n<p><img decoding=\"async\" class=\"img-responsive\" src=\"https:\/\/www.campings.com\/fr\/content\/wp-content\/uploads\/2020\/02\/choisir-un-camping-a-la-montagne-2.jpg\" alt=\"Choisir un camping \u00e0 la montagne-2\" \/><\/p>\n<h2 id=\"ancre3\">Camping en altitude ou dans un village en fond de vall\u00e9e\u2009?<\/h2>\n<p>En montagne, les campings peuvent \u00eatre situ\u00e9s <strong>en altitude<\/strong> avec une vue panoramique sur toute la cha\u00eene montagneuse, ou alors dans un village <strong>en fond de vall\u00e9e<\/strong> \u00e0 proximit\u00e9 de tous les services.<br \/>\nCes deux types de localisation de campings en montagne ont chacune leurs avantages et leurs inconv\u00e9nients. Les avantages de choisir un <strong>camping en altitude<\/strong> sont :<\/p>\n<ul>\n<li>profiter d\u2019une <strong>superbe vue<\/strong> sur le massif montagneux ;<\/li>\n<li>\u00eatre <strong>au calme<\/strong> et d\u00e9connect\u00e9 de toutes les agitations de la vie quotidienne ;<\/li>\n<li>\u00eatre au plus pr\u00e8s des <strong>sentiers de randonn\u00e9es<\/strong> p\u00e9destres, \u00e9questres et des d\u00e9parts en parapente ;<\/li>\n<li>etc.<\/li>\n<\/ul>\n<p>Cependant, <a href=\"https:\/\/therapeutesmagazine.com\/les-bienfaits-des-vacances-a-la-montagne\/\">camper en altitude<\/a> signifie \u00e9galement se priver tr\u00e8s souvent d\u2019un bon r\u00e9seau 4G pour rester joignable. La plupart des terrains de camping proposent un <strong>r\u00e9seau Wifi<\/strong> aux campeurs pour compenser le manque de r\u00e9seau par la 4 G. Les prestations sur place sont \u00e9galement r\u00e9duites au minimum pour ne pas empi\u00e9ter outre mesure sur la nature. Les campings implant\u00e9s en altitude proposent rarement de piscine, mais sont tr\u00e8s souvent situ\u00e9s <strong>non loin d\u2019un lac <\/strong>o\u00f9 il est possible de se baigner. De nombreux campings proposent par ailleurs des emplacements et des mobil-homes \u00e0 la location comprenant une terrasse avec une vue imprenable sur le lac et les montagnes qui le bordent.<br \/>\nLes <strong>avantages <\/strong>de s\u00e9journer dans un <strong>camping situ\u00e9 dans un village <\/strong>en vall\u00e9e sont :<\/p>\n<ul>\n<li>l\u2019accessibilit\u00e9 \u00e0 <strong>tous les services<\/strong> que peut proposer un village (boulangerie, \u00e9picerie, pharmacie, etc.) ;<\/li>\n<li>des <strong>prestations suppl\u00e9mentaires<\/strong> (piscine, spa, hammam, etc.) ;<\/li>\n<li>la proximit\u00e9 de grands <strong>axes routiers<\/strong> pour d\u00e9couvrir d\u2019autres sites et activit\u00e9s proches du camping ;<\/li>\n<li>etc.<\/li>\n<\/ul>\n<p>Les campings en fond de vall\u00e9e dans un village sont donc \u00e0 privil\u00e9gier si vous souhaitez avoir acc\u00e8s \u00e0 toutes les commodit\u00e9s et activit\u00e9s de loisirs, notamment si vous partez <strong>en vacances en famille<\/strong> avec des enfants.<\/p>\n<h2 id=\"ancre4\">Comment trouver un camping pas cher en montagne\u2009?<\/h2>\n<p>Certains terrains de camping proposent des <strong>tarifs <\/strong>nettement plus \u00e9lev\u00e9s pour une location d\u2019un emplacement ou d\u2019un mobil-home. Le prix d\u2019un s\u00e9jour en camping est calcul\u00e9 \u00e0 partir de plusieurs facteurs qui sont :<\/p>\n<ul>\n<li>la <strong>localisation<\/strong> du terrain de camping ;<\/li>\n<li>les <strong>prestations <\/strong>propos\u00e9es sur place ;<\/li>\n<li>les <strong>lieux naturels<\/strong> \u00e0 proximit\u00e9 du camping ;<\/li>\n<li>la <strong>p\u00e9riode de r\u00e9servation<\/strong> de l\u2019emplacement.<\/li>\n<\/ul>\n<p>En r\u00e8gle g\u00e9n\u00e9rale, un s\u00e9jour avec location de mobil-home dans un camping dans les Alpes avec une vue imprenable sur le Mont-Blanc reviendra \u00e0 un prix plus \u00e9lev\u00e9 que si vous s\u00e9journiez dans un camping au milieu des Vosges, perdu au c\u0153ur des montagnes. Le principal attrait des campings en montagne est la vue panoramique qu\u2019ils offrent sur les plus beaux sommets. Pour des vacances au camping \u00e0 un <strong>prix attractif<\/strong>, n\u2019h\u00e9sitez pas \u00e0 d\u00e9couvrir d\u2019autres <strong>massifs montagneux moins connus<\/strong>, mais tout aussi beaux et bien desservis en activit\u00e9s.<br \/>\nLes prestations propos\u00e9es sur place sont \u00e9galement un facteur qui influence pour beaucoup le prix final de votre s\u00e9jour. Un camping avec un espace de loisirs digne d\u2019un parc aquatique proposera un prix \u00e0 la nuit plus \u00e9lev\u00e9 qu\u2019un camping standard ne proposant que le strict minimum en mati\u00e8re de services. Pour faire baisser le co\u00fbt de votre s\u00e9jour, privil\u00e9giez un camping qui ne poss\u00e8de pas de piscine ou de spa, mais qui se trouve \u00e0 proximit\u00e9 d\u2019un lac qui reste accessible au public. Vous pourrez ainsi profiter d\u2019un <strong>point d\u2019eau naturel<\/strong>, et moins on\u00e9reux que si le camping disposait d\u2019une piscine r\u00e9serv\u00e9e aux campeurs.<br \/>\nLa p\u00e9riode \u00e0 laquelle vous souhaitez r\u00e9server votre emplacement est l\u2019un des derniers crit\u00e8res qui feront fluctuer le prix de votre emplacement. Si vous souhaitez partir en vacances <strong>durant l\u2019\u00e9t\u00e9<\/strong> en haute saison, r\u00e9servez votre emplacement ou votre mobil-home au camping <strong>plusieurs mois avant<\/strong>, afin de profiter des meilleurs prix. Les <strong>r\u00e9servations \u00e0 la derni\u00e8re minute<\/strong> permettent \u00e9galement de b\u00e9n\u00e9ficier de <strong>belles r\u00e9ductions<\/strong>, mais vous ne serez pas \u00e0 l\u2019abri de ne plus avoir de place disponible aux dates o\u00f9 vous souhaitez partir en vacances.<\/p>\n<p><em>Nous vous recommandons ces autres pages :<\/em><\/p>\n<ul>\n<li><a href=\"https:\/\/www.campings.com\/fr\/content\/tout-savoir-sur-le-camping\/ou-partir-au-camping\/\">O\u00f9 partir au camping ? <\/a><\/li>\n<li><a href=\"https:\/\/www.campings.com\/fr\/content\/tout-savoir-sur-le-camping\/quels-sont-les-campings-acceptant-les-animaux\/\">Quels sont les campings acceptant les animaux ? <\/a><\/li>\n<li><a href=\"https:\/\/www.campings.com\/fr\/content\/tout-savoir-sur-le-camping\/choisir-un-camping-en-bord-de-mer-ou-avec-acces-direct-a-la-plage\/\">Choisir un camping en bord de mer ou avec acc\u00e8s direct \u00e0 la plage ? <\/a><\/li>\n<li><a href=\"https:\/\/www.campings.com\/fr\/content\/tout-savoir-sur-le-camping\/choisir-un-camping-avec-un-parc-aquatique\/\">Choisir un camping avec un parc aquatique<\/a><\/li>\n<li><a href=\"https:\/\/www.campings.com\/fr\/content\/tout-savoir-sur-le-camping\/choisir-un-camping-avec-une-piscine-couverte\/\">Choisir un camping avec une piscine couverte<\/a><\/li>\n<li><a href=\"https:\/\/www.campings.com\/fr\/content\/tout-savoir-sur-le-camping\/choisir-un-camping-de-luxe-5-etoiles\/\">Choisir un camping de luxe 5 \u00e9toiles<\/a><\/li>\n<li><a href=\"https:\/\/www.campings.com\/fr\/content\/tout-savoir-sur-le-camping\/choisir-un-camping-avec-un-club-enfants\/\">Choisir un camping avec un club enfants<\/a><\/li>\n<li><a href=\"https:\/\/www.campings.com\/fr\/content\/tout-savoir-sur-le-camping\/quels-campings-plus-originaux-france\/\">Quels sont les campings les plus originaux en France ?<\/a><\/li>\n<li><a href=\"https:\/\/www.campings.com\/fr\/content\/tout-savoir-sur-le-camping\/choisir-plus-grands-campings-france\/\">Choisir un des plus grands campings de France<\/a><\/li>\n<\/ul>\n","protected":false},"excerpt":{"rendered":"<p>Mini sommaire Choisir un camping \u00e0 la montagne en fonction des activit\u00e9s propos\u00e9es Choisir un camping \u00e0 la montagne en fonction des prestations propos\u00e9es Camping en altitude ou dans un village en fond de vall\u00e9e\u2009? Comment trouver un camping pas cher en montagne\u2009? Choisir un camping \u00e0 la montagne permet de se reconnecter avec la [&hellip;]<\/p>\n","protected":false},"author":2,"featured_media":0,"parent":0,"menu_order":0,"comment_status":"closed","ping_status":"closed","template":"template-twocolumns.php","meta":{"_acf_changed":false,"footnotes":""},"class_list":["post-1572","page","type-page","status-publish","hentry"],"acf":[],"yoast_head":"<!-- This site is optimized with the Yoast SEO plugin v27.1.1 - https:\/\/yoast.com\/product\/yoast-seo-wordpress\/ -->\n<title>Choisir un camping \u00e0 la montagne<\/title>\n<meta name=\"description\" content=\"Choisir un camping \u00e0 la montagne permet de profiter de la nature pour des vacances reposantes. Conseils et astuces pour camper \u00e0 la montagne\u2026\" \/>\n<meta name=\"robots\" content=\"index, follow, max-snippet:-1, max-image-preview:large, max-video-preview:-1\" \/>\n<link rel=\"canonical\" href=\"https:\/\/www.campings.com\/fr\/content\/choisir-un-camping-a-la-montagne\/\" \/>\n<meta property=\"og:locale\" content=\"fr_FR\" \/>\n<meta property=\"og:type\" content=\"article\" \/>\n<meta property=\"og:title\" content=\"Choisir un camping \u00e0 la montagne\" \/>\n<meta property=\"og:description\" content=\"Choisir un camping \u00e0 la montagne permet de profiter de la nature pour des vacances reposantes. Conseils et astuces pour camper \u00e0 la montagne\u2026\" \/>\n<meta property=\"og:url\" content=\"https:\/\/www.campings.com\/fr\/content\/choisir-un-camping-a-la-montagne\/\" \/>\n<meta property=\"article:modified_time\" content=\"2021-01-31T22:37:36+00:00\" \/>\n<meta property=\"og:image\" content=\"https:\/\/www.campings.com\/fr\/content\/wp-content\/uploads\/2020\/02\/choisir-un-camping-a-la-montagne-1.jpg\" \/>\n<meta name=\"twitter:card\" content=\"summary_large_image\" \/>\n<meta name=\"twitter:label1\" content=\"Dur\u00e9e de lecture estim\u00e9e\" \/>\n\t<meta name=\"twitter:data1\" content=\"9 minutes\" \/>\n<script type=\"application\/ld+json\" class=\"yoast-schema-graph\">{\"@context\":\"https:\/\/schema.org\",\"@graph\":[{\"@type\":\"WebPage\",\"@id\":\"https:\/\/www.campings.com\/fr\/content\/choisir-un-camping-a-la-montagne\/\",\"url\":\"https:\/\/www.campings.com\/fr\/content\/choisir-un-camping-a-la-montagne\/\",\"name\":\"Choisir un camping \u00e0 la montagne\",\"isPartOf\":{\"@id\":\"https:\/\/www.campings.com\/fr\/content\/#website\"},\"primaryImageOfPage\":{\"@id\":\"https:\/\/www.campings.com\/fr\/content\/choisir-un-camping-a-la-montagne\/#primaryimage\"},\"image\":{\"@id\":\"https:\/\/www.campings.com\/fr\/content\/choisir-un-camping-a-la-montagne\/#primaryimage\"},\"thumbnailUrl\":\"https:\/\/www.campings.com\/fr\/content\/wp-content\/uploads\/2020\/02\/choisir-un-camping-a-la-montagne-1.jpg\",\"datePublished\":\"2020-02-26T09:41:30+00:00\",\"dateModified\":\"2021-01-31T22:37:36+00:00\",\"description\":\"Choisir un camping \u00e0 la montagne permet de profiter de la nature pour des vacances reposantes. Conseils et astuces pour camper \u00e0 la montagne\u2026\",\"breadcrumb\":{\"@id\":\"https:\/\/www.campings.com\/fr\/content\/choisir-un-camping-a-la-montagne\/#breadcrumb\"},\"inLanguage\":\"fr-FR\",\"potentialAction\":[{\"@type\":\"ReadAction\",\"target\":[\"https:\/\/www.campings.com\/fr\/content\/choisir-un-camping-a-la-montagne\/\"]}]},{\"@type\":\"ImageObject\",\"inLanguage\":\"fr-FR\",\"@id\":\"https:\/\/www.campings.com\/fr\/content\/choisir-un-camping-a-la-montagne\/#primaryimage\",\"url\":\"https:\/\/www.campings.com\/fr\/content\/wp-content\/uploads\/2020\/02\/choisir-un-camping-a-la-montagne-1.jpg\",\"contentUrl\":\"https:\/\/www.campings.com\/fr\/content\/wp-content\/uploads\/2020\/02\/choisir-un-camping-a-la-montagne-1.jpg\",\"width\":1000,\"height\":667},{\"@type\":\"BreadcrumbList\",\"@id\":\"https:\/\/www.campings.com\/fr\/content\/choisir-un-camping-a-la-montagne\/#breadcrumb\",\"itemListElement\":[{\"@type\":\"ListItem\",\"position\":1,\"name\":\"Home\",\"item\":\"https:\/\/www.campings.com\/fr\/content\/\"},{\"@type\":\"ListItem\",\"position\":2,\"name\":\"Choisir un camping \u00e0 la montagne pour les vacances\"}]},{\"@type\":\"WebSite\",\"@id\":\"https:\/\/www.campings.com\/fr\/content\/#website\",\"url\":\"https:\/\/www.campings.com\/fr\/content\/\",\"name\":\"\",\"description\":\"\",\"publisher\":{\"@id\":\"https:\/\/www.campings.com\/fr\/content\/#organization\"},\"potentialAction\":[{\"@type\":\"SearchAction\",\"target\":{\"@type\":\"EntryPoint\",\"urlTemplate\":\"https:\/\/www.campings.com\/fr\/content\/?s={search_term_string}\"},\"query-input\":{\"@type\":\"PropertyValueSpecification\",\"valueRequired\":true,\"valueName\":\"search_term_string\"}}],\"inLanguage\":\"fr-FR\"},{\"@type\":\"Organization\",\"@id\":\"https:\/\/www.campings.com\/fr\/content\/#organization\",\"name\":\"CAMPINGS.COM\",\"url\":\"https:\/\/www.campings.com\/fr\/content\/\",\"logo\":{\"@type\":\"ImageObject\",\"inLanguage\":\"fr-FR\",\"@id\":\"https:\/\/www.campings.com\/fr\/content\/#\/schema\/logo\/image\/\",\"url\":\"https:\/\/www.campings.com\/fr\/content\/wp-content\/uploads\/2019\/01\/cropped-logo-1.png\",\"contentUrl\":\"https:\/\/www.campings.com\/fr\/content\/wp-content\/uploads\/2019\/01\/cropped-logo-1.png\",\"width\":174,\"height\":42,\"caption\":\"CAMPINGS.COM\"},\"image\":{\"@id\":\"https:\/\/www.campings.com\/fr\/content\/#\/schema\/logo\/image\/\"}}]}<\/script>\n<!-- \/ Yoast SEO plugin. -->","yoast_head_json":{"title":"Choisir un camping \u00e0 la montagne","description":"Choisir un camping \u00e0 la montagne permet de profiter de la nature pour des vacances reposantes. Conseils et astuces pour camper \u00e0 la montagne\u2026","robots":{"index":"index","follow":"follow","max-snippet":"max-snippet:-1","max-image-preview":"max-image-preview:large","max-video-preview":"max-video-preview:-1"},"canonical":"https:\/\/www.campings.com\/fr\/content\/choisir-un-camping-a-la-montagne\/","og_locale":"fr_FR","og_type":"article","og_title":"Choisir un camping \u00e0 la montagne","og_description":"Choisir un camping \u00e0 la montagne permet de profiter de la nature pour des vacances reposantes. Conseils et astuces pour camper \u00e0 la montagne\u2026","og_url":"https:\/\/www.campings.com\/fr\/content\/choisir-un-camping-a-la-montagne\/","article_modified_time":"2021-01-31T22:37:36+00:00","og_image":[{"url":"https:\/\/www.campings.com\/fr\/content\/wp-content\/uploads\/2020\/02\/choisir-un-camping-a-la-montagne-1.jpg","type":"","width":"","height":""}],"twitter_card":"summary_large_image","twitter_misc":{"Dur\u00e9e de lecture estim\u00e9e":"9 minutes"},"schema":{"@context":"https:\/\/schema.org","@graph":[{"@type":"WebPage","@id":"https:\/\/www.campings.com\/fr\/content\/choisir-un-camping-a-la-montagne\/","url":"https:\/\/www.campings.com\/fr\/content\/choisir-un-camping-a-la-montagne\/","name":"Choisir un camping \u00e0 la montagne","isPartOf":{"@id":"https:\/\/www.campings.com\/fr\/content\/#website"},"primaryImageOfPage":{"@id":"https:\/\/www.campings.com\/fr\/content\/choisir-un-camping-a-la-montagne\/#primaryimage"},"image":{"@id":"https:\/\/www.campings.com\/fr\/content\/choisir-un-camping-a-la-montagne\/#primaryimage"},"thumbnailUrl":"https:\/\/www.campings.com\/fr\/content\/wp-content\/uploads\/2020\/02\/choisir-un-camping-a-la-montagne-1.jpg","datePublished":"2020-02-26T09:41:30+00:00","dateModified":"2021-01-31T22:37:36+00:00","description":"Choisir un camping \u00e0 la montagne permet de profiter de la nature pour des vacances reposantes. Conseils et astuces pour camper \u00e0 la montagne\u2026","breadcrumb":{"@id":"https:\/\/www.campings.com\/fr\/content\/choisir-un-camping-a-la-montagne\/#breadcrumb"},"inLanguage":"fr-FR","potentialAction":[{"@type":"ReadAction","target":["https:\/\/www.campings.com\/fr\/content\/choisir-un-camping-a-la-montagne\/"]}]},{"@type":"ImageObject","inLanguage":"fr-FR","@id":"https:\/\/www.campings.com\/fr\/content\/choisir-un-camping-a-la-montagne\/#primaryimage","url":"https:\/\/www.campings.com\/fr\/content\/wp-content\/uploads\/2020\/02\/choisir-un-camping-a-la-montagne-1.jpg","contentUrl":"https:\/\/www.campings.com\/fr\/content\/wp-content\/uploads\/2020\/02\/choisir-un-camping-a-la-montagne-1.jpg","width":1000,"height":667},{"@type":"BreadcrumbList","@id":"https:\/\/www.campings.com\/fr\/content\/choisir-un-camping-a-la-montagne\/#breadcrumb","itemListElement":[{"@type":"ListItem","position":1,"name":"Home","item":"https:\/\/www.campings.com\/fr\/content\/"},{"@type":"ListItem","position":2,"name":"Choisir un camping \u00e0 la montagne pour les vacances"}]},{"@type":"WebSite","@id":"https:\/\/www.campings.com\/fr\/content\/#website","url":"https:\/\/www.campings.com\/fr\/content\/","name":"","description":"","publisher":{"@id":"https:\/\/www.campings.com\/fr\/content\/#organization"},"potentialAction":[{"@type":"SearchAction","target":{"@type":"EntryPoint","urlTemplate":"https:\/\/www.campings.com\/fr\/content\/?s={search_term_string}"},"query-input":{"@type":"PropertyValueSpecification","valueRequired":true,"valueName":"search_term_string"}}],"inLanguage":"fr-FR"},{"@type":"Organization","@id":"https:\/\/www.campings.com\/fr\/content\/#organization","name":"CAMPINGS.COM","url":"https:\/\/www.campings.com\/fr\/content\/","logo":{"@type":"ImageObject","inLanguage":"fr-FR","@id":"https:\/\/www.campings.com\/fr\/content\/#\/schema\/logo\/image\/","url":"https:\/\/www.campings.com\/fr\/content\/wp-content\/uploads\/2019\/01\/cropped-logo-1.png","contentUrl":"https:\/\/www.campings.com\/fr\/content\/wp-content\/uploads\/2019\/01\/cropped-logo-1.png","width":174,"height":42,"caption":"CAMPINGS.COM"},"image":{"@id":"https:\/\/www.campings.com\/fr\/content\/#\/schema\/logo\/image\/"}}]}},"_links":{"self":[{"href":"https:\/\/www.campings.com\/fr\/content\/wp-json\/wp\/v2\/pages\/1572","targetHints":{"allow":["GET"]}}],"collection":[{"href":"https:\/\/www.campings.com\/fr\/content\/wp-json\/wp\/v2\/pages"}],"about":[{"href":"https:\/\/www.campings.com\/fr\/content\/wp-json\/wp\/v2\/types\/page"}],"author":[{"embeddable":true,"href":"https:\/\/www.campings.com\/fr\/content\/wp-json\/wp\/v2\/users\/2"}],"replies":[{"embeddable":true,"href":"https:\/\/www.campings.com\/fr\/content\/wp-json\/wp\/v2\/comments?post=1572"}],"version-history":[{"count":3,"href":"https:\/\/www.campings.com\/fr\/content\/wp-json\/wp\/v2\/pages\/1572\/revisions"}],"predecessor-version":[{"id":2170,"href":"https:\/\/www.campings.com\/fr\/content\/wp-json\/wp\/v2\/pages\/1572\/revisions\/2170"}],"wp:attachment":[{"href":"https:\/\/www.campings.com\/fr\/content\/wp-json\/wp\/v2\/media?parent=1572"}],"curies":[{"name":"wp","href":"https:\/\/api.w.org\/{rel}","templated":true}]}}