{"id":1570,"date":"2020-02-26T09:40:34","date_gmt":"2020-02-26T09:40:34","guid":{"rendered":"https:\/\/www.campings.com\/fr\/content\/?page_id=1570"},"modified":"2021-01-31T22:37:45","modified_gmt":"2021-01-31T22:37:45","slug":"choisir-un-camping-avec-un-club-enfants","status":"publish","type":"page","link":"https:\/\/www.campings.com\/fr\/content\/choisir-un-camping-avec-un-club-enfants\/","title":{"rendered":"Les avantages d\u2019un camping avec un club enfants"},"content":{"rendered":"<p><strong>Mini sommaire<\/strong><\/p>\n<ol>\n<li><a href=\"#ancre1\">La diversit\u00e9 des activit\u00e9s des clubs enfants du camping<\/a><\/li>\n<li><a href=\"#ancre2\">Les clubs enfants, ou comment se faire des copains au camping<\/a><\/li>\n<li><a href=\"#ancre3\">Des clubs et des activit\u00e9s pour tous les \u00e2ges<\/a><\/li>\n<li><a href=\"#ancre4\">Les animations gratuites des clubs enfants au camping<\/a><\/li>\n<li><a href=\"#ancre5\">Des clubs enfants anim\u00e9s par une \u00e9quipe de professionnels<\/a><\/li>\n<li><a href=\"#ancre6\">Des clubs enfants partout en France et \u00e0 l\u2019\u00e9tranger<\/a><\/li>\n<\/ol>\n<p>Partir en vacances en famille, c\u2019est l\u2019occasion de d\u00e9compresser, de partager des moments ensemble et de vivre de nouvelles exp\u00e9riences. C\u2019est ce qu\u2019offrent <strong>les clubs enfants au camping<\/strong> pour permettre aux plus jeunes de d\u00e9couvrir de nouveaux horizons. Activit\u00e9s sportives, culturelles ou musicales, le programme est riche et vari\u00e9. Alors, si vous ne savez pas encore <a href=\"https:\/\/www.campings.com\/fr\/content\/tout-savoir-sur-le-camping\/quel-camping-choisir\/\">quel camping choisir <\/a>pour votre s\u00e9jour cette ann\u00e9e, ceux disposant d\u2019un club pour occuper les enfants et les pr\u00e9server de l\u2019ennui (et vous de leur mauvaise humeur) devraient attirer votre attention.<\/p>\n<p><img decoding=\"async\" class=\"img-responsive\" src=\"https:\/\/www.campings.com\/fr\/content\/wp-content\/uploads\/2020\/02\/choisir-un-camping-avec-un-club-enfants-1.jpg\" alt=\"Choisir un camping avec un club enfants-1\" \/><\/p>\n<h2 id=\"ancre1\">La diversit\u00e9 des activit\u00e9s des clubs enfants du camping<\/h2>\n<p>Passer des vacances en famille, c\u2019est <strong>trouver un juste compromis entre la d\u00e9tente et les activit\u00e9s<\/strong>. Les plus jeunes ont rapidement tendance \u00e0 s\u2019ennuyer et demandent beaucoup d\u2019imagination pour les occuper. Plein d\u2019\u00e9nergie, ils ont besoin de se d\u00e9fouler, plut\u00f4t que de rester enfermer dans un bungalow \u00e0 attendre le bon vouloir des adultes pour jouer avec eux.<br \/>\nAussi, l\u2019existence d\u2019un club enfant dans votre camping est une option appr\u00e9ci\u00e9e des parents. Il permet aux enfants de trouver des activit\u00e9s \u00e0 leur go\u00fbt, de se d\u00e9penser et de jouer pendant que les parents peuvent prendre du temps pour eux sans culpabiliser. Surtout, ils offrent <strong>des animations ou des activit\u00e9s \u00e0 l\u2019int\u00e9rieur les jours de pluie<\/strong>.<br \/>\nParmi les avantages du club enfant, la diversit\u00e9 des animations propos\u00e9es est \u00e0 saluer. On trouve par exemple, au programme des vacances :<\/p>\n<ul>\n<li>des activit\u00e9s sportives autour des infrastructures d\u00e9di\u00e9es du camping, des jeux d\u2019eau dans le parc aquatique, etc. ;<\/li>\n<li>des activit\u00e9s musicales : chansons, danses, pratiques d\u2019un instrument, veill\u00e9es, etc. ;<\/li>\n<li>des activit\u00e9s artistiques et manuelles : bricolages, dessins, sculptures, loisirs cr\u00e9atifs, etc. ;<\/li>\n<li>des excursions : balades dans la nature, sorties pr\u00e8s du lac, dans les bois, etc.<\/li>\n<\/ul>\n<p>Vos enfants ne sont plus cantonn\u00e9s aux seules joies de la piscine ou de la plage, des activit\u00e9s qui peuvent rapidement lasser \u00e0 force d\u2019\u00eatre souvent r\u00e9p\u00e9t\u00e9es. Au club, ils peuvent s\u2019int\u00e9resser \u00e0 tout, <strong>d\u00e9couvrir de nouvelles disciplines<\/strong> et de nouveaux jeux. L\u2019emploi du temps des vacances s\u2019agr\u00e9mente d\u2019occupations in\u00e9dites tout en pr\u00e9servant vos moments en famille.<br \/>\nEt puis, certaines activit\u00e9s donnent lieu \u00e0 des <strong>spectacles de fin de s\u00e9jour<\/strong>. Les enfants s\u2019investissent dans un projet et sont fiers de vous r\u00e9v\u00e9ler le r\u00e9sultat des heures pass\u00e9es au club du camping. Cela peut \u00eatre une repr\u00e9sentation, mais aussi un souvenir de vacances \u00e0 rapporter \u00e0 la maison ou de nouveaux amis trouv\u00e9s pendant ces nouvelles activit\u00e9s.<\/p>\n<h2 id=\"ancre2\">Les clubs enfants, ou comment se faire des copains au camping<\/h2>\n<p>Si vous passez un s\u00e9jour au camping, c\u2019est que vous appr\u00e9ciez <strong>l\u2019ambiance et la convivialit\u00e9<\/strong> de ce type de vacances. Pour les enfants, la d\u00e9couverte de cette philosophie commence d\u00e8s le plus jeune \u00e2ge, au club.<strong> Lieu de rencontres, d\u2019\u00e9changes et de partages<\/strong>, ces groupes sont l\u2019occasion de se faire de nouveaux copains. Et ce n&rsquo;est pas tout ! Une <a href=\"https:\/\/www.plymouth.ac.uk\/news\/study-links-camping-and-happier-children\">\u00e9tude anglaise<\/a> d\u00e9montre que le camping rend les enfants plus heureux !<br \/>\nAu camping, pas question de rester seuls ! Les enfants aiment se retrouver ensemble pour jouer \u00e0 la piscine, faire du v\u00e9lo dans les all\u00e9es, partager une partie de p\u00e9tanque, voire parfois une veill\u00e9e, jusqu\u2019\u00e0 la soir\u00e9e pyjama. Et quel meilleur endroit pour rencontrer du monde que les clubs enfants ? <strong>Esprit d\u2019\u00e9quipe, coh\u00e9sion, collaboration<\/strong>, les animateurs transmettent ces valeurs au cours de leurs activit\u00e9s propos\u00e9es.<br \/>\nUn peu comme \u00e0 l\u2019\u00e9cole ou au centre de loisirs dans l\u2019ann\u00e9e, les enfants appr\u00e9cient la compagnie de copains de leur \u00e2ge pour passer du temps ensemble. Encore plus quand tout a lieu en vacances, sans trop de contraintes. Et la s\u00e9curit\u00e9 du camping offre un petit sentiment de libert\u00e9. \u00c0 eux le grand espace du camping, le domaine est leur nouveau terrain de jeu !<br \/>\nAux parents ensuite de prendre le relais de ces nouvelles amiti\u00e9s et d\u2019organiser un ap\u00e9ritifsur la terrasse du mobil-home pour rencontrer les parents et se faire \u00e0 leur tour, de nouvelles connaissances.<\/p>\n<h2 id=\"ancre3\">Des clubs et des activit\u00e9s pour tous les \u00e2ges<\/h2>\n<p>Dans les campings, les clubs enfants s\u2019organisent<strong> autour de diff\u00e9rentes tranches d\u2019\u00e2ge<\/strong>. Avant de r\u00e9server votre s\u00e9jour, v\u00e9rifiez bien que votre enfant sera accueilli dans un groupe. Certains n\u2019acceptent pas les tout-petits quand ce sont les ados qui ne sont pas concern\u00e9s. Bien s\u00fbr, l\u2019id\u00e9al est d\u2019avoir un club pour chaque enfant de votre tribu !<br \/>\nSous des d\u00e9nominations diff\u00e9rentes, les \u00ab baby club \u00bb, club enfant et club ado, ne sont pas propos\u00e9s de la m\u00eame fa\u00e7on selon les campings, mais l\u2019id\u00e9e reste commune : <strong>\u00e0 chaque \u00e2ge, des activit\u00e9s adapt\u00e9es<\/strong>. Pas question de m\u00e9langer tout ce petit monde autour d\u2019animations inadapt\u00e9es pour les uns et ennuyeuses pour les autres.<br \/>\nNotez que si vous n\u2019aviez pas dans l\u2019id\u00e9e d\u2019inscrire votre adolescent (\u00e0 partir de 12 ans dans la majorit\u00e9 des campings), l\u2019image de cet enfant scotch\u00e9 \u00e0 son t\u00e9l\u00e9phone connect\u00e9 au wifi du camping toute la semaine n\u2019est pas des plus r\u00e9jouissantes. Le <strong>club ado<\/strong> a le m\u00e9rite de proposer des activit\u00e9s pour les plus grands, des tournois sportifs, des animations musicales ou de danses qui susciteront plus d\u2019enthousiasme, surtout quand ils auront fait la connaissance d\u2019un ou deux autres ados.<\/p>\n<h2 id=\"ancre4\">Les animations gratuites des clubs enfants au camping<\/h2>\n<p><strong>Les animations propos\u00e9es au sein des clubs enfants sont gratuites<\/strong> puisqu\u2019incluses dans le prix de votre s\u00e9jour. Vous n\u2019avez donc rien \u00e0 d\u00e9bourser de plus une fois sur place. Ces demi-journ\u00e9es ou journ\u00e9es enti\u00e8res d\u2019activit\u00e9s, selon les cas, ne sont donc pas \u00e0 pr\u00e9voir en suppl\u00e9ment dans votre budget vacances. Vous pourrez vous octroyer quelques plaisirs, comme des sorties \u00e0 l\u2019ext\u00e9rieur (aquarium, parcs animaliers, restaurants, etc.) \u00e0 faire cette fois en famille. Vos enfants sont pris en charge par l\u2019\u00e9quipe d\u2019animateurs du camping, s\u2019amusent dans leurs clubs respectifs et peuvent aussi b\u00e9n\u00e9ficier de moments en votre compagnie.<br \/>\nEn revanche, certaines sorties ou activit\u00e9s \u00e0 l\u2019ext\u00e9rieur peuvent \u00eatre payantes. C\u2019est le cas notamment <strong>des activit\u00e9s nautiques<\/strong> si le camping se situe \u00e0 c\u00f4t\u00e9 d\u2019un club, ou d\u2019activit\u00e9s de parapente si vous \u00eates en montagne. De m\u00eame, les stages \u00e9questres, s\u2019il existe un centre \u00e0 proximit\u00e9, sont eux aussi \u00e0 votre charge. Les \u00e9quipes du camping peuvent vous les proposer en plus des animations qu\u2019ils dispensent. Libre \u00e0 vous, une fois sur place, de laisser votre enfant y participer ou non.<br \/>\nL\u2019autre pr\u00e9cision int\u00e9ressante \u00e0 apporter concerne <strong>l\u2019organisation de cours ou de stages<\/strong> dispens\u00e9s \u00e0 l\u2019int\u00e9rieur m\u00eame du camping durant votre semaine de vacances. Par exemple, un ma\u00eetre-nageur peut proposer des le\u00e7ons de natation. En arrivant au camping, il est pr\u00e9f\u00e9rable de r\u00e9server la place de votre enfant et de ne pas attendre le dernier moment. Les groupes sont en g\u00e9n\u00e9ral plus petits et les places sont limit\u00e9es.<br \/>\nDans tous les cas, n\u2019h\u00e9sitez pas \u00e0 vous tourner vers les animateurs \u00e0 votre arriv\u00e9e. Ils vous \u00e9nonceront le programme des festivit\u00e9s durant votre s\u00e9jour en plus de faire connaissance avec vos enfants et vous.<\/p>\n<p><img decoding=\"async\" class=\"img-responsive\" src=\"https:\/\/www.campings.com\/fr\/content\/wp-content\/uploads\/2020\/02\/choisir-un-camping-avec-un-club-enfants-2.jpg\" alt=\"Choisir un camping avec un club enfants-2\" \/><\/p>\n<h2 id=\"ancre5\">Des clubs enfants anim\u00e9s par une \u00e9quipe de professionnels<\/h2>\n<p>Les animateurs des clubs pour enfants sont des <a href=\"https:\/\/www.cidj.com\/metiers\/animateur-animatrice-de-club-de-vacances\">animateurs professionnels<\/a>, disposant ou non d\u2019une premi\u00e8re exp\u00e9rience dans l\u2019animation. Ils poss\u00e8dent certains dipl\u00f4mes conseill\u00e9s pour animer des groupes tels que :<\/p>\n<ul>\n<li>le Bafa : brevet d\u2019aptitude aux fonctions d\u2019animateurs ;<\/li>\n<li>le BNS : brevet national de secourisme ;<\/li>\n<li>le Bees : brevet d\u2019\u00e9tat d\u2019\u00e9ducateur sportif.<\/li>\n<\/ul>\n<p>Si tous ces brevets ne sont pas obligatoires, l\u2019int\u00e9gration des animateurs dans l\u2019\u00e9quipe se fait de mani\u00e8re professionnelle. Ces animateurs ont donc les capacit\u00e9s de prendre en charge les enfants, trouver et organiser des animations, mais aussi intervenir en cas de probl\u00e8me.<br \/>\nIl est important pour les parents d\u2019avoir une totale confiance dans l\u2019\u00e9quipe qui encadre les plus jeunes. Les campings l\u2019ont bien compris et ont \u00e0 c\u0153ur d\u2019\u00eatre infaillible dans l\u2019accueil des plus jeunes. Un probl\u00e8me, un accident, pourrait avoir des cons\u00e9quences dramatiques. Aussi, la <strong>qualit\u00e9 de l\u2019encadrement est un point essentiel<\/strong> pour garantir non seulement la s\u00e9curit\u00e9 du village d\u2019enfants, mais aussi le niveau des animations dispens\u00e9es.<br \/>\nLa moindre inqui\u00e9tude peut nuire \u00e0 la d\u00e9tente des vacances et le plaisir de laisser les enfants n\u2019y est plus. Des parents insatisfaits sont des clients qui ne reviennent plus !<br \/>\nAvant de r\u00e9server votre s\u00e9jour, <strong>n\u2019h\u00e9sitez pas \u00e0 consulter les avis clients<\/strong>. Ce sont les exp\u00e9riences des parents qui vous \u00e9claireront le plus quant \u00e0 la qualit\u00e9 des activit\u00e9s propos\u00e9es aux plus jeunes.<\/p>\n<h2 id=\"ancre6\">Des clubs enfants partout en France et \u00e0 l\u2019\u00e9tranger<\/h2>\n<p>De plus en plus de campings font le choix du club enfant pour<strong> agr\u00e9menter le s\u00e9jour des plus jeunes et de leurs parents<\/strong>. Si vous avez une r\u00e9gion de pr\u00e9dilection pour partir en vacances, comme la Provence, la Bretagne, \u00e0 la montagne dans les Alpes ou encore la Vend\u00e9e, vous aurez l\u2019embarras du choix. Si vous pr\u00e9f\u00e9rez d\u00e9couvrir de nouveaux horizons, au-del\u00e0 des fronti\u00e8res de l\u2019hexagone, ces clubs enfants, ou village d\u2019enfants selon les lieux, sont organis\u00e9s dans de nombreux pays. L\u2019esprit camping tournant autour de l\u2019amusement et de la convivialit\u00e9 est un principe partag\u00e9 par tous les campeurs.<br \/>\n<strong>Faire le choix d\u2019un camping avec un club enfant, c\u2019est opter \u00e9galement pour le confort<\/strong>. Les infrastructures sont g\u00e9n\u00e9ralement soign\u00e9es pour les accueillir. Vous b\u00e9n\u00e9ficiez donc d\u2019un camping privil\u00e9gi\u00e9 qui a non seulement envie de faire plaisir \u00e0 vos enfants, mais \u00e9galement \u00e0 vous par la m\u00eame occasion. Parc aquatique, espace d\u00e9tente pour les parents, ces campings fr\u00f4lent le paradis sur terre. Et si en plus vous avez le choix de l\u2019emplacement de votre mobil-home, le s\u00e9jour s\u2019annonce parfait !<br \/>\nCamping trois \u00e0 cinq \u00e9toiles, les services propos\u00e9s par l\u2019\u00e9tablissement sont aussi l\u00e0 pour offrir \u00e0 toute la famille des prestations de qualit\u00e9, tant sur les activit\u00e9s que sur les h\u00e9bergements. Chercher un club enfant et trouver le camping qui r\u00e9pond \u00e0 vos crit\u00e8res, c\u2019est vous assurer de jolies vacances en famille.<\/p>\n<p><em>Nous vous recommandons ces autres pages :<\/em><\/p>\n<ul>\n<li><a href=\"https:\/\/www.campings.com\/fr\/content\/tout-savoir-sur-le-camping\/ou-partir-au-camping\/\">O\u00f9 partir au camping ? <\/a><\/li>\n<li><a href=\"https:\/\/www.campings.com\/fr\/content\/tout-savoir-sur-le-camping\/quels-sont-les-campings-acceptant-les-animaux\/\">Quels sont les campings acceptant les animaux ? <\/a><\/li>\n<li><a href=\"https:\/\/www.campings.com\/fr\/content\/tout-savoir-sur-le-camping\/choisir-un-camping-en-bord-de-mer-ou-avec-acces-direct-a-la-plage\/\">Choisir un camping en bord de mer ou avec un acc\u00e8s direct \u00e0 la plage<\/a><\/li>\n<li><a href=\"https:\/\/www.campings.com\/fr\/content\/tout-savoir-sur-le-camping\/choisir-un-camping-avec-un-parc-aquatique\/\">Choisir un camping avec un parc aquatique<\/a><\/li>\n<li><a href=\"https:\/\/www.campings.com\/fr\/content\/tout-savoir-sur-le-camping\/choisir-un-camping-avec-une-piscine-couverte\/\">Choisir un camping avec une piscine couverte<\/a><\/li>\n<li><a href=\"https:\/\/www.campings.com\/fr\/content\/tout-savoir-sur-le-camping\/choisir-un-camping-de-luxe-5-etoiles\/\">Choisir un camping de luxe 5 \u00e9toiles<\/a><\/li>\n<li><a href=\"https:\/\/www.campings.com\/fr\/content\/tout-savoir-sur-le-camping\/choisir-un-camping-a-la-montagne\/\">Choisir un camping \u00e0 la montagne<\/a><\/li>\n<li><a href=\"https:\/\/www.campings.com\/fr\/content\/tout-savoir-sur-le-camping\/quels-campings-plus-originaux-france\/\">Quels sont les campings les plus originaux en France ?<\/a><\/li>\n<li><a href=\"https:\/\/www.campings.com\/fr\/content\/tout-savoir-sur-le-camping\/choisir-plus-grands-campings-france\/\">Choisir un des plus grands campings de France<\/a><\/li>\n<\/ul>\n","protected":false},"excerpt":{"rendered":"<p>Mini sommaire La diversit\u00e9 des activit\u00e9s des clubs enfants du camping Les clubs enfants, ou comment se faire des copains au camping Des clubs et des activit\u00e9s pour tous les \u00e2ges Les animations gratuites des clubs enfants au camping Des clubs enfants anim\u00e9s par une \u00e9quipe de professionnels Des clubs enfants partout en France et [&hellip;]<\/p>\n","protected":false},"author":2,"featured_media":0,"parent":0,"menu_order":0,"comment_status":"closed","ping_status":"closed","template":"template-twocolumns.php","meta":{"_acf_changed":false,"footnotes":""},"class_list":["post-1570","page","type-page","status-publish","hentry"],"acf":[],"yoast_head":"<!-- This site is optimized with the Yoast SEO plugin v27.1.1 - https:\/\/yoast.com\/product\/yoast-seo-wordpress\/ -->\n<title>Choisir un camping avec un club enfants<\/title>\n<meta name=\"description\" content=\"Choisir un camping avec un club enfants, c\u2019est s\u2019assurer de proposer aux plus jeunes des activit\u00e9s vari\u00e9es pendant les vacances. Fini l\u2019ennui !\" \/>\n<meta name=\"robots\" content=\"index, follow, max-snippet:-1, max-image-preview:large, max-video-preview:-1\" \/>\n<link rel=\"canonical\" href=\"https:\/\/www.campings.com\/fr\/content\/choisir-un-camping-avec-un-club-enfants\/\" \/>\n<meta property=\"og:locale\" content=\"fr_FR\" \/>\n<meta property=\"og:type\" content=\"article\" \/>\n<meta property=\"og:title\" content=\"Choisir un camping avec un club enfants\" \/>\n<meta property=\"og:description\" content=\"Choisir un camping avec un club enfants, c\u2019est s\u2019assurer de proposer aux plus jeunes des activit\u00e9s vari\u00e9es pendant les vacances. Fini l\u2019ennui !\" \/>\n<meta property=\"og:url\" content=\"https:\/\/www.campings.com\/fr\/content\/choisir-un-camping-avec-un-club-enfants\/\" \/>\n<meta property=\"article:modified_time\" content=\"2021-01-31T22:37:45+00:00\" \/>\n<meta property=\"og:image\" content=\"https:\/\/www.campings.com\/fr\/content\/wp-content\/uploads\/2020\/02\/choisir-un-camping-avec-un-club-enfants-1.jpg\" \/>\n<meta name=\"twitter:card\" content=\"summary_large_image\" \/>\n<meta name=\"twitter:label1\" content=\"Dur\u00e9e de lecture estim\u00e9e\" \/>\n\t<meta name=\"twitter:data1\" content=\"10 minutes\" \/>\n<script type=\"application\/ld+json\" class=\"yoast-schema-graph\">{\"@context\":\"https:\/\/schema.org\",\"@graph\":[{\"@type\":\"WebPage\",\"@id\":\"https:\/\/www.campings.com\/fr\/content\/choisir-un-camping-avec-un-club-enfants\/\",\"url\":\"https:\/\/www.campings.com\/fr\/content\/choisir-un-camping-avec-un-club-enfants\/\",\"name\":\"Choisir un camping avec un club enfants\",\"isPartOf\":{\"@id\":\"https:\/\/www.campings.com\/fr\/content\/#website\"},\"primaryImageOfPage\":{\"@id\":\"https:\/\/www.campings.com\/fr\/content\/choisir-un-camping-avec-un-club-enfants\/#primaryimage\"},\"image\":{\"@id\":\"https:\/\/www.campings.com\/fr\/content\/choisir-un-camping-avec-un-club-enfants\/#primaryimage\"},\"thumbnailUrl\":\"https:\/\/www.campings.com\/fr\/content\/wp-content\/uploads\/2020\/02\/choisir-un-camping-avec-un-club-enfants-1.jpg\",\"datePublished\":\"2020-02-26T09:40:34+00:00\",\"dateModified\":\"2021-01-31T22:37:45+00:00\",\"description\":\"Choisir un camping avec un club enfants, c\u2019est s\u2019assurer de proposer aux plus jeunes des activit\u00e9s vari\u00e9es pendant les vacances. Fini l\u2019ennui !\",\"breadcrumb\":{\"@id\":\"https:\/\/www.campings.com\/fr\/content\/choisir-un-camping-avec-un-club-enfants\/#breadcrumb\"},\"inLanguage\":\"fr-FR\",\"potentialAction\":[{\"@type\":\"ReadAction\",\"target\":[\"https:\/\/www.campings.com\/fr\/content\/choisir-un-camping-avec-un-club-enfants\/\"]}]},{\"@type\":\"ImageObject\",\"inLanguage\":\"fr-FR\",\"@id\":\"https:\/\/www.campings.com\/fr\/content\/choisir-un-camping-avec-un-club-enfants\/#primaryimage\",\"url\":\"https:\/\/www.campings.com\/fr\/content\/wp-content\/uploads\/2020\/02\/choisir-un-camping-avec-un-club-enfants-1.jpg\",\"contentUrl\":\"https:\/\/www.campings.com\/fr\/content\/wp-content\/uploads\/2020\/02\/choisir-un-camping-avec-un-club-enfants-1.jpg\",\"width\":1000,\"height\":668},{\"@type\":\"BreadcrumbList\",\"@id\":\"https:\/\/www.campings.com\/fr\/content\/choisir-un-camping-avec-un-club-enfants\/#breadcrumb\",\"itemListElement\":[{\"@type\":\"ListItem\",\"position\":1,\"name\":\"Home\",\"item\":\"https:\/\/www.campings.com\/fr\/content\/\"},{\"@type\":\"ListItem\",\"position\":2,\"name\":\"Les avantages d\u2019un camping avec un club enfants\"}]},{\"@type\":\"WebSite\",\"@id\":\"https:\/\/www.campings.com\/fr\/content\/#website\",\"url\":\"https:\/\/www.campings.com\/fr\/content\/\",\"name\":\"\",\"description\":\"\",\"publisher\":{\"@id\":\"https:\/\/www.campings.com\/fr\/content\/#organization\"},\"potentialAction\":[{\"@type\":\"SearchAction\",\"target\":{\"@type\":\"EntryPoint\",\"urlTemplate\":\"https:\/\/www.campings.com\/fr\/content\/?s={search_term_string}\"},\"query-input\":{\"@type\":\"PropertyValueSpecification\",\"valueRequired\":true,\"valueName\":\"search_term_string\"}}],\"inLanguage\":\"fr-FR\"},{\"@type\":\"Organization\",\"@id\":\"https:\/\/www.campings.com\/fr\/content\/#organization\",\"name\":\"CAMPINGS.COM\",\"url\":\"https:\/\/www.campings.com\/fr\/content\/\",\"logo\":{\"@type\":\"ImageObject\",\"inLanguage\":\"fr-FR\",\"@id\":\"https:\/\/www.campings.com\/fr\/content\/#\/schema\/logo\/image\/\",\"url\":\"https:\/\/www.campings.com\/fr\/content\/wp-content\/uploads\/2019\/01\/cropped-logo-1.png\",\"contentUrl\":\"https:\/\/www.campings.com\/fr\/content\/wp-content\/uploads\/2019\/01\/cropped-logo-1.png\",\"width\":174,\"height\":42,\"caption\":\"CAMPINGS.COM\"},\"image\":{\"@id\":\"https:\/\/www.campings.com\/fr\/content\/#\/schema\/logo\/image\/\"}}]}<\/script>\n<!-- \/ Yoast SEO plugin. -->","yoast_head_json":{"title":"Choisir un camping avec un club enfants","description":"Choisir un camping avec un club enfants, c\u2019est s\u2019assurer de proposer aux plus jeunes des activit\u00e9s vari\u00e9es pendant les vacances. Fini l\u2019ennui !","robots":{"index":"index","follow":"follow","max-snippet":"max-snippet:-1","max-image-preview":"max-image-preview:large","max-video-preview":"max-video-preview:-1"},"canonical":"https:\/\/www.campings.com\/fr\/content\/choisir-un-camping-avec-un-club-enfants\/","og_locale":"fr_FR","og_type":"article","og_title":"Choisir un camping avec un club enfants","og_description":"Choisir un camping avec un club enfants, c\u2019est s\u2019assurer de proposer aux plus jeunes des activit\u00e9s vari\u00e9es pendant les vacances. Fini l\u2019ennui !","og_url":"https:\/\/www.campings.com\/fr\/content\/choisir-un-camping-avec-un-club-enfants\/","article_modified_time":"2021-01-31T22:37:45+00:00","og_image":[{"url":"https:\/\/www.campings.com\/fr\/content\/wp-content\/uploads\/2020\/02\/choisir-un-camping-avec-un-club-enfants-1.jpg","type":"","width":"","height":""}],"twitter_card":"summary_large_image","twitter_misc":{"Dur\u00e9e de lecture estim\u00e9e":"10 minutes"},"schema":{"@context":"https:\/\/schema.org","@graph":[{"@type":"WebPage","@id":"https:\/\/www.campings.com\/fr\/content\/choisir-un-camping-avec-un-club-enfants\/","url":"https:\/\/www.campings.com\/fr\/content\/choisir-un-camping-avec-un-club-enfants\/","name":"Choisir un camping avec un club enfants","isPartOf":{"@id":"https:\/\/www.campings.com\/fr\/content\/#website"},"primaryImageOfPage":{"@id":"https:\/\/www.campings.com\/fr\/content\/choisir-un-camping-avec-un-club-enfants\/#primaryimage"},"image":{"@id":"https:\/\/www.campings.com\/fr\/content\/choisir-un-camping-avec-un-club-enfants\/#primaryimage"},"thumbnailUrl":"https:\/\/www.campings.com\/fr\/content\/wp-content\/uploads\/2020\/02\/choisir-un-camping-avec-un-club-enfants-1.jpg","datePublished":"2020-02-26T09:40:34+00:00","dateModified":"2021-01-31T22:37:45+00:00","description":"Choisir un camping avec un club enfants, c\u2019est s\u2019assurer de proposer aux plus jeunes des activit\u00e9s vari\u00e9es pendant les vacances. Fini l\u2019ennui !","breadcrumb":{"@id":"https:\/\/www.campings.com\/fr\/content\/choisir-un-camping-avec-un-club-enfants\/#breadcrumb"},"inLanguage":"fr-FR","potentialAction":[{"@type":"ReadAction","target":["https:\/\/www.campings.com\/fr\/content\/choisir-un-camping-avec-un-club-enfants\/"]}]},{"@type":"ImageObject","inLanguage":"fr-FR","@id":"https:\/\/www.campings.com\/fr\/content\/choisir-un-camping-avec-un-club-enfants\/#primaryimage","url":"https:\/\/www.campings.com\/fr\/content\/wp-content\/uploads\/2020\/02\/choisir-un-camping-avec-un-club-enfants-1.jpg","contentUrl":"https:\/\/www.campings.com\/fr\/content\/wp-content\/uploads\/2020\/02\/choisir-un-camping-avec-un-club-enfants-1.jpg","width":1000,"height":668},{"@type":"BreadcrumbList","@id":"https:\/\/www.campings.com\/fr\/content\/choisir-un-camping-avec-un-club-enfants\/#breadcrumb","itemListElement":[{"@type":"ListItem","position":1,"name":"Home","item":"https:\/\/www.campings.com\/fr\/content\/"},{"@type":"ListItem","position":2,"name":"Les avantages d\u2019un camping avec un club enfants"}]},{"@type":"WebSite","@id":"https:\/\/www.campings.com\/fr\/content\/#website","url":"https:\/\/www.campings.com\/fr\/content\/","name":"","description":"","publisher":{"@id":"https:\/\/www.campings.com\/fr\/content\/#organization"},"potentialAction":[{"@type":"SearchAction","target":{"@type":"EntryPoint","urlTemplate":"https:\/\/www.campings.com\/fr\/content\/?s={search_term_string}"},"query-input":{"@type":"PropertyValueSpecification","valueRequired":true,"valueName":"search_term_string"}}],"inLanguage":"fr-FR"},{"@type":"Organization","@id":"https:\/\/www.campings.com\/fr\/content\/#organization","name":"CAMPINGS.COM","url":"https:\/\/www.campings.com\/fr\/content\/","logo":{"@type":"ImageObject","inLanguage":"fr-FR","@id":"https:\/\/www.campings.com\/fr\/content\/#\/schema\/logo\/image\/","url":"https:\/\/www.campings.com\/fr\/content\/wp-content\/uploads\/2019\/01\/cropped-logo-1.png","contentUrl":"https:\/\/www.campings.com\/fr\/content\/wp-content\/uploads\/2019\/01\/cropped-logo-1.png","width":174,"height":42,"caption":"CAMPINGS.COM"},"image":{"@id":"https:\/\/www.campings.com\/fr\/content\/#\/schema\/logo\/image\/"}}]}},"_links":{"self":[{"href":"https:\/\/www.campings.com\/fr\/content\/wp-json\/wp\/v2\/pages\/1570","targetHints":{"allow":["GET"]}}],"collection":[{"href":"https:\/\/www.campings.com\/fr\/content\/wp-json\/wp\/v2\/pages"}],"about":[{"href":"https:\/\/www.campings.com\/fr\/content\/wp-json\/wp\/v2\/types\/page"}],"author":[{"embeddable":true,"href":"https:\/\/www.campings.com\/fr\/content\/wp-json\/wp\/v2\/users\/2"}],"replies":[{"embeddable":true,"href":"https:\/\/www.campings.com\/fr\/content\/wp-json\/wp\/v2\/comments?post=1570"}],"version-history":[{"count":2,"href":"https:\/\/www.campings.com\/fr\/content\/wp-json\/wp\/v2\/pages\/1570\/revisions"}],"predecessor-version":[{"id":2171,"href":"https:\/\/www.campings.com\/fr\/content\/wp-json\/wp\/v2\/pages\/1570\/revisions\/2171"}],"wp:attachment":[{"href":"https:\/\/www.campings.com\/fr\/content\/wp-json\/wp\/v2\/media?parent=1570"}],"curies":[{"name":"wp","href":"https:\/\/api.w.org\/{rel}","templated":true}]}}