{"id":1568,"date":"2020-02-26T09:39:30","date_gmt":"2020-02-26T09:39:30","guid":{"rendered":"https:\/\/www.campings.com\/fr\/content\/?page_id=1568"},"modified":"2025-10-28T16:50:20","modified_gmt":"2025-10-28T15:50:20","slug":"choisir-un-camping-de-luxe-5-etoiles","status":"publish","type":"page","link":"https:\/\/www.campings.com\/fr\/content\/choisir-un-camping-de-luxe-5-etoiles\/","title":{"rendered":"Partir en vacances dans un camping de luxe 5 \u00e9toiles"},"content":{"rendered":"<p><strong>Mini sommaire<\/strong><\/p>\n<ol>\n<li><a href=\"#ancre1\">Choisir un camping de luxe 5 \u00e9toiles<\/a><\/li>\n<li><a href=\"#ancre2\">Les prestations types d\u2019un camping 5 \u00e9toiles<\/a><\/li>\n<li><a href=\"#ancre3\">Les avantages du camping de luxe<\/a><\/li>\n<li><a href=\"#ancre4\">Les crit\u00e8res de s\u00e9lection d\u2019un camping 5 \u00e9toiles<\/a><\/li>\n<\/ol>\n<p>Op\u00e9rant un v\u00e9ritable retour de force, <a href=\"https:\/\/www.campings.com\/fr\/content\/tout-savoir-sur-le-camping\/quel-camping-choisir\/\">les vacances en camping<\/a> ne cessent de susciter l\u2019int\u00e9r\u00eat des touristes de tous les horizons de France. Face \u00e0 cet enthousiasme, des \u00e9tablissements de grand standing ont vu le jour un peu partout, de la Bretagne aux Pyr\u00e9n\u00e9es. Aujourd\u2019hui, il est donc possible de <strong>passer un s\u00e9jour de luxe au c\u0153ur de la nature <\/strong><a href=\"https:\/\/www.campings.com\/fr\/landing\/camping-5-etoiles\">dans un camping 5 \u00e9toiles<\/a>, pour un prix relativement abordable. Afin de vous aider \u00e0 pr\u00e9parer vos prochaines vacances en famille, voici un petit guide pour en d\u00e9couvrir davantage sur les campings de prestige, des services aux activit\u00e9s propos\u00e9es.<\/p>\n<p><img decoding=\"async\" class=\"img-responsive\" src=\"https:\/\/www.campings.com\/fr\/content\/wp-content\/uploads\/2020\/02\/choisir-un-camping-de-luxe-5-etoiles-1.jpg\" alt=\"Choisir un camping de luxe 5 \u00e9toiles-1\" \/><\/p>\n<h2 id=\"ancre1\">Choisir un camping de luxe 5 \u00e9toiles<\/h2>\n<p>Depuis quelques ann\u00e9es, la fr\u00e9quentation des campings de luxe est <a href=\"https:\/\/www.francetvinfo.fr\/decouverte\/vacances\/camping-de-luxe-les-touristes-etrangers-en-raffolent_2320841\/\">en perp\u00e9tuelle augmentation<\/a>. De mani\u00e8re g\u00e9n\u00e9rale, ce constat se fait <strong>au d\u00e9triment des autres h\u00e9bergements de standing<\/strong>, que ce soient les h\u00f4tels 5 \u00e9toiles ou le secteur de la location priv\u00e9e. D\u2019apr\u00e8s de r\u00e9centes statistiques, les r\u00e9servations ont progress\u00e9 de 10 \u00e0 15 % dans les campings 5 \u00e9toiles, et de 14 \u00e0 19 % dans les \u00e9tablissements 4 \u00e9toiles. Ces chiffres d\u00e9montrent donc \u00e0 eux seuls l\u2019int\u00e9r\u00eat port\u00e9 par les touristes \u00e0 ce mode de vacances haut de gamme.<br \/>\nLes campings de luxe ont donc revu leurs offres pour qu\u2019elles correspondent davantage aux attentes de chacun, adultes et enfants. Fini le temps des emplacements libres o\u00f9 il fallait monter sa tente durant des heures ! <strong>Dor\u00e9navant, les \u00e9tablissements vous proposent un confort cl\u00e9 en main<\/strong>. Mobil-home, bungalow, lodge ou tente de luxe d\u00e9j\u00e0 install\u00e9e, choisissez l\u2019h\u00e9bergement qui vous convient le mieux et posez-y simplement vos valises. Vous pourrez ainsi profiter de vos vacances d\u00e8s votre arriv\u00e9e et ne pas perdre une minute avant de d\u00e9couvrir la nature autour du camping.<br \/>\nAu bord de la mer, en pleine campagne ou au c\u0153ur de la montagne, choisir un camping 5 \u00e9toiles, c\u2019est avoir l\u2019assurance de <strong>passer ses vacances dans un environnement exceptionnel<\/strong>. De plus, la majorit\u00e9 des campings concern\u00e9s se trouve \u00e0 proximit\u00e9 d\u2019activit\u00e9s et d\u2019animations en tous genres, id\u00e9ales pour vivre des moments de bonheur simple en famille.<\/p>\n<h2 id=\"ancre2\">Les prestations types d\u2019un camping 5 \u00e9toiles<\/h2>\n<p>La principale caract\u00e9ristique d\u2019un camping de luxe est sa capacit\u00e9 \u00e0 offrir <strong>tout le confort moderne au c\u0153ur de la nature<\/strong>. Ainsi, les services propos\u00e9s sont souvent similaires \u00e0 ceux des h\u00f4tels de m\u00eame gamme. Salle de sport, espace d\u00e9tente et bien-\u00eatre, piscine, parc aquatique et zone de jeux pour les enfants, les activit\u00e9s ne manquent pas dans l\u2019enceinte d\u2019un camping 5 \u00e9toiles. De m\u00eame, il n\u2019est pas rare de trouver un restaurant et un bar \u00e0 proximit\u00e9 des h\u00e9bergements, tous les deux tr\u00e8s pratiques pour se restaurer et s\u2019amuser pendant les jours pluvieux.<br \/>\nHormis la qualit\u00e9 des services et des activit\u00e9s, <strong>ces campings se d\u00e9marquent aussi par leurs h\u00e9bergements<\/strong>. En effet, peu importe que vous choisissiez un mobil-home, un bungalow ou une tente am\u00e9nag\u00e9e, vous profiterez d\u2019une location souvent plus grande et mieux \u00e9quip\u00e9e que dans un camping 3 ou 4 \u00e9toiles. Chambres s\u00e9par\u00e9es, cuisine \u00e9quip\u00e9e, salle de bain tout confort, vous oublierez presque que vous faites du camping. Sans parler de la terrasse et de l\u2019emplacement de votre location, d\u2019une superficie g\u00e9n\u00e9ralement bien plus importante qu\u2019ailleurs. Peu importe sa localisation, au bord d\u2019un lac, dans un bois ou nich\u00e9 au c\u0153ur de la montagne, le s\u00e9jour en camping prestige offre un cadre de vie m\u00ealant convivialit\u00e9 et prestations haut de gamme.<\/p>\n<h2 id=\"ancre3\">Les avantages du camping de luxe<\/h2>\n<p>Comme nous le disions plus haut, les vacances en camping haut de gamme s\u00e9duisent de plus en plus de touristes venus de toute la France et du reste du monde. <a href=\"https:\/\/www.francebleu.fr\/infos\/economie-social\/les-camping-de-luxe-cartonnent-dans-le-gard-1556560918\">C\u2019est notamment le cas du Gard<\/a> qui voit exploser la fr\u00e9quentation de ses \u00e9tablissements de prestige. <strong>Les campings 5 \u00e9toiles sont donc aujourd\u2019hui l\u00e9gion<\/strong> et chaque ann\u00e9e, de nouveaux h\u00e9bergements ne cessent de s\u2019ouvrir. De plus, contrairement aux apparences, le prix d\u2019un s\u00e9jour dans un domaine de luxe est loin d\u2019\u00eatre inaccessible. Faisons le point ensemble sur les diff\u00e9rents avantages du camping 5 \u00e9toiles.<\/p>\n<h3>Le camping de luxe, moins cher que les autres h\u00e9bergements<\/h3>\n<p>Alors que les services et activit\u00e9s propos\u00e9s dans les campings 5 \u00e9toiles n\u2019ont rien \u00e0 envier aux autres h\u00e9bergements de standing, le prix d\u2019un s\u00e9jour y est bien moins \u00e9lev\u00e9. Service de livraison, blanchisserie, espace bien-\u00eatre, salle de jeux, piscine ou encore bar et restaurant, le confort propos\u00e9 au client est sensiblement comparable aux h\u00f4tels haut de gamme. De la m\u00eame fa\u00e7on, les \u00e9quipements disponibles dans les h\u00e9bergements n\u2019ont pas \u00e0 p\u00e2lir face \u00e0 ceux des plus belles chambres de palaces. Cuisine am\u00e9nag\u00e9e ou salle de bain privative, <strong>tous les \u00e9l\u00e9ments sont r\u00e9unis pour que vous vous sentiez comme \u00e0 la maison<\/strong> dans votre mobil-home ou bungalow de luxe.<br \/>\nNotez en plus que l\u2019acc\u00e8s \u00e0 ces installations reste la plupart du temps gratuit, contrairement aux h\u00f4tels de standing qui facturent g\u00e9n\u00e9ralement ces services. Finalement, il est donc bien plus avantageux de r\u00e9server ses vacances dans un camping de prestige puisque vous pourrez \u00e9conomiser plusieurs dizaines d\u2019euros par jour.<\/p>\n<h3>Le camping de prestige et son espace aquatique<\/h3>\n<p>L\u2019un des principaux atouts des vacances en camping 5 \u00e9toiles reste sans aucun doute l\u2019espace aquatique. En effet, bien plus qu\u2019une immense piscine, la plupart des \u00e9tablissements proposent de v\u00e9ritables parcs d\u2019attractions sur l\u2019eau. Toboggans, pentagliss ou encore structures gonflables, beaucoup rivalisent d\u2019imagination et d\u2019ing\u00e9niosit\u00e9 pour attirer les touristes et leurs enfants. Con\u00e7us pour <strong>offrir une bonne dose d\u2019adr\u00e9naline<\/strong>, certains campings sont m\u00eame \u00e9quip\u00e9s d\u2019une rivi\u00e8re artificielle et d\u2019une piscine \u00e0 vagues. De quoi se croire \u00e0 la plage, sans m\u00eame sortir de l\u2019enceinte de l\u2019\u00e9tablissement !<br \/>\nNotez qu\u2019un espace aquatique digne de ce nom prend aussi en compte les enfants en bas \u00e2ge, avec des structures ou des \u00e9quipements plus adapt\u00e9s et moins dangereux. Il n\u2019est donc pas rare de retrouver des pataugeoires ou d\u2019autres zones de jeux, pour que vos bouts de chou puissent s\u2019amuser dans l\u2019eau en toute s\u00e9curit\u00e9.<\/p>\n<h3>Le personnel des campings 5 \u00e9toiles est d\u00e9vou\u00e9 aux clients<\/h3>\n<p>Les responsables des campings prestiges l\u2019ont bien compris, il est important de prendre soin des clients pour les fid\u00e9liser. \u00c0 ce titre, chaque membre de la famille est particuli\u00e8rement choy\u00e9, que ce soit dans le cadre des animations, des activit\u00e9s ou des services fournis par l\u2019\u00e9tablissement. C\u2019est donc sur ce point que la plupart des domaines de vacances en plein air mettent l\u2019accent, pour <strong>rendre le s\u00e9jour de chacun inoubliable<\/strong>.<br \/>\nProfesseurs de yoga, coachs sportifs, esth\u00e9ticiennes ou encore masseurs, de nombreux sp\u00e9cialistes sont employ\u00e9s par les campings afin de s\u2019occuper des clients qui se rendent dans les diff\u00e9rents espaces. Les enfants ne sont pas en reste dans ce programme puisque des professionnels de l\u2019\u00e9ducation se relaient quotidiennement pour leur proposer toute sorte de loisirs. Danse, th\u00e9\u00e2tre et spectacle musical, il y en a g\u00e9n\u00e9ralement pour tous les go\u00fbts et pour tous les \u00e2ges.<\/p>\n<p><img decoding=\"async\" class=\"img-responsive\" src=\"https:\/\/www.campings.com\/fr\/content\/wp-content\/uploads\/2020\/02\/choisir-un-camping-de-luxe-5-etoiles-2.jpg\" alt=\"Choisir un camping de luxe 5 \u00e9toiles-2\" \/><\/p>\n<h2 id=\"ancre4\">Les crit\u00e8res de s\u00e9lection d\u2019un camping 5 \u00e9toiles<\/h2>\n<p>Tout comme les h\u00f4tels et les restaurants, <strong>chaque camping fonctionne avec une notation en \u00e9toiles<\/strong>. Entre 1 et 5 \u00e9toiles, l\u2019attribution de ces derni\u00e8res d\u00e9pend de plusieurs crit\u00e8res. Surface des emplacements, qualit\u00e9 de l\u2019accueil et des sanitaires, aire de jeux et services propos\u00e9s, \u00e0 chaque note correspond un certain nombre de points. Dans le cas d\u2019un camping de prestige, les 5 \u00e9toiles garantissent quelques engagements, parmi lesquels :<\/p>\n<ul>\n<li>des emplacements dont la surface est de 80 m\u00b2 minimum ;<\/li>\n<li>un accueil disponible en 3 langues \u00e9trang\u00e8res ;<\/li>\n<li>une r\u00e9servation en ligne possible 24 h\/24 ;<\/li>\n<li>un espace aquatique ;<\/li>\n<li>des sanitaires individuels et chauff\u00e9s ;<\/li>\n<li>des services optionnels comme un espace bien-\u00eatre ou une salle de sport.<\/li>\n<\/ul>\n<p>Le nombre d\u2019\u00e9toiles gage donc d\u2019une certaine qualit\u00e9 qui vise \u00e0 rassurer les clients ne connaissant pas le domaine. S\u2019il vous tient tout de m\u00eame \u00e0 c\u0153ur de passer en revue certains crit\u00e8res incontournables avant de r\u00e9server vos vacances, on vous propose <strong>un r\u00e9capitulatif des diff\u00e9rents points \u00e0 v\u00e9rifier<\/strong>.<\/p>\n<h3>La qualit\u00e9 des h\u00e9bergements<\/h3>\n<p>V\u00e9rifiez que les h\u00e9bergements propos\u00e9s sont bien situ\u00e9s sur des emplacements d\u2019an moins 80 m\u00b2. En effet, il est tr\u00e8s appr\u00e9ciable de ne pas voir son espace de vacances coll\u00e9 \u00e0 celui du voisin. C\u2019est d\u2019ailleurs l\u2019une des raisons qui expliquent le succ\u00e8s du camping haut de gamme. Ces 80 m\u00b2 sont tr\u00e8s appr\u00e9ciables pour se tenir <strong>loin des d\u00e9sagr\u00e9ments caus\u00e9s par la proximit\u00e9 directe<\/strong> avec d\u2019autres vacanciers, qu\u2019il s\u2019agisse de discussions ou de jeux d\u2019enfants. De la m\u00eame fa\u00e7on, un \u00e9tablissement de prestige se doit de proposer des sanitaires individuels sur les emplacements. Ces commodit\u00e9s doivent notamment comprendre des toilettes, mais aussi des salles de bain ou des salles d\u2019eau chauff\u00e9es.<\/p>\n<h3>Des services vari\u00e9s<\/h3>\n<p>Les services d\u2019un camping 5 \u00e9toiles s\u2019apparentent \u00e0 ceux que l\u2019on retrouve dans les h\u00f4tels et palaces. En d\u2019autres termes, la r\u00e9ception de l\u2019\u00e9tablissement doit donc \u00eatre disponible nuit et jour. \u00c9galement, <strong>les diff\u00e9rentes infrastructures internes \u00e0 l\u2019\u00e9tablissement restent accessibles quotidiennement<\/strong>. De l\u2019avis d\u2019un grand nombre de vacanciers, la pr\u00e9sence d\u2019un bar, d\u2019un restaurant et d\u2019un espace aquatique est aussi indispensable. Sans ces quelques \u00e9l\u00e9ments basiques, un camping de prestige n\u2019en serait pas vraiment un. N\u2019h\u00e9sitez pas non plus \u00e0 v\u00e9rifier l\u2019existence d\u2019un acc\u00e8s WiFi gratuit, m\u00eame s\u2019il semble que ce soit une formalit\u00e9 \u00e0 l\u2019heure d\u2019aujourd\u2019hui.<\/p>\n<h3>Les activit\u00e9s propos\u00e9es<\/h3>\n<p>Parmi les \u00e9l\u00e9ments les plus importants dans un camping de prestige, <strong>la liste des activit\u00e9s propos\u00e9es durant votre s\u00e9jour<\/strong>. Difficile d\u2019avoir connaissance de cette derni\u00e8re avant d\u2019\u00eatre sur place ou m\u00eame avant d\u2019avoir fait votre r\u00e9servation. \u00c0 ce titre, n\u2019h\u00e9sitez pas \u00e0 jeter un \u0153il au site internet du camping, qui recense le plus souvent la majorit\u00e9 des activit\u00e9s disponibles. Si cela ne suffit pas \u00e0 vous faire un avis, la meilleure solution reste d\u2019appeler l\u2019\u00e9tablissement en amont de vos vacances afin de les interroger directement sur les loisirs pr\u00e9vus pendant les dates de votre s\u00e9jour. En effet, chaque domaine a g\u00e9n\u00e9ralement une bonne id\u00e9e des plannings d\u00e8s le d\u00e9but de saison. N\u2019oubliez pas enfin de prendre en compte les activit\u00e9s du soir et de la nuit, car il est important de continuer \u00e0 s\u2019amuser apr\u00e8s le coucher du soleil.<\/p>\n<p><em>Nous vous recommandons ces autres pages :<\/em><\/p>\n<ul>\n<li><a href=\"https:\/\/www.campings.com\/fr\/content\/tout-savoir-sur-le-camping\/ou-partir-au-camping\/\">O\u00f9 partir au camping ?<\/a><\/li>\n<li><a href=\"https:\/\/www.campings.com\/fr\/content\/tout-savoir-sur-le-camping\/quels-sont-les-campings-acceptant-les-animaux\/\">Quels sont les campings acceptant les animaux ? <\/a><\/li>\n<li><a href=\"https:\/\/www.campings.com\/fr\/content\/tout-savoir-sur-le-camping\/choisir-un-camping-en-bord-de-mer-ou-avec-acces-direct-a-la-plage\/\">Choisir un camping en bord de mer ou avec acc\u00e8s direct \u00e0 la plage<\/a><\/li>\n<li><a href=\"https:\/\/www.campings.com\/fr\/content\/tout-savoir-sur-le-camping\/choisir-un-camping-avec-un-parc-aquatique\/\">Choisir un camping avec un parc aquatique<\/a><\/li>\n<li><a href=\"https:\/\/www.campings.com\/fr\/content\/tout-savoir-sur-le-camping\/choisir-un-camping-avec-une-piscine-couverte\/\">Choisir un camping avec une piscine couverte<\/a><\/li>\n<li><a href=\"https:\/\/www.campings.com\/fr\/content\/tout-savoir-sur-le-camping\/choisir-un-camping-avec-un-club-enfants\/\">Choisir un camping avec un club enfants<\/a><\/li>\n<li><a href=\"https:\/\/www.campings.com\/fr\/content\/tout-savoir-sur-le-camping\/choisir-un-camping-a-la-montagne\/\">Choisir un camping \u00e0 la montagne<\/a><\/li>\n<li><a href=\"https:\/\/www.campings.com\/fr\/content\/tout-savoir-sur-le-camping\/quels-campings-plus-originaux-france\/\">Quels sont les campings les plus originaux en France ?<\/a><\/li>\n<li><a href=\"https:\/\/www.campings.com\/fr\/content\/tout-savoir-sur-le-camping\/choisir-plus-grands-campings-france\/\">Choisir un des plus grands campings de France<\/a><\/li>\n<\/ul>\n","protected":false},"excerpt":{"rendered":"<p>Mini sommaire Choisir un camping de luxe 5 \u00e9toiles Les prestations types d\u2019un camping 5 \u00e9toiles Les avantages du camping de luxe Les crit\u00e8res de s\u00e9lection d\u2019un camping 5 \u00e9toiles Op\u00e9rant un v\u00e9ritable retour de force, les vacances en camping ne cessent de susciter l\u2019int\u00e9r\u00eat des touristes de tous les horizons de France. Face \u00e0 [&hellip;]<\/p>\n","protected":false},"author":2,"featured_media":0,"parent":0,"menu_order":0,"comment_status":"closed","ping_status":"closed","template":"template-twocolumns.php","meta":{"_acf_changed":false,"footnotes":""},"class_list":["post-1568","page","type-page","status-publish","hentry"],"acf":[],"yoast_head":"<!-- This site is optimized with the Yoast SEO plugin v27.1.1 - https:\/\/yoast.com\/product\/yoast-seo-wordpress\/ -->\n<title>Choisir un camping de luxe 5 \u00e9toiles<\/title>\n<meta name=\"description\" content=\"Envie de vacances dans un camping de luxe 5 \u00e9toiles ? Bord de mer, campagne ou montagne, d\u00e9couvrez tout ce que vous devez savoir pour bien le choisir.\" \/>\n<meta name=\"robots\" content=\"index, follow, max-snippet:-1, max-image-preview:large, max-video-preview:-1\" \/>\n<link rel=\"canonical\" href=\"https:\/\/www.campings.com\/fr\/content\/choisir-un-camping-de-luxe-5-etoiles\/\" \/>\n<meta property=\"og:locale\" content=\"fr_FR\" \/>\n<meta property=\"og:type\" content=\"article\" \/>\n<meta property=\"og:title\" content=\"Choisir un camping de luxe 5 \u00e9toiles\" \/>\n<meta property=\"og:description\" content=\"Envie de vacances dans un camping de luxe 5 \u00e9toiles ? Bord de mer, campagne ou montagne, d\u00e9couvrez tout ce que vous devez savoir pour bien le choisir.\" \/>\n<meta property=\"og:url\" content=\"https:\/\/www.campings.com\/fr\/content\/choisir-un-camping-de-luxe-5-etoiles\/\" \/>\n<meta property=\"article:modified_time\" content=\"2025-10-28T15:50:20+00:00\" \/>\n<meta property=\"og:image\" content=\"https:\/\/www.campings.com\/fr\/content\/wp-content\/uploads\/2020\/02\/choisir-un-camping-de-luxe-5-etoiles-1.jpg\" \/>\n<meta name=\"twitter:card\" content=\"summary_large_image\" \/>\n<meta name=\"twitter:label1\" content=\"Dur\u00e9e de lecture estim\u00e9e\" \/>\n\t<meta name=\"twitter:data1\" content=\"10 minutes\" \/>\n<script type=\"application\/ld+json\" class=\"yoast-schema-graph\">{\"@context\":\"https:\/\/schema.org\",\"@graph\":[{\"@type\":\"WebPage\",\"@id\":\"https:\/\/www.campings.com\/fr\/content\/choisir-un-camping-de-luxe-5-etoiles\/\",\"url\":\"https:\/\/www.campings.com\/fr\/content\/choisir-un-camping-de-luxe-5-etoiles\/\",\"name\":\"Choisir un camping de luxe 5 \u00e9toiles\",\"isPartOf\":{\"@id\":\"https:\/\/www.campings.com\/fr\/content\/#website\"},\"primaryImageOfPage\":{\"@id\":\"https:\/\/www.campings.com\/fr\/content\/choisir-un-camping-de-luxe-5-etoiles\/#primaryimage\"},\"image\":{\"@id\":\"https:\/\/www.campings.com\/fr\/content\/choisir-un-camping-de-luxe-5-etoiles\/#primaryimage\"},\"thumbnailUrl\":\"https:\/\/www.campings.com\/fr\/content\/wp-content\/uploads\/2020\/02\/choisir-un-camping-de-luxe-5-etoiles-1.jpg\",\"datePublished\":\"2020-02-26T09:39:30+00:00\",\"dateModified\":\"2025-10-28T15:50:20+00:00\",\"description\":\"Envie de vacances dans un camping de luxe 5 \u00e9toiles ? Bord de mer, campagne ou montagne, d\u00e9couvrez tout ce que vous devez savoir pour bien le choisir.\",\"breadcrumb\":{\"@id\":\"https:\/\/www.campings.com\/fr\/content\/choisir-un-camping-de-luxe-5-etoiles\/#breadcrumb\"},\"inLanguage\":\"fr-FR\",\"potentialAction\":[{\"@type\":\"ReadAction\",\"target\":[\"https:\/\/www.campings.com\/fr\/content\/choisir-un-camping-de-luxe-5-etoiles\/\"]}]},{\"@type\":\"ImageObject\",\"inLanguage\":\"fr-FR\",\"@id\":\"https:\/\/www.campings.com\/fr\/content\/choisir-un-camping-de-luxe-5-etoiles\/#primaryimage\",\"url\":\"https:\/\/www.campings.com\/fr\/content\/wp-content\/uploads\/2020\/02\/choisir-un-camping-de-luxe-5-etoiles-1.jpg\",\"contentUrl\":\"https:\/\/www.campings.com\/fr\/content\/wp-content\/uploads\/2020\/02\/choisir-un-camping-de-luxe-5-etoiles-1.jpg\",\"width\":1000,\"height\":668},{\"@type\":\"BreadcrumbList\",\"@id\":\"https:\/\/www.campings.com\/fr\/content\/choisir-un-camping-de-luxe-5-etoiles\/#breadcrumb\",\"itemListElement\":[{\"@type\":\"ListItem\",\"position\":1,\"name\":\"Home\",\"item\":\"https:\/\/www.campings.com\/fr\/content\/\"},{\"@type\":\"ListItem\",\"position\":2,\"name\":\"Partir en vacances dans un camping de luxe 5 \u00e9toiles\"}]},{\"@type\":\"WebSite\",\"@id\":\"https:\/\/www.campings.com\/fr\/content\/#website\",\"url\":\"https:\/\/www.campings.com\/fr\/content\/\",\"name\":\"\",\"description\":\"\",\"publisher\":{\"@id\":\"https:\/\/www.campings.com\/fr\/content\/#organization\"},\"potentialAction\":[{\"@type\":\"SearchAction\",\"target\":{\"@type\":\"EntryPoint\",\"urlTemplate\":\"https:\/\/www.campings.com\/fr\/content\/?s={search_term_string}\"},\"query-input\":{\"@type\":\"PropertyValueSpecification\",\"valueRequired\":true,\"valueName\":\"search_term_string\"}}],\"inLanguage\":\"fr-FR\"},{\"@type\":\"Organization\",\"@id\":\"https:\/\/www.campings.com\/fr\/content\/#organization\",\"name\":\"CAMPINGS.COM\",\"url\":\"https:\/\/www.campings.com\/fr\/content\/\",\"logo\":{\"@type\":\"ImageObject\",\"inLanguage\":\"fr-FR\",\"@id\":\"https:\/\/www.campings.com\/fr\/content\/#\/schema\/logo\/image\/\",\"url\":\"https:\/\/www.campings.com\/fr\/content\/wp-content\/uploads\/2019\/01\/cropped-logo-1.png\",\"contentUrl\":\"https:\/\/www.campings.com\/fr\/content\/wp-content\/uploads\/2019\/01\/cropped-logo-1.png\",\"width\":174,\"height\":42,\"caption\":\"CAMPINGS.COM\"},\"image\":{\"@id\":\"https:\/\/www.campings.com\/fr\/content\/#\/schema\/logo\/image\/\"}}]}<\/script>\n<!-- \/ Yoast SEO plugin. -->","yoast_head_json":{"title":"Choisir un camping de luxe 5 \u00e9toiles","description":"Envie de vacances dans un camping de luxe 5 \u00e9toiles ? Bord de mer, campagne ou montagne, d\u00e9couvrez tout ce que vous devez savoir pour bien le choisir.","robots":{"index":"index","follow":"follow","max-snippet":"max-snippet:-1","max-image-preview":"max-image-preview:large","max-video-preview":"max-video-preview:-1"},"canonical":"https:\/\/www.campings.com\/fr\/content\/choisir-un-camping-de-luxe-5-etoiles\/","og_locale":"fr_FR","og_type":"article","og_title":"Choisir un camping de luxe 5 \u00e9toiles","og_description":"Envie de vacances dans un camping de luxe 5 \u00e9toiles ? Bord de mer, campagne ou montagne, d\u00e9couvrez tout ce que vous devez savoir pour bien le choisir.","og_url":"https:\/\/www.campings.com\/fr\/content\/choisir-un-camping-de-luxe-5-etoiles\/","article_modified_time":"2025-10-28T15:50:20+00:00","og_image":[{"url":"https:\/\/www.campings.com\/fr\/content\/wp-content\/uploads\/2020\/02\/choisir-un-camping-de-luxe-5-etoiles-1.jpg","type":"","width":"","height":""}],"twitter_card":"summary_large_image","twitter_misc":{"Dur\u00e9e de lecture estim\u00e9e":"10 minutes"},"schema":{"@context":"https:\/\/schema.org","@graph":[{"@type":"WebPage","@id":"https:\/\/www.campings.com\/fr\/content\/choisir-un-camping-de-luxe-5-etoiles\/","url":"https:\/\/www.campings.com\/fr\/content\/choisir-un-camping-de-luxe-5-etoiles\/","name":"Choisir un camping de luxe 5 \u00e9toiles","isPartOf":{"@id":"https:\/\/www.campings.com\/fr\/content\/#website"},"primaryImageOfPage":{"@id":"https:\/\/www.campings.com\/fr\/content\/choisir-un-camping-de-luxe-5-etoiles\/#primaryimage"},"image":{"@id":"https:\/\/www.campings.com\/fr\/content\/choisir-un-camping-de-luxe-5-etoiles\/#primaryimage"},"thumbnailUrl":"https:\/\/www.campings.com\/fr\/content\/wp-content\/uploads\/2020\/02\/choisir-un-camping-de-luxe-5-etoiles-1.jpg","datePublished":"2020-02-26T09:39:30+00:00","dateModified":"2025-10-28T15:50:20+00:00","description":"Envie de vacances dans un camping de luxe 5 \u00e9toiles ? Bord de mer, campagne ou montagne, d\u00e9couvrez tout ce que vous devez savoir pour bien le choisir.","breadcrumb":{"@id":"https:\/\/www.campings.com\/fr\/content\/choisir-un-camping-de-luxe-5-etoiles\/#breadcrumb"},"inLanguage":"fr-FR","potentialAction":[{"@type":"ReadAction","target":["https:\/\/www.campings.com\/fr\/content\/choisir-un-camping-de-luxe-5-etoiles\/"]}]},{"@type":"ImageObject","inLanguage":"fr-FR","@id":"https:\/\/www.campings.com\/fr\/content\/choisir-un-camping-de-luxe-5-etoiles\/#primaryimage","url":"https:\/\/www.campings.com\/fr\/content\/wp-content\/uploads\/2020\/02\/choisir-un-camping-de-luxe-5-etoiles-1.jpg","contentUrl":"https:\/\/www.campings.com\/fr\/content\/wp-content\/uploads\/2020\/02\/choisir-un-camping-de-luxe-5-etoiles-1.jpg","width":1000,"height":668},{"@type":"BreadcrumbList","@id":"https:\/\/www.campings.com\/fr\/content\/choisir-un-camping-de-luxe-5-etoiles\/#breadcrumb","itemListElement":[{"@type":"ListItem","position":1,"name":"Home","item":"https:\/\/www.campings.com\/fr\/content\/"},{"@type":"ListItem","position":2,"name":"Partir en vacances dans un camping de luxe 5 \u00e9toiles"}]},{"@type":"WebSite","@id":"https:\/\/www.campings.com\/fr\/content\/#website","url":"https:\/\/www.campings.com\/fr\/content\/","name":"","description":"","publisher":{"@id":"https:\/\/www.campings.com\/fr\/content\/#organization"},"potentialAction":[{"@type":"SearchAction","target":{"@type":"EntryPoint","urlTemplate":"https:\/\/www.campings.com\/fr\/content\/?s={search_term_string}"},"query-input":{"@type":"PropertyValueSpecification","valueRequired":true,"valueName":"search_term_string"}}],"inLanguage":"fr-FR"},{"@type":"Organization","@id":"https:\/\/www.campings.com\/fr\/content\/#organization","name":"CAMPINGS.COM","url":"https:\/\/www.campings.com\/fr\/content\/","logo":{"@type":"ImageObject","inLanguage":"fr-FR","@id":"https:\/\/www.campings.com\/fr\/content\/#\/schema\/logo\/image\/","url":"https:\/\/www.campings.com\/fr\/content\/wp-content\/uploads\/2019\/01\/cropped-logo-1.png","contentUrl":"https:\/\/www.campings.com\/fr\/content\/wp-content\/uploads\/2019\/01\/cropped-logo-1.png","width":174,"height":42,"caption":"CAMPINGS.COM"},"image":{"@id":"https:\/\/www.campings.com\/fr\/content\/#\/schema\/logo\/image\/"}}]}},"_links":{"self":[{"href":"https:\/\/www.campings.com\/fr\/content\/wp-json\/wp\/v2\/pages\/1568","targetHints":{"allow":["GET"]}}],"collection":[{"href":"https:\/\/www.campings.com\/fr\/content\/wp-json\/wp\/v2\/pages"}],"about":[{"href":"https:\/\/www.campings.com\/fr\/content\/wp-json\/wp\/v2\/types\/page"}],"author":[{"embeddable":true,"href":"https:\/\/www.campings.com\/fr\/content\/wp-json\/wp\/v2\/users\/2"}],"replies":[{"embeddable":true,"href":"https:\/\/www.campings.com\/fr\/content\/wp-json\/wp\/v2\/comments?post=1568"}],"version-history":[{"count":4,"href":"https:\/\/www.campings.com\/fr\/content\/wp-json\/wp\/v2\/pages\/1568\/revisions"}],"predecessor-version":[{"id":6141,"href":"https:\/\/www.campings.com\/fr\/content\/wp-json\/wp\/v2\/pages\/1568\/revisions\/6141"}],"wp:attachment":[{"href":"https:\/\/www.campings.com\/fr\/content\/wp-json\/wp\/v2\/media?parent=1568"}],"curies":[{"name":"wp","href":"https:\/\/api.w.org\/{rel}","templated":true}]}}