{"id":1215,"date":"2019-05-08T10:21:35","date_gmt":"2019-05-08T10:21:35","guid":{"rendered":"https:\/\/www.campings.com\/fr\/content\/?page_id=1215"},"modified":"2019-05-08T10:23:18","modified_gmt":"2019-05-08T10:23:18","slug":"guide-campings-gorges-du-verdon","status":"publish","type":"page","link":"https:\/\/www.campings.com\/fr\/content\/guide-campings-gorges-du-verdon\/","title":{"rendered":"Guide campings Gorges du Verdon"},"content":{"rendered":"<p>Les Gorges du Verdon : votre prochaine destination sportive et culturelle ! Canyon majestueux, le plus grand d\u2019Europe, site naturel grandiose&#8230; avec raison, les qualificatifs ne manquent pas pour les Gorges du Verdon. En vacances en camping dans les Gorges du Verdon, c\u2019est en effet un site incontournable qui s\u2019ouvre \u00e0 vous.<\/p>\n<p>En camping dans les Gorges du Verdon, tout est permis ! De nombreuses activit\u00e9s s\u2019offrent aux sportifs : selon vos go\u00fbts et votre condition physique, vous pourrez opter pour une randonn\u00e9e surplombant les gorges, du canyoning, la descente du Verdon en cano\u00e9, un saut en parapente, ou encore un tour en bateau sur le lac d\u2019Esparron ou le lac de Sainte Croix&#8230;<\/p>\n<p>Les amateurs de patrimoine culturel ne seront pas non plus en reste : le tr\u00e8s beau village de Moustiers-Sainte-Marie, \u00e0 la porte des Gorges, est une invitation \u00e0 la d\u00e9couverte de la fa\u00efence typique de la r\u00e9gion. Les amateurs de parfums en campings dans les Gorges du Verdon feront quant \u00e0 eux un saut jusqu\u2019\u00e0 Manosque, pour visiter l\u2019usine de l\u2019Occitane, en passant par le plateau de Valensole et ses producteurs d\u2019huile essentielle de lavandin.<\/p>\n<p>Amateurs de pr\u00e9histoire, c\u2019est au mus\u00e9e du village de Quinson qu\u2019il vous faut aller. Enfin, pour les f\u00e9rus d\u2019histoire, la route Napol\u00e9on retrace le chemin qu\u2019emprunta l\u2019empereur d\u00e9chu pour monter \u00e0 Paris \u00e0 son retour de l\u2019\u00eele d\u2019Elbe. Rien de tel qu\u2019une location de mobile-home dans les gorges du Verdon pour passer des vacances int\u00e9ressantes !<\/p>\n<p>&nbsp;<\/p>\n<p>&nbsp;<\/p>\n","protected":false},"excerpt":{"rendered":"<p>Les Gorges du Verdon : votre prochaine destination sportive et culturelle ! Canyon majestueux, le plus grand d\u2019Europe, site naturel grandiose&#8230; avec raison, les qualificatifs ne manquent pas pour les Gorges du Verdon. En vacances en camping dans les Gorges du Verdon, c\u2019est en effet un site incontournable qui s\u2019ouvre \u00e0 vous. En camping dans [&hellip;]<\/p>\n","protected":false},"author":1,"featured_media":1216,"parent":0,"menu_order":0,"comment_status":"closed","ping_status":"closed","template":"template-region.php","meta":{"_acf_changed":false,"footnotes":""},"class_list":["post-1215","page","type-page","status-publish","has-post-thumbnail","hentry"],"acf":[],"yoast_head":"<!-- This site is optimized with the Yoast SEO plugin v27.1.1 - https:\/\/yoast.com\/product\/yoast-seo-wordpress\/ -->\n<title>Guide campings Gorges du Verdon -<\/title>\n<meta name=\"robots\" content=\"index, follow, max-snippet:-1, max-image-preview:large, max-video-preview:-1\" \/>\n<link rel=\"canonical\" href=\"https:\/\/www.campings.com\/fr\/content\/guide-campings-gorges-du-verdon\/\" \/>\n<meta property=\"og:locale\" content=\"fr_FR\" \/>\n<meta property=\"og:type\" content=\"article\" \/>\n<meta property=\"og:title\" content=\"Guide campings Gorges du Verdon -\" \/>\n<meta property=\"og:description\" content=\"Les Gorges du Verdon : votre prochaine destination sportive et culturelle ! Canyon majestueux, le plus grand d\u2019Europe, site naturel grandiose&#8230; avec raison, les qualificatifs ne manquent pas pour les Gorges du Verdon. En vacances en camping dans les Gorges du Verdon, c\u2019est en effet un site incontournable qui s\u2019ouvre \u00e0 vous. En camping dans [&hellip;]\" \/>\n<meta property=\"og:url\" content=\"https:\/\/www.campings.com\/fr\/content\/guide-campings-gorges-du-verdon\/\" \/>\n<meta property=\"article:modified_time\" content=\"2019-05-08T10:23:18+00:00\" \/>\n<meta property=\"og:image\" content=\"https:\/\/www.campings.com\/fr\/content\/wp-content\/uploads\/2019\/05\/gorges-du-verdon-2.jpg\" \/>\n\t<meta property=\"og:image:width\" content=\"1280\" \/>\n\t<meta property=\"og:image:height\" content=\"853\" \/>\n\t<meta property=\"og:image:type\" content=\"image\/jpeg\" \/>\n<meta name=\"twitter:card\" content=\"summary_large_image\" \/>\n<meta name=\"twitter:label1\" content=\"Dur\u00e9e de lecture estim\u00e9e\" \/>\n\t<meta name=\"twitter:data1\" content=\"1 minute\" \/>\n<script type=\"application\/ld+json\" class=\"yoast-schema-graph\">{\"@context\":\"https:\/\/schema.org\",\"@graph\":[{\"@type\":\"WebPage\",\"@id\":\"https:\/\/www.campings.com\/fr\/content\/guide-campings-gorges-du-verdon\/\",\"url\":\"https:\/\/www.campings.com\/fr\/content\/guide-campings-gorges-du-verdon\/\",\"name\":\"Guide campings Gorges du Verdon -\",\"isPartOf\":{\"@id\":\"https:\/\/www.campings.com\/fr\/content\/#website\"},\"primaryImageOfPage\":{\"@id\":\"https:\/\/www.campings.com\/fr\/content\/guide-campings-gorges-du-verdon\/#primaryimage\"},\"image\":{\"@id\":\"https:\/\/www.campings.com\/fr\/content\/guide-campings-gorges-du-verdon\/#primaryimage\"},\"thumbnailUrl\":\"https:\/\/www.campings.com\/fr\/content\/wp-content\/uploads\/2019\/05\/gorges-du-verdon-2.jpg\",\"datePublished\":\"2019-05-08T10:21:35+00:00\",\"dateModified\":\"2019-05-08T10:23:18+00:00\",\"breadcrumb\":{\"@id\":\"https:\/\/www.campings.com\/fr\/content\/guide-campings-gorges-du-verdon\/#breadcrumb\"},\"inLanguage\":\"fr-FR\",\"potentialAction\":[{\"@type\":\"ReadAction\",\"target\":[\"https:\/\/www.campings.com\/fr\/content\/guide-campings-gorges-du-verdon\/\"]}]},{\"@type\":\"ImageObject\",\"inLanguage\":\"fr-FR\",\"@id\":\"https:\/\/www.campings.com\/fr\/content\/guide-campings-gorges-du-verdon\/#primaryimage\",\"url\":\"https:\/\/www.campings.com\/fr\/content\/wp-content\/uploads\/2019\/05\/gorges-du-verdon-2.jpg\",\"contentUrl\":\"https:\/\/www.campings.com\/fr\/content\/wp-content\/uploads\/2019\/05\/gorges-du-verdon-2.jpg\",\"width\":1280,\"height\":853},{\"@type\":\"BreadcrumbList\",\"@id\":\"https:\/\/www.campings.com\/fr\/content\/guide-campings-gorges-du-verdon\/#breadcrumb\",\"itemListElement\":[{\"@type\":\"ListItem\",\"position\":1,\"name\":\"Home\",\"item\":\"https:\/\/www.campings.com\/fr\/content\/\"},{\"@type\":\"ListItem\",\"position\":2,\"name\":\"Guide campings Gorges du Verdon\"}]},{\"@type\":\"WebSite\",\"@id\":\"https:\/\/www.campings.com\/fr\/content\/#website\",\"url\":\"https:\/\/www.campings.com\/fr\/content\/\",\"name\":\"\",\"description\":\"\",\"publisher\":{\"@id\":\"https:\/\/www.campings.com\/fr\/content\/#organization\"},\"potentialAction\":[{\"@type\":\"SearchAction\",\"target\":{\"@type\":\"EntryPoint\",\"urlTemplate\":\"https:\/\/www.campings.com\/fr\/content\/?s={search_term_string}\"},\"query-input\":{\"@type\":\"PropertyValueSpecification\",\"valueRequired\":true,\"valueName\":\"search_term_string\"}}],\"inLanguage\":\"fr-FR\"},{\"@type\":\"Organization\",\"@id\":\"https:\/\/www.campings.com\/fr\/content\/#organization\",\"name\":\"CAMPINGS.COM\",\"url\":\"https:\/\/www.campings.com\/fr\/content\/\",\"logo\":{\"@type\":\"ImageObject\",\"inLanguage\":\"fr-FR\",\"@id\":\"https:\/\/www.campings.com\/fr\/content\/#\/schema\/logo\/image\/\",\"url\":\"https:\/\/www.campings.com\/fr\/content\/wp-content\/uploads\/2019\/01\/cropped-logo-1.png\",\"contentUrl\":\"https:\/\/www.campings.com\/fr\/content\/wp-content\/uploads\/2019\/01\/cropped-logo-1.png\",\"width\":174,\"height\":42,\"caption\":\"CAMPINGS.COM\"},\"image\":{\"@id\":\"https:\/\/www.campings.com\/fr\/content\/#\/schema\/logo\/image\/\"}}]}<\/script>\n<!-- \/ Yoast SEO plugin. -->","yoast_head_json":{"title":"Guide campings Gorges du Verdon -","robots":{"index":"index","follow":"follow","max-snippet":"max-snippet:-1","max-image-preview":"max-image-preview:large","max-video-preview":"max-video-preview:-1"},"canonical":"https:\/\/www.campings.com\/fr\/content\/guide-campings-gorges-du-verdon\/","og_locale":"fr_FR","og_type":"article","og_title":"Guide campings Gorges du Verdon -","og_description":"Les Gorges du Verdon : votre prochaine destination sportive et culturelle ! Canyon majestueux, le plus grand d\u2019Europe, site naturel grandiose&#8230; avec raison, les qualificatifs ne manquent pas pour les Gorges du Verdon. En vacances en camping dans les Gorges du Verdon, c\u2019est en effet un site incontournable qui s\u2019ouvre \u00e0 vous. En camping dans [&hellip;]","og_url":"https:\/\/www.campings.com\/fr\/content\/guide-campings-gorges-du-verdon\/","article_modified_time":"2019-05-08T10:23:18+00:00","og_image":[{"width":1280,"height":853,"url":"https:\/\/www.campings.com\/fr\/content\/wp-content\/uploads\/2019\/05\/gorges-du-verdon-2.jpg","type":"image\/jpeg"}],"twitter_card":"summary_large_image","twitter_misc":{"Dur\u00e9e de lecture estim\u00e9e":"1 minute"},"schema":{"@context":"https:\/\/schema.org","@graph":[{"@type":"WebPage","@id":"https:\/\/www.campings.com\/fr\/content\/guide-campings-gorges-du-verdon\/","url":"https:\/\/www.campings.com\/fr\/content\/guide-campings-gorges-du-verdon\/","name":"Guide campings Gorges du Verdon -","isPartOf":{"@id":"https:\/\/www.campings.com\/fr\/content\/#website"},"primaryImageOfPage":{"@id":"https:\/\/www.campings.com\/fr\/content\/guide-campings-gorges-du-verdon\/#primaryimage"},"image":{"@id":"https:\/\/www.campings.com\/fr\/content\/guide-campings-gorges-du-verdon\/#primaryimage"},"thumbnailUrl":"https:\/\/www.campings.com\/fr\/content\/wp-content\/uploads\/2019\/05\/gorges-du-verdon-2.jpg","datePublished":"2019-05-08T10:21:35+00:00","dateModified":"2019-05-08T10:23:18+00:00","breadcrumb":{"@id":"https:\/\/www.campings.com\/fr\/content\/guide-campings-gorges-du-verdon\/#breadcrumb"},"inLanguage":"fr-FR","potentialAction":[{"@type":"ReadAction","target":["https:\/\/www.campings.com\/fr\/content\/guide-campings-gorges-du-verdon\/"]}]},{"@type":"ImageObject","inLanguage":"fr-FR","@id":"https:\/\/www.campings.com\/fr\/content\/guide-campings-gorges-du-verdon\/#primaryimage","url":"https:\/\/www.campings.com\/fr\/content\/wp-content\/uploads\/2019\/05\/gorges-du-verdon-2.jpg","contentUrl":"https:\/\/www.campings.com\/fr\/content\/wp-content\/uploads\/2019\/05\/gorges-du-verdon-2.jpg","width":1280,"height":853},{"@type":"BreadcrumbList","@id":"https:\/\/www.campings.com\/fr\/content\/guide-campings-gorges-du-verdon\/#breadcrumb","itemListElement":[{"@type":"ListItem","position":1,"name":"Home","item":"https:\/\/www.campings.com\/fr\/content\/"},{"@type":"ListItem","position":2,"name":"Guide campings Gorges du Verdon"}]},{"@type":"WebSite","@id":"https:\/\/www.campings.com\/fr\/content\/#website","url":"https:\/\/www.campings.com\/fr\/content\/","name":"","description":"","publisher":{"@id":"https:\/\/www.campings.com\/fr\/content\/#organization"},"potentialAction":[{"@type":"SearchAction","target":{"@type":"EntryPoint","urlTemplate":"https:\/\/www.campings.com\/fr\/content\/?s={search_term_string}"},"query-input":{"@type":"PropertyValueSpecification","valueRequired":true,"valueName":"search_term_string"}}],"inLanguage":"fr-FR"},{"@type":"Organization","@id":"https:\/\/www.campings.com\/fr\/content\/#organization","name":"CAMPINGS.COM","url":"https:\/\/www.campings.com\/fr\/content\/","logo":{"@type":"ImageObject","inLanguage":"fr-FR","@id":"https:\/\/www.campings.com\/fr\/content\/#\/schema\/logo\/image\/","url":"https:\/\/www.campings.com\/fr\/content\/wp-content\/uploads\/2019\/01\/cropped-logo-1.png","contentUrl":"https:\/\/www.campings.com\/fr\/content\/wp-content\/uploads\/2019\/01\/cropped-logo-1.png","width":174,"height":42,"caption":"CAMPINGS.COM"},"image":{"@id":"https:\/\/www.campings.com\/fr\/content\/#\/schema\/logo\/image\/"}}]}},"_links":{"self":[{"href":"https:\/\/www.campings.com\/fr\/content\/wp-json\/wp\/v2\/pages\/1215","targetHints":{"allow":["GET"]}}],"collection":[{"href":"https:\/\/www.campings.com\/fr\/content\/wp-json\/wp\/v2\/pages"}],"about":[{"href":"https:\/\/www.campings.com\/fr\/content\/wp-json\/wp\/v2\/types\/page"}],"author":[{"embeddable":true,"href":"https:\/\/www.campings.com\/fr\/content\/wp-json\/wp\/v2\/users\/1"}],"replies":[{"embeddable":true,"href":"https:\/\/www.campings.com\/fr\/content\/wp-json\/wp\/v2\/comments?post=1215"}],"version-history":[{"count":2,"href":"https:\/\/www.campings.com\/fr\/content\/wp-json\/wp\/v2\/pages\/1215\/revisions"}],"predecessor-version":[{"id":1232,"href":"https:\/\/www.campings.com\/fr\/content\/wp-json\/wp\/v2\/pages\/1215\/revisions\/1232"}],"wp:featuredmedia":[{"embeddable":true,"href":"https:\/\/www.campings.com\/fr\/content\/wp-json\/wp\/v2\/media\/1216"}],"wp:attachment":[{"href":"https:\/\/www.campings.com\/fr\/content\/wp-json\/wp\/v2\/media?parent=1215"}],"curies":[{"name":"wp","href":"https:\/\/api.w.org\/{rel}","templated":true}]}}