{"id":1162,"date":"2019-05-08T09:30:26","date_gmt":"2019-05-08T09:30:26","guid":{"rendered":"https:\/\/www.campings.com\/fr\/content\/?page_id=1162"},"modified":"2019-05-08T09:30:26","modified_gmt":"2019-05-08T09:30:26","slug":"guide-campings-portugal","status":"publish","type":"page","link":"https:\/\/www.campings.com\/fr\/content\/guide-campings-portugal\/","title":{"rendered":"Guide campings Portugal"},"content":{"rendered":"<p>Le Portugal est un des pays les plus touristiques d&rsquo;Europe. Situ\u00e9 \u00e0 l&rsquo;ouest de la p\u00e9ninsule ib\u00e9rique, voisin de l&rsquo;Espagne, seul pays avec lequel il partage une fronti\u00e8re terrestre, le Portugal est l&rsquo;une des nations les plus ensoleill\u00e9es d&rsquo;Europe.\u00a0Et l&rsquo;une des plus rapides d&rsquo;acc\u00e8s pour les touristes venus de l&rsquo;Hexagone ! Pour les amateurs de vacances estivales, le Portugal constitue une destination de premier choix.<\/p>\n<p>En effet, l&rsquo;Etat du sud de l&rsquo;Europe jouit d&rsquo;un climat plus qu&rsquo;agr\u00e9able au cours de la saison chaude. Qui plus est, la culture portugaise est l&rsquo;une des plus riches et promet d&rsquo;incroyables d\u00e9couvertes tout au long de son s\u00e9jour.\u00a0Ainsi, lors de vos vacances en camping au Portugal, vous aurez l&rsquo;opportunit\u00e9 de vous immerger dans une atmosph\u00e8re \u00e0 la fois conviviale et chaleureuse, typique des pays du sud du continent !<\/p>\n<p>Quelque soit votre choix de vacances en camping au Portugal, ne passez pas \u00e0 c\u00f4t\u00e9 des incroyables merveilles culinaires que propose ce petit Etat&#8230; des d\u00e9licieuses past\u00e9is de nata que vous aurez la chance de d\u00e9guster dans la grande majorit\u00e9 des p\u00e2tisseries de Lisbonne ou des autres communes portugaises, jusqu&rsquo;\u00e0 la morue, sp\u00e9cialit\u00e9 locale que l&rsquo;on peut d\u00e9couvrir cuisin\u00e9e sous toutes ses formes, vos papilles profiteront elles aussi d&rsquo;un s\u00e9jour inoubliable ! Il existe de nombreux lieux d&rsquo;exception au sein de la R\u00e9publique portugaise.\u00a0D\u00e9couvrez les villes et les r\u00e9gions les plus dignes d&rsquo;int\u00e9r\u00eat pour choisir un camping au Portugal qui vous ressemble et qui vous offrira les vacances que vous m\u00e9ritez vraiment.<\/p>\n","protected":false},"excerpt":{"rendered":"<p>Le Portugal est un des pays les plus touristiques d&rsquo;Europe. Situ\u00e9 \u00e0 l&rsquo;ouest de la p\u00e9ninsule ib\u00e9rique, voisin de l&rsquo;Espagne, seul pays avec lequel il partage une fronti\u00e8re terrestre, le Portugal est l&rsquo;une des nations les plus ensoleill\u00e9es d&rsquo;Europe.\u00a0Et l&rsquo;une des plus rapides d&rsquo;acc\u00e8s pour les touristes venus de l&rsquo;Hexagone ! Pour les amateurs de [&hellip;]<\/p>\n","protected":false},"author":1,"featured_media":1163,"parent":0,"menu_order":0,"comment_status":"closed","ping_status":"closed","template":"template-region.php","meta":{"_acf_changed":false,"footnotes":""},"class_list":["post-1162","page","type-page","status-publish","has-post-thumbnail","hentry"],"acf":[],"yoast_head":"<!-- This site is optimized with the Yoast SEO plugin v27.1.1 - https:\/\/yoast.com\/product\/yoast-seo-wordpress\/ -->\n<title>Guide campings Portugal -<\/title>\n<meta name=\"robots\" content=\"index, follow, max-snippet:-1, max-image-preview:large, max-video-preview:-1\" \/>\n<link rel=\"canonical\" href=\"https:\/\/www.campings.com\/fr\/content\/guide-campings-portugal\/\" \/>\n<meta property=\"og:locale\" content=\"fr_FR\" \/>\n<meta property=\"og:type\" content=\"article\" \/>\n<meta property=\"og:title\" content=\"Guide campings Portugal -\" \/>\n<meta property=\"og:description\" content=\"Le Portugal est un des pays les plus touristiques d&rsquo;Europe. Situ\u00e9 \u00e0 l&rsquo;ouest de la p\u00e9ninsule ib\u00e9rique, voisin de l&rsquo;Espagne, seul pays avec lequel il partage une fronti\u00e8re terrestre, le Portugal est l&rsquo;une des nations les plus ensoleill\u00e9es d&rsquo;Europe.\u00a0Et l&rsquo;une des plus rapides d&rsquo;acc\u00e8s pour les touristes venus de l&rsquo;Hexagone ! Pour les amateurs de [&hellip;]\" \/>\n<meta property=\"og:url\" content=\"https:\/\/www.campings.com\/fr\/content\/guide-campings-portugal\/\" \/>\n<meta property=\"og:image\" content=\"https:\/\/www.campings.com\/fr\/content\/wp-content\/uploads\/2019\/05\/portugal-1.jpg\" \/>\n\t<meta property=\"og:image:width\" content=\"1440\" \/>\n\t<meta property=\"og:image:height\" content=\"823\" \/>\n\t<meta property=\"og:image:type\" content=\"image\/jpeg\" \/>\n<meta name=\"twitter:card\" content=\"summary_large_image\" \/>\n<meta name=\"twitter:label1\" content=\"Dur\u00e9e de lecture estim\u00e9e\" \/>\n\t<meta name=\"twitter:data1\" content=\"1 minute\" \/>\n<script type=\"application\/ld+json\" class=\"yoast-schema-graph\">{\"@context\":\"https:\/\/schema.org\",\"@graph\":[{\"@type\":\"WebPage\",\"@id\":\"https:\/\/www.campings.com\/fr\/content\/guide-campings-portugal\/\",\"url\":\"https:\/\/www.campings.com\/fr\/content\/guide-campings-portugal\/\",\"name\":\"Guide campings Portugal -\",\"isPartOf\":{\"@id\":\"https:\/\/www.campings.com\/fr\/content\/#website\"},\"primaryImageOfPage\":{\"@id\":\"https:\/\/www.campings.com\/fr\/content\/guide-campings-portugal\/#primaryimage\"},\"image\":{\"@id\":\"https:\/\/www.campings.com\/fr\/content\/guide-campings-portugal\/#primaryimage\"},\"thumbnailUrl\":\"https:\/\/www.campings.com\/fr\/content\/wp-content\/uploads\/2019\/05\/portugal-1.jpg\",\"datePublished\":\"2019-05-08T09:30:26+00:00\",\"breadcrumb\":{\"@id\":\"https:\/\/www.campings.com\/fr\/content\/guide-campings-portugal\/#breadcrumb\"},\"inLanguage\":\"fr-FR\",\"potentialAction\":[{\"@type\":\"ReadAction\",\"target\":[\"https:\/\/www.campings.com\/fr\/content\/guide-campings-portugal\/\"]}]},{\"@type\":\"ImageObject\",\"inLanguage\":\"fr-FR\",\"@id\":\"https:\/\/www.campings.com\/fr\/content\/guide-campings-portugal\/#primaryimage\",\"url\":\"https:\/\/www.campings.com\/fr\/content\/wp-content\/uploads\/2019\/05\/portugal-1.jpg\",\"contentUrl\":\"https:\/\/www.campings.com\/fr\/content\/wp-content\/uploads\/2019\/05\/portugal-1.jpg\",\"width\":1440,\"height\":823,\"caption\":\"Porto, Portugal cityscape on the Douro River and Dom Luis I Bridge.\"},{\"@type\":\"BreadcrumbList\",\"@id\":\"https:\/\/www.campings.com\/fr\/content\/guide-campings-portugal\/#breadcrumb\",\"itemListElement\":[{\"@type\":\"ListItem\",\"position\":1,\"name\":\"Home\",\"item\":\"https:\/\/www.campings.com\/fr\/content\/\"},{\"@type\":\"ListItem\",\"position\":2,\"name\":\"Guide campings Portugal\"}]},{\"@type\":\"WebSite\",\"@id\":\"https:\/\/www.campings.com\/fr\/content\/#website\",\"url\":\"https:\/\/www.campings.com\/fr\/content\/\",\"name\":\"\",\"description\":\"\",\"publisher\":{\"@id\":\"https:\/\/www.campings.com\/fr\/content\/#organization\"},\"potentialAction\":[{\"@type\":\"SearchAction\",\"target\":{\"@type\":\"EntryPoint\",\"urlTemplate\":\"https:\/\/www.campings.com\/fr\/content\/?s={search_term_string}\"},\"query-input\":{\"@type\":\"PropertyValueSpecification\",\"valueRequired\":true,\"valueName\":\"search_term_string\"}}],\"inLanguage\":\"fr-FR\"},{\"@type\":\"Organization\",\"@id\":\"https:\/\/www.campings.com\/fr\/content\/#organization\",\"name\":\"CAMPINGS.COM\",\"url\":\"https:\/\/www.campings.com\/fr\/content\/\",\"logo\":{\"@type\":\"ImageObject\",\"inLanguage\":\"fr-FR\",\"@id\":\"https:\/\/www.campings.com\/fr\/content\/#\/schema\/logo\/image\/\",\"url\":\"https:\/\/www.campings.com\/fr\/content\/wp-content\/uploads\/2019\/01\/cropped-logo-1.png\",\"contentUrl\":\"https:\/\/www.campings.com\/fr\/content\/wp-content\/uploads\/2019\/01\/cropped-logo-1.png\",\"width\":174,\"height\":42,\"caption\":\"CAMPINGS.COM\"},\"image\":{\"@id\":\"https:\/\/www.campings.com\/fr\/content\/#\/schema\/logo\/image\/\"}}]}<\/script>\n<!-- \/ Yoast SEO plugin. -->","yoast_head_json":{"title":"Guide campings Portugal -","robots":{"index":"index","follow":"follow","max-snippet":"max-snippet:-1","max-image-preview":"max-image-preview:large","max-video-preview":"max-video-preview:-1"},"canonical":"https:\/\/www.campings.com\/fr\/content\/guide-campings-portugal\/","og_locale":"fr_FR","og_type":"article","og_title":"Guide campings Portugal -","og_description":"Le Portugal est un des pays les plus touristiques d&rsquo;Europe. Situ\u00e9 \u00e0 l&rsquo;ouest de la p\u00e9ninsule ib\u00e9rique, voisin de l&rsquo;Espagne, seul pays avec lequel il partage une fronti\u00e8re terrestre, le Portugal est l&rsquo;une des nations les plus ensoleill\u00e9es d&rsquo;Europe.\u00a0Et l&rsquo;une des plus rapides d&rsquo;acc\u00e8s pour les touristes venus de l&rsquo;Hexagone ! Pour les amateurs de [&hellip;]","og_url":"https:\/\/www.campings.com\/fr\/content\/guide-campings-portugal\/","og_image":[{"width":1440,"height":823,"url":"https:\/\/www.campings.com\/fr\/content\/wp-content\/uploads\/2019\/05\/portugal-1.jpg","type":"image\/jpeg"}],"twitter_card":"summary_large_image","twitter_misc":{"Dur\u00e9e de lecture estim\u00e9e":"1 minute"},"schema":{"@context":"https:\/\/schema.org","@graph":[{"@type":"WebPage","@id":"https:\/\/www.campings.com\/fr\/content\/guide-campings-portugal\/","url":"https:\/\/www.campings.com\/fr\/content\/guide-campings-portugal\/","name":"Guide campings Portugal -","isPartOf":{"@id":"https:\/\/www.campings.com\/fr\/content\/#website"},"primaryImageOfPage":{"@id":"https:\/\/www.campings.com\/fr\/content\/guide-campings-portugal\/#primaryimage"},"image":{"@id":"https:\/\/www.campings.com\/fr\/content\/guide-campings-portugal\/#primaryimage"},"thumbnailUrl":"https:\/\/www.campings.com\/fr\/content\/wp-content\/uploads\/2019\/05\/portugal-1.jpg","datePublished":"2019-05-08T09:30:26+00:00","breadcrumb":{"@id":"https:\/\/www.campings.com\/fr\/content\/guide-campings-portugal\/#breadcrumb"},"inLanguage":"fr-FR","potentialAction":[{"@type":"ReadAction","target":["https:\/\/www.campings.com\/fr\/content\/guide-campings-portugal\/"]}]},{"@type":"ImageObject","inLanguage":"fr-FR","@id":"https:\/\/www.campings.com\/fr\/content\/guide-campings-portugal\/#primaryimage","url":"https:\/\/www.campings.com\/fr\/content\/wp-content\/uploads\/2019\/05\/portugal-1.jpg","contentUrl":"https:\/\/www.campings.com\/fr\/content\/wp-content\/uploads\/2019\/05\/portugal-1.jpg","width":1440,"height":823,"caption":"Porto, Portugal cityscape on the Douro River and Dom Luis I Bridge."},{"@type":"BreadcrumbList","@id":"https:\/\/www.campings.com\/fr\/content\/guide-campings-portugal\/#breadcrumb","itemListElement":[{"@type":"ListItem","position":1,"name":"Home","item":"https:\/\/www.campings.com\/fr\/content\/"},{"@type":"ListItem","position":2,"name":"Guide campings Portugal"}]},{"@type":"WebSite","@id":"https:\/\/www.campings.com\/fr\/content\/#website","url":"https:\/\/www.campings.com\/fr\/content\/","name":"","description":"","publisher":{"@id":"https:\/\/www.campings.com\/fr\/content\/#organization"},"potentialAction":[{"@type":"SearchAction","target":{"@type":"EntryPoint","urlTemplate":"https:\/\/www.campings.com\/fr\/content\/?s={search_term_string}"},"query-input":{"@type":"PropertyValueSpecification","valueRequired":true,"valueName":"search_term_string"}}],"inLanguage":"fr-FR"},{"@type":"Organization","@id":"https:\/\/www.campings.com\/fr\/content\/#organization","name":"CAMPINGS.COM","url":"https:\/\/www.campings.com\/fr\/content\/","logo":{"@type":"ImageObject","inLanguage":"fr-FR","@id":"https:\/\/www.campings.com\/fr\/content\/#\/schema\/logo\/image\/","url":"https:\/\/www.campings.com\/fr\/content\/wp-content\/uploads\/2019\/01\/cropped-logo-1.png","contentUrl":"https:\/\/www.campings.com\/fr\/content\/wp-content\/uploads\/2019\/01\/cropped-logo-1.png","width":174,"height":42,"caption":"CAMPINGS.COM"},"image":{"@id":"https:\/\/www.campings.com\/fr\/content\/#\/schema\/logo\/image\/"}}]}},"_links":{"self":[{"href":"https:\/\/www.campings.com\/fr\/content\/wp-json\/wp\/v2\/pages\/1162","targetHints":{"allow":["GET"]}}],"collection":[{"href":"https:\/\/www.campings.com\/fr\/content\/wp-json\/wp\/v2\/pages"}],"about":[{"href":"https:\/\/www.campings.com\/fr\/content\/wp-json\/wp\/v2\/types\/page"}],"author":[{"embeddable":true,"href":"https:\/\/www.campings.com\/fr\/content\/wp-json\/wp\/v2\/users\/1"}],"replies":[{"embeddable":true,"href":"https:\/\/www.campings.com\/fr\/content\/wp-json\/wp\/v2\/comments?post=1162"}],"version-history":[{"count":2,"href":"https:\/\/www.campings.com\/fr\/content\/wp-json\/wp\/v2\/pages\/1162\/revisions"}],"predecessor-version":[{"id":1178,"href":"https:\/\/www.campings.com\/fr\/content\/wp-json\/wp\/v2\/pages\/1162\/revisions\/1178"}],"wp:featuredmedia":[{"embeddable":true,"href":"https:\/\/www.campings.com\/fr\/content\/wp-json\/wp\/v2\/media\/1163"}],"wp:attachment":[{"href":"https:\/\/www.campings.com\/fr\/content\/wp-json\/wp\/v2\/media?parent=1162"}],"curies":[{"name":"wp","href":"https:\/\/api.w.org\/{rel}","templated":true}]}}