{"id":1112,"date":"2019-05-08T08:43:51","date_gmt":"2019-05-08T08:43:51","guid":{"rendered":"https:\/\/www.campings.com\/fr\/content\/?page_id=1112"},"modified":"2025-09-16T15:31:42","modified_gmt":"2025-09-16T14:31:42","slug":"guide-campings-pays-basque","status":"publish","type":"page","link":"https:\/\/www.campings.com\/fr\/content\/guide-campings-pays-basque\/","title":{"rendered":"Guide Campings Pays-Basque"},"content":{"rendered":"<p>Vous r\u00eavez de culture, de mer et de montagne ? C\u2019est en vacances en camping dans le <a href=\"https:\/\/www.campings.com\/fr\/landing\/campings-dans-le-pays-basque\">Pays Basque<\/a> qu\u2019il vous faut aller. Avec ses villes c\u00f4ti\u00e8res, ses montagnes, ses traditions et sa nature pr\u00e9serv\u00e9e, le Pays Basque est unique en son genre. Aux portes de l\u2019Espagne, mariant culture oc\u00e9anique et culture montagnarde, le Pays Basque est un endroit rare.<\/p>\n<p>Amateurs de gastronomie ? Avec son fromage de brebis au go\u00fbt in\u00e9gal\u00e9, son jambon de Bayonne et ses chocolats, mais aussi ses plats traditionnels issus de la mer \u2013 morue \u00e0 la biscayenne, chipirons \u2013 et son fameux g\u00e2teau basque, la r\u00e9gion a de quoi r\u00e9jouir les papilles. En camping dans le Pays Basque, vous serez combl\u00e9s.<\/p>\n<p>C\u2019est aussi dans le Pays Basque que se r\u00e9unissent amoureux de la mer, surfeurs et amateurs de belles plages. N\u2019attendez plus pour votre location de mobile-home dans le Pays Basque ! Plages de sable fin ou encore de galets, belles vagues ou plages calmes, chacun, petit ou grand, y trouvera son compte.<\/p>\n<p>Enfin, que serait le Pays Basque sans sa culture ? Amateurs de patrimoine culturel et de traditions vivantes, vous trouverez ici de quoi vous r\u00e9jouir. Entre une pelote basque et les f\u00eates de Bayonne, n\u2019oubliez pas d\u2019\u00e9couter les magnifiques chants traditionnels basques. En camping dans le Pays Basque, c\u2019est toute une culture qui vient \u00e0 vous.<\/p>\n","protected":false},"excerpt":{"rendered":"<p>Vous r\u00eavez de culture, de mer et de montagne ? C\u2019est en vacances en camping dans le Pays Basque qu\u2019il vous faut aller. Avec ses villes c\u00f4ti\u00e8res, ses montagnes, ses traditions et sa nature pr\u00e9serv\u00e9e, le Pays Basque est unique en son genre. Aux portes de l\u2019Espagne, mariant culture oc\u00e9anique et culture montagnarde, le Pays [&hellip;]<\/p>\n","protected":false},"author":1,"featured_media":1113,"parent":0,"menu_order":0,"comment_status":"closed","ping_status":"closed","template":"template-region.php","meta":{"_acf_changed":false,"footnotes":""},"class_list":["post-1112","page","type-page","status-publish","has-post-thumbnail","hentry"],"acf":[],"yoast_head":"<!-- This site is optimized with the Yoast SEO plugin v27.1.1 - https:\/\/yoast.com\/product\/yoast-seo-wordpress\/ -->\n<title>Guide Campings Pays-Basque -<\/title>\n<meta name=\"robots\" content=\"index, follow, max-snippet:-1, max-image-preview:large, max-video-preview:-1\" \/>\n<link rel=\"canonical\" href=\"https:\/\/www.campings.com\/fr\/content\/guide-campings-pays-basque\/\" \/>\n<meta property=\"og:locale\" content=\"fr_FR\" \/>\n<meta property=\"og:type\" content=\"article\" \/>\n<meta property=\"og:title\" content=\"Guide Campings Pays-Basque -\" \/>\n<meta property=\"og:description\" content=\"Vous r\u00eavez de culture, de mer et de montagne ? C\u2019est en vacances en camping dans le Pays Basque qu\u2019il vous faut aller. Avec ses villes c\u00f4ti\u00e8res, ses montagnes, ses traditions et sa nature pr\u00e9serv\u00e9e, le Pays Basque est unique en son genre. Aux portes de l\u2019Espagne, mariant culture oc\u00e9anique et culture montagnarde, le Pays [&hellip;]\" \/>\n<meta property=\"og:url\" content=\"https:\/\/www.campings.com\/fr\/content\/guide-campings-pays-basque\/\" \/>\n<meta property=\"article:modified_time\" content=\"2025-09-16T14:31:42+00:00\" \/>\n<meta property=\"og:image\" content=\"https:\/\/www.campings.com\/fr\/content\/wp-content\/uploads\/2019\/05\/ob_95a8c0_5936.jpg\" \/>\n\t<meta property=\"og:image:width\" content=\"1124\" \/>\n\t<meta property=\"og:image:height\" content=\"749\" \/>\n\t<meta property=\"og:image:type\" content=\"image\/jpeg\" \/>\n<meta name=\"twitter:card\" content=\"summary_large_image\" \/>\n<meta name=\"twitter:label1\" content=\"Dur\u00e9e de lecture estim\u00e9e\" \/>\n\t<meta name=\"twitter:data1\" content=\"1 minute\" \/>\n<script type=\"application\/ld+json\" class=\"yoast-schema-graph\">{\"@context\":\"https:\/\/schema.org\",\"@graph\":[{\"@type\":\"WebPage\",\"@id\":\"https:\/\/www.campings.com\/fr\/content\/guide-campings-pays-basque\/\",\"url\":\"https:\/\/www.campings.com\/fr\/content\/guide-campings-pays-basque\/\",\"name\":\"Guide Campings Pays-Basque -\",\"isPartOf\":{\"@id\":\"https:\/\/www.campings.com\/fr\/content\/#website\"},\"primaryImageOfPage\":{\"@id\":\"https:\/\/www.campings.com\/fr\/content\/guide-campings-pays-basque\/#primaryimage\"},\"image\":{\"@id\":\"https:\/\/www.campings.com\/fr\/content\/guide-campings-pays-basque\/#primaryimage\"},\"thumbnailUrl\":\"https:\/\/www.campings.com\/fr\/content\/wp-content\/uploads\/2019\/05\/ob_95a8c0_5936.jpg\",\"datePublished\":\"2019-05-08T08:43:51+00:00\",\"dateModified\":\"2025-09-16T14:31:42+00:00\",\"breadcrumb\":{\"@id\":\"https:\/\/www.campings.com\/fr\/content\/guide-campings-pays-basque\/#breadcrumb\"},\"inLanguage\":\"fr-FR\",\"potentialAction\":[{\"@type\":\"ReadAction\",\"target\":[\"https:\/\/www.campings.com\/fr\/content\/guide-campings-pays-basque\/\"]}]},{\"@type\":\"ImageObject\",\"inLanguage\":\"fr-FR\",\"@id\":\"https:\/\/www.campings.com\/fr\/content\/guide-campings-pays-basque\/#primaryimage\",\"url\":\"https:\/\/www.campings.com\/fr\/content\/wp-content\/uploads\/2019\/05\/ob_95a8c0_5936.jpg\",\"contentUrl\":\"https:\/\/www.campings.com\/fr\/content\/wp-content\/uploads\/2019\/05\/ob_95a8c0_5936.jpg\",\"width\":1124,\"height\":749},{\"@type\":\"BreadcrumbList\",\"@id\":\"https:\/\/www.campings.com\/fr\/content\/guide-campings-pays-basque\/#breadcrumb\",\"itemListElement\":[{\"@type\":\"ListItem\",\"position\":1,\"name\":\"Home\",\"item\":\"https:\/\/www.campings.com\/fr\/content\/\"},{\"@type\":\"ListItem\",\"position\":2,\"name\":\"Guide Campings Pays-Basque\"}]},{\"@type\":\"WebSite\",\"@id\":\"https:\/\/www.campings.com\/fr\/content\/#website\",\"url\":\"https:\/\/www.campings.com\/fr\/content\/\",\"name\":\"\",\"description\":\"\",\"publisher\":{\"@id\":\"https:\/\/www.campings.com\/fr\/content\/#organization\"},\"potentialAction\":[{\"@type\":\"SearchAction\",\"target\":{\"@type\":\"EntryPoint\",\"urlTemplate\":\"https:\/\/www.campings.com\/fr\/content\/?s={search_term_string}\"},\"query-input\":{\"@type\":\"PropertyValueSpecification\",\"valueRequired\":true,\"valueName\":\"search_term_string\"}}],\"inLanguage\":\"fr-FR\"},{\"@type\":\"Organization\",\"@id\":\"https:\/\/www.campings.com\/fr\/content\/#organization\",\"name\":\"CAMPINGS.COM\",\"url\":\"https:\/\/www.campings.com\/fr\/content\/\",\"logo\":{\"@type\":\"ImageObject\",\"inLanguage\":\"fr-FR\",\"@id\":\"https:\/\/www.campings.com\/fr\/content\/#\/schema\/logo\/image\/\",\"url\":\"https:\/\/www.campings.com\/fr\/content\/wp-content\/uploads\/2019\/01\/cropped-logo-1.png\",\"contentUrl\":\"https:\/\/www.campings.com\/fr\/content\/wp-content\/uploads\/2019\/01\/cropped-logo-1.png\",\"width\":174,\"height\":42,\"caption\":\"CAMPINGS.COM\"},\"image\":{\"@id\":\"https:\/\/www.campings.com\/fr\/content\/#\/schema\/logo\/image\/\"}}]}<\/script>\n<!-- \/ Yoast SEO plugin. -->","yoast_head_json":{"title":"Guide Campings Pays-Basque -","robots":{"index":"index","follow":"follow","max-snippet":"max-snippet:-1","max-image-preview":"max-image-preview:large","max-video-preview":"max-video-preview:-1"},"canonical":"https:\/\/www.campings.com\/fr\/content\/guide-campings-pays-basque\/","og_locale":"fr_FR","og_type":"article","og_title":"Guide Campings Pays-Basque -","og_description":"Vous r\u00eavez de culture, de mer et de montagne ? C\u2019est en vacances en camping dans le Pays Basque qu\u2019il vous faut aller. Avec ses villes c\u00f4ti\u00e8res, ses montagnes, ses traditions et sa nature pr\u00e9serv\u00e9e, le Pays Basque est unique en son genre. Aux portes de l\u2019Espagne, mariant culture oc\u00e9anique et culture montagnarde, le Pays [&hellip;]","og_url":"https:\/\/www.campings.com\/fr\/content\/guide-campings-pays-basque\/","article_modified_time":"2025-09-16T14:31:42+00:00","og_image":[{"width":1124,"height":749,"url":"https:\/\/www.campings.com\/fr\/content\/wp-content\/uploads\/2019\/05\/ob_95a8c0_5936.jpg","type":"image\/jpeg"}],"twitter_card":"summary_large_image","twitter_misc":{"Dur\u00e9e de lecture estim\u00e9e":"1 minute"},"schema":{"@context":"https:\/\/schema.org","@graph":[{"@type":"WebPage","@id":"https:\/\/www.campings.com\/fr\/content\/guide-campings-pays-basque\/","url":"https:\/\/www.campings.com\/fr\/content\/guide-campings-pays-basque\/","name":"Guide Campings Pays-Basque -","isPartOf":{"@id":"https:\/\/www.campings.com\/fr\/content\/#website"},"primaryImageOfPage":{"@id":"https:\/\/www.campings.com\/fr\/content\/guide-campings-pays-basque\/#primaryimage"},"image":{"@id":"https:\/\/www.campings.com\/fr\/content\/guide-campings-pays-basque\/#primaryimage"},"thumbnailUrl":"https:\/\/www.campings.com\/fr\/content\/wp-content\/uploads\/2019\/05\/ob_95a8c0_5936.jpg","datePublished":"2019-05-08T08:43:51+00:00","dateModified":"2025-09-16T14:31:42+00:00","breadcrumb":{"@id":"https:\/\/www.campings.com\/fr\/content\/guide-campings-pays-basque\/#breadcrumb"},"inLanguage":"fr-FR","potentialAction":[{"@type":"ReadAction","target":["https:\/\/www.campings.com\/fr\/content\/guide-campings-pays-basque\/"]}]},{"@type":"ImageObject","inLanguage":"fr-FR","@id":"https:\/\/www.campings.com\/fr\/content\/guide-campings-pays-basque\/#primaryimage","url":"https:\/\/www.campings.com\/fr\/content\/wp-content\/uploads\/2019\/05\/ob_95a8c0_5936.jpg","contentUrl":"https:\/\/www.campings.com\/fr\/content\/wp-content\/uploads\/2019\/05\/ob_95a8c0_5936.jpg","width":1124,"height":749},{"@type":"BreadcrumbList","@id":"https:\/\/www.campings.com\/fr\/content\/guide-campings-pays-basque\/#breadcrumb","itemListElement":[{"@type":"ListItem","position":1,"name":"Home","item":"https:\/\/www.campings.com\/fr\/content\/"},{"@type":"ListItem","position":2,"name":"Guide Campings Pays-Basque"}]},{"@type":"WebSite","@id":"https:\/\/www.campings.com\/fr\/content\/#website","url":"https:\/\/www.campings.com\/fr\/content\/","name":"","description":"","publisher":{"@id":"https:\/\/www.campings.com\/fr\/content\/#organization"},"potentialAction":[{"@type":"SearchAction","target":{"@type":"EntryPoint","urlTemplate":"https:\/\/www.campings.com\/fr\/content\/?s={search_term_string}"},"query-input":{"@type":"PropertyValueSpecification","valueRequired":true,"valueName":"search_term_string"}}],"inLanguage":"fr-FR"},{"@type":"Organization","@id":"https:\/\/www.campings.com\/fr\/content\/#organization","name":"CAMPINGS.COM","url":"https:\/\/www.campings.com\/fr\/content\/","logo":{"@type":"ImageObject","inLanguage":"fr-FR","@id":"https:\/\/www.campings.com\/fr\/content\/#\/schema\/logo\/image\/","url":"https:\/\/www.campings.com\/fr\/content\/wp-content\/uploads\/2019\/01\/cropped-logo-1.png","contentUrl":"https:\/\/www.campings.com\/fr\/content\/wp-content\/uploads\/2019\/01\/cropped-logo-1.png","width":174,"height":42,"caption":"CAMPINGS.COM"},"image":{"@id":"https:\/\/www.campings.com\/fr\/content\/#\/schema\/logo\/image\/"}}]}},"_links":{"self":[{"href":"https:\/\/www.campings.com\/fr\/content\/wp-json\/wp\/v2\/pages\/1112","targetHints":{"allow":["GET"]}}],"collection":[{"href":"https:\/\/www.campings.com\/fr\/content\/wp-json\/wp\/v2\/pages"}],"about":[{"href":"https:\/\/www.campings.com\/fr\/content\/wp-json\/wp\/v2\/types\/page"}],"author":[{"embeddable":true,"href":"https:\/\/www.campings.com\/fr\/content\/wp-json\/wp\/v2\/users\/1"}],"replies":[{"embeddable":true,"href":"https:\/\/www.campings.com\/fr\/content\/wp-json\/wp\/v2\/comments?post=1112"}],"version-history":[{"count":6,"href":"https:\/\/www.campings.com\/fr\/content\/wp-json\/wp\/v2\/pages\/1112\/revisions"}],"predecessor-version":[{"id":6135,"href":"https:\/\/www.campings.com\/fr\/content\/wp-json\/wp\/v2\/pages\/1112\/revisions\/6135"}],"wp:featuredmedia":[{"embeddable":true,"href":"https:\/\/www.campings.com\/fr\/content\/wp-json\/wp\/v2\/media\/1113"}],"wp:attachment":[{"href":"https:\/\/www.campings.com\/fr\/content\/wp-json\/wp\/v2\/media?parent=1112"}],"curies":[{"name":"wp","href":"https:\/\/api.w.org\/{rel}","templated":true}]}}