{"id":1095,"date":"2019-05-08T08:29:18","date_gmt":"2019-05-08T08:29:18","guid":{"rendered":"https:\/\/www.campings.com\/fr\/content\/?page_id=1095"},"modified":"2024-12-27T09:12:53","modified_gmt":"2024-12-27T08:12:53","slug":"guide-campings-a-biarritz","status":"publish","type":"page","link":"https:\/\/www.campings.com\/fr\/content\/guide-campings-a-biarritz\/","title":{"rendered":"Guide campings \u00e0 Biarritz"},"content":{"rendered":"<p>Cet \u00e9t\u00e9, tentez une aventure d\u00e9paysante et partez en camping \u00e0 Biarritz. En plein coeur du Pays Basque, cette magnifique station baln\u00e9aire vous promet un s\u00e9jour de r\u00eave. Parmi les nombreux \u00e9tablissements install\u00e9s sur le territoire de la commune ou dans ses environs, vous trouverez sans probl\u00e8me le bungalow qu&rsquo;il vous faut. Au bord de l&rsquo;eau, en ville ou dans la nature : tout est possible, il vous suffit de parcourir notre offre en ligne et r\u00e9server en un clic. La location de mobil-home \u00e0 Biarritz vous permettra de d\u00e9couvrir des plages magnifiques et tr\u00e8s bien entretenues.<\/p>\n<p>Cit\u00e9 du surf, Biarritz plaira aussi aux fans de sensations fortes et de sport. Pour se promener, il y a le Rocher de la Vierge tandi que le mus\u00e9e de la mer cultivera petits et grands. Biarritz vous fait la promesse d&rsquo;un s\u00e9jour estival complet et tout sauf lassant. Et pour changer d&rsquo;air, les belles villes de St-Jean de Luz et de Bidart sont tout pr\u00e8s. Biarritz est une ville inspirante qui a su conserver son charme authentique. Situ\u00e9e \u00e0 la fronti\u00e8re espagnole, la commune vous offre m\u00eame la possibilit\u00e9 de partir au pays des tapas et de la paella si l&rsquo;exp\u00e9rience n&rsquo;est pas assez exotique pour vous.<\/p>\n<p>Mais comment serait-ce possible ? Comment ne pas tomber imm\u00e9diatement sous le charme de ce territoire exceptionnel et tous les tr\u00e9sors qu&rsquo;il renferme ? Les nombreux campings \u00e0 Biarritz vous offrent tout ce qu&rsquo;il faut pour passer des vacances parfaites. Et niveau gastronomie, le programme est tout aussi all\u00e9chant. Personne ne r\u00e9sistera aux saveurs du jambon sec et des desserts sucr\u00e9s basques. C&rsquo;est d\u00e9cid\u00e9 : Biarritz saura votre prochaine destination ! Le soleil \u00e0 vos c\u00f4t\u00e9s, vous allez oublier tous les soucis de votre quotidien et la morosit\u00e9 de la grisaille qui rythme votre routine.<\/p>\n","protected":false},"excerpt":{"rendered":"<p>Cet \u00e9t\u00e9, tentez une aventure d\u00e9paysante et partez en camping \u00e0 Biarritz. En plein coeur du Pays Basque, cette magnifique station baln\u00e9aire vous promet un s\u00e9jour de r\u00eave. Parmi les nombreux \u00e9tablissements install\u00e9s sur le territoire de la commune ou dans ses environs, vous trouverez sans probl\u00e8me le bungalow qu&rsquo;il vous faut. Au bord de [&hellip;]<\/p>\n","protected":false},"author":1,"featured_media":1096,"parent":0,"menu_order":0,"comment_status":"closed","ping_status":"closed","template":"template-region.php","meta":{"_acf_changed":false,"footnotes":""},"class_list":["post-1095","page","type-page","status-publish","has-post-thumbnail","hentry"],"acf":[],"yoast_head":"<!-- This site is optimized with the Yoast SEO plugin v27.1.1 - https:\/\/yoast.com\/product\/yoast-seo-wordpress\/ -->\n<title>Guide campings \u00e0 Biarritz -<\/title>\n<meta name=\"robots\" content=\"index, follow, max-snippet:-1, max-image-preview:large, max-video-preview:-1\" \/>\n<link rel=\"canonical\" href=\"https:\/\/www.campings.com\/fr\/content\/guide-campings-a-biarritz\/\" \/>\n<meta property=\"og:locale\" content=\"fr_FR\" \/>\n<meta property=\"og:type\" content=\"article\" \/>\n<meta property=\"og:title\" content=\"Guide campings \u00e0 Biarritz -\" \/>\n<meta property=\"og:description\" content=\"Cet \u00e9t\u00e9, tentez une aventure d\u00e9paysante et partez en camping \u00e0 Biarritz. En plein coeur du Pays Basque, cette magnifique station baln\u00e9aire vous promet un s\u00e9jour de r\u00eave. Parmi les nombreux \u00e9tablissements install\u00e9s sur le territoire de la commune ou dans ses environs, vous trouverez sans probl\u00e8me le bungalow qu&rsquo;il vous faut. Au bord de [&hellip;]\" \/>\n<meta property=\"og:url\" content=\"https:\/\/www.campings.com\/fr\/content\/guide-campings-a-biarritz\/\" \/>\n<meta property=\"article:modified_time\" content=\"2024-12-27T08:12:53+00:00\" \/>\n<meta property=\"og:image\" content=\"https:\/\/www.campings.com\/fr\/content\/wp-content\/uploads\/2019\/05\/biarritz-1.jpg\" \/>\n\t<meta property=\"og:image:width\" content=\"1376\" \/>\n\t<meta property=\"og:image:height\" content=\"509\" \/>\n\t<meta property=\"og:image:type\" content=\"image\/jpeg\" \/>\n<meta name=\"twitter:card\" content=\"summary_large_image\" \/>\n<meta name=\"twitter:label1\" content=\"Dur\u00e9e de lecture estim\u00e9e\" \/>\n\t<meta name=\"twitter:data1\" content=\"2 minutes\" \/>\n<script type=\"application\/ld+json\" class=\"yoast-schema-graph\">{\"@context\":\"https:\/\/schema.org\",\"@graph\":[{\"@type\":\"WebPage\",\"@id\":\"https:\/\/www.campings.com\/fr\/content\/guide-campings-a-biarritz\/\",\"url\":\"https:\/\/www.campings.com\/fr\/content\/guide-campings-a-biarritz\/\",\"name\":\"Guide campings \u00e0 Biarritz -\",\"isPartOf\":{\"@id\":\"https:\/\/www.campings.com\/fr\/content\/#website\"},\"primaryImageOfPage\":{\"@id\":\"https:\/\/www.campings.com\/fr\/content\/guide-campings-a-biarritz\/#primaryimage\"},\"image\":{\"@id\":\"https:\/\/www.campings.com\/fr\/content\/guide-campings-a-biarritz\/#primaryimage\"},\"thumbnailUrl\":\"https:\/\/www.campings.com\/fr\/content\/wp-content\/uploads\/2019\/05\/biarritz-1.jpg\",\"datePublished\":\"2019-05-08T08:29:18+00:00\",\"dateModified\":\"2024-12-27T08:12:53+00:00\",\"breadcrumb\":{\"@id\":\"https:\/\/www.campings.com\/fr\/content\/guide-campings-a-biarritz\/#breadcrumb\"},\"inLanguage\":\"fr-FR\",\"potentialAction\":[{\"@type\":\"ReadAction\",\"target\":[\"https:\/\/www.campings.com\/fr\/content\/guide-campings-a-biarritz\/\"]}]},{\"@type\":\"ImageObject\",\"inLanguage\":\"fr-FR\",\"@id\":\"https:\/\/www.campings.com\/fr\/content\/guide-campings-a-biarritz\/#primaryimage\",\"url\":\"https:\/\/www.campings.com\/fr\/content\/wp-content\/uploads\/2019\/05\/biarritz-1.jpg\",\"contentUrl\":\"https:\/\/www.campings.com\/fr\/content\/wp-content\/uploads\/2019\/05\/biarritz-1.jpg\",\"width\":1376,\"height\":509},{\"@type\":\"BreadcrumbList\",\"@id\":\"https:\/\/www.campings.com\/fr\/content\/guide-campings-a-biarritz\/#breadcrumb\",\"itemListElement\":[{\"@type\":\"ListItem\",\"position\":1,\"name\":\"Home\",\"item\":\"https:\/\/www.campings.com\/fr\/content\/\"},{\"@type\":\"ListItem\",\"position\":2,\"name\":\"Guide campings \u00e0 Biarritz\"}]},{\"@type\":\"WebSite\",\"@id\":\"https:\/\/www.campings.com\/fr\/content\/#website\",\"url\":\"https:\/\/www.campings.com\/fr\/content\/\",\"name\":\"\",\"description\":\"\",\"publisher\":{\"@id\":\"https:\/\/www.campings.com\/fr\/content\/#organization\"},\"potentialAction\":[{\"@type\":\"SearchAction\",\"target\":{\"@type\":\"EntryPoint\",\"urlTemplate\":\"https:\/\/www.campings.com\/fr\/content\/?s={search_term_string}\"},\"query-input\":{\"@type\":\"PropertyValueSpecification\",\"valueRequired\":true,\"valueName\":\"search_term_string\"}}],\"inLanguage\":\"fr-FR\"},{\"@type\":\"Organization\",\"@id\":\"https:\/\/www.campings.com\/fr\/content\/#organization\",\"name\":\"CAMPINGS.COM\",\"url\":\"https:\/\/www.campings.com\/fr\/content\/\",\"logo\":{\"@type\":\"ImageObject\",\"inLanguage\":\"fr-FR\",\"@id\":\"https:\/\/www.campings.com\/fr\/content\/#\/schema\/logo\/image\/\",\"url\":\"https:\/\/www.campings.com\/fr\/content\/wp-content\/uploads\/2019\/01\/cropped-logo-1.png\",\"contentUrl\":\"https:\/\/www.campings.com\/fr\/content\/wp-content\/uploads\/2019\/01\/cropped-logo-1.png\",\"width\":174,\"height\":42,\"caption\":\"CAMPINGS.COM\"},\"image\":{\"@id\":\"https:\/\/www.campings.com\/fr\/content\/#\/schema\/logo\/image\/\"}}]}<\/script>\n<!-- \/ Yoast SEO plugin. -->","yoast_head_json":{"title":"Guide campings \u00e0 Biarritz -","robots":{"index":"index","follow":"follow","max-snippet":"max-snippet:-1","max-image-preview":"max-image-preview:large","max-video-preview":"max-video-preview:-1"},"canonical":"https:\/\/www.campings.com\/fr\/content\/guide-campings-a-biarritz\/","og_locale":"fr_FR","og_type":"article","og_title":"Guide campings \u00e0 Biarritz -","og_description":"Cet \u00e9t\u00e9, tentez une aventure d\u00e9paysante et partez en camping \u00e0 Biarritz. En plein coeur du Pays Basque, cette magnifique station baln\u00e9aire vous promet un s\u00e9jour de r\u00eave. Parmi les nombreux \u00e9tablissements install\u00e9s sur le territoire de la commune ou dans ses environs, vous trouverez sans probl\u00e8me le bungalow qu&rsquo;il vous faut. Au bord de [&hellip;]","og_url":"https:\/\/www.campings.com\/fr\/content\/guide-campings-a-biarritz\/","article_modified_time":"2024-12-27T08:12:53+00:00","og_image":[{"width":1376,"height":509,"url":"https:\/\/www.campings.com\/fr\/content\/wp-content\/uploads\/2019\/05\/biarritz-1.jpg","type":"image\/jpeg"}],"twitter_card":"summary_large_image","twitter_misc":{"Dur\u00e9e de lecture estim\u00e9e":"2 minutes"},"schema":{"@context":"https:\/\/schema.org","@graph":[{"@type":"WebPage","@id":"https:\/\/www.campings.com\/fr\/content\/guide-campings-a-biarritz\/","url":"https:\/\/www.campings.com\/fr\/content\/guide-campings-a-biarritz\/","name":"Guide campings \u00e0 Biarritz -","isPartOf":{"@id":"https:\/\/www.campings.com\/fr\/content\/#website"},"primaryImageOfPage":{"@id":"https:\/\/www.campings.com\/fr\/content\/guide-campings-a-biarritz\/#primaryimage"},"image":{"@id":"https:\/\/www.campings.com\/fr\/content\/guide-campings-a-biarritz\/#primaryimage"},"thumbnailUrl":"https:\/\/www.campings.com\/fr\/content\/wp-content\/uploads\/2019\/05\/biarritz-1.jpg","datePublished":"2019-05-08T08:29:18+00:00","dateModified":"2024-12-27T08:12:53+00:00","breadcrumb":{"@id":"https:\/\/www.campings.com\/fr\/content\/guide-campings-a-biarritz\/#breadcrumb"},"inLanguage":"fr-FR","potentialAction":[{"@type":"ReadAction","target":["https:\/\/www.campings.com\/fr\/content\/guide-campings-a-biarritz\/"]}]},{"@type":"ImageObject","inLanguage":"fr-FR","@id":"https:\/\/www.campings.com\/fr\/content\/guide-campings-a-biarritz\/#primaryimage","url":"https:\/\/www.campings.com\/fr\/content\/wp-content\/uploads\/2019\/05\/biarritz-1.jpg","contentUrl":"https:\/\/www.campings.com\/fr\/content\/wp-content\/uploads\/2019\/05\/biarritz-1.jpg","width":1376,"height":509},{"@type":"BreadcrumbList","@id":"https:\/\/www.campings.com\/fr\/content\/guide-campings-a-biarritz\/#breadcrumb","itemListElement":[{"@type":"ListItem","position":1,"name":"Home","item":"https:\/\/www.campings.com\/fr\/content\/"},{"@type":"ListItem","position":2,"name":"Guide campings \u00e0 Biarritz"}]},{"@type":"WebSite","@id":"https:\/\/www.campings.com\/fr\/content\/#website","url":"https:\/\/www.campings.com\/fr\/content\/","name":"","description":"","publisher":{"@id":"https:\/\/www.campings.com\/fr\/content\/#organization"},"potentialAction":[{"@type":"SearchAction","target":{"@type":"EntryPoint","urlTemplate":"https:\/\/www.campings.com\/fr\/content\/?s={search_term_string}"},"query-input":{"@type":"PropertyValueSpecification","valueRequired":true,"valueName":"search_term_string"}}],"inLanguage":"fr-FR"},{"@type":"Organization","@id":"https:\/\/www.campings.com\/fr\/content\/#organization","name":"CAMPINGS.COM","url":"https:\/\/www.campings.com\/fr\/content\/","logo":{"@type":"ImageObject","inLanguage":"fr-FR","@id":"https:\/\/www.campings.com\/fr\/content\/#\/schema\/logo\/image\/","url":"https:\/\/www.campings.com\/fr\/content\/wp-content\/uploads\/2019\/01\/cropped-logo-1.png","contentUrl":"https:\/\/www.campings.com\/fr\/content\/wp-content\/uploads\/2019\/01\/cropped-logo-1.png","width":174,"height":42,"caption":"CAMPINGS.COM"},"image":{"@id":"https:\/\/www.campings.com\/fr\/content\/#\/schema\/logo\/image\/"}}]}},"_links":{"self":[{"href":"https:\/\/www.campings.com\/fr\/content\/wp-json\/wp\/v2\/pages\/1095","targetHints":{"allow":["GET"]}}],"collection":[{"href":"https:\/\/www.campings.com\/fr\/content\/wp-json\/wp\/v2\/pages"}],"about":[{"href":"https:\/\/www.campings.com\/fr\/content\/wp-json\/wp\/v2\/types\/page"}],"author":[{"embeddable":true,"href":"https:\/\/www.campings.com\/fr\/content\/wp-json\/wp\/v2\/users\/1"}],"replies":[{"embeddable":true,"href":"https:\/\/www.campings.com\/fr\/content\/wp-json\/wp\/v2\/comments?post=1095"}],"version-history":[{"count":13,"href":"https:\/\/www.campings.com\/fr\/content\/wp-json\/wp\/v2\/pages\/1095\/revisions"}],"predecessor-version":[{"id":4869,"href":"https:\/\/www.campings.com\/fr\/content\/wp-json\/wp\/v2\/pages\/1095\/revisions\/4869"}],"wp:featuredmedia":[{"embeddable":true,"href":"https:\/\/www.campings.com\/fr\/content\/wp-json\/wp\/v2\/media\/1096"}],"wp:attachment":[{"href":"https:\/\/www.campings.com\/fr\/content\/wp-json\/wp\/v2\/media?parent=1095"}],"curies":[{"name":"wp","href":"https:\/\/api.w.org\/{rel}","templated":true}]}}