{"id":94,"date":"2023-06-14T12:15:46","date_gmt":"2023-06-14T12:15:46","guid":{"rendered":"https:\/\/www.campings.com\/es\/content\/?page_id=94"},"modified":"2024-04-05T13:58:42","modified_gmt":"2024-04-05T13:58:42","slug":"condiciones-ofertas","status":"publish","type":"page","link":"https:\/\/www.campings.com\/es\/content\/condiciones-ofertas\/","title":{"rendered":"Condiciones de las Ofertas Especiales"},"content":{"rendered":"<h4>Cancelaci\u00f3n gratuita hasta 30 d\u00edas antes de la fecha de su estad\u00eda<\/h4>\n<p><span style=\"font-weight: 400\">La cancelaci\u00f3n gratuita hasta 30 d\u00edas antes de la fecha de inicio de su estad\u00eda se realizar\u00e1 en forma de un cr\u00e9dito v\u00e1lido por 12 meses (excluyendo el monto del seguro y los gastos de gesti\u00f3n y\/o procesamiento). El cr\u00e9dito se generar\u00e1 autom\u00e1ticamente al cancelar la reserva y se enviar\u00e1 por correo electr\u00f3nico a la direcci\u00f3n de correo electr\u00f3nico proporcionada al hacer la reserva. El cr\u00e9dito ser\u00e1 v\u00e1lido por 12 meses a partir de su fecha de generaci\u00f3n, para fechas de estad\u00eda dentro de los 18 meses siguientes a la fecha de generaci\u00f3n del cr\u00e9dito.<\/span><\/p>\n<p>&nbsp;<\/p>\n<h4>Cancelaci\u00f3n fuera de ofertas especiales<\/h4>\n<p><span style=\"font-weight: 400\">En caso de cancelaci\u00f3n con solicitud de reembolso, se aplicar\u00e1n las tarifas de cancelaci\u00f3n de alojamiento seg\u00fan lo establecido en nuestros T\u00e9rminos y Condiciones Generales de Venta.<\/span><\/p>\n<p><span style=\"font-weight: 400\">Para todas las cancelaciones de reservas de alojamientos (excluyendo parcelas vac\u00edas) dentro de los 30 d\u00edas antes de la fecha de inicio de su estad\u00eda, se aplicar\u00e1 la tabla de tarifas de cancelaci\u00f3n de nuestros T\u00e9rminos y Condiciones Generales de Venta o un reembolso de los montos pagados en forma de cr\u00e9dito con una validez de 12 meses (excluyendo el monto del seguro y los gastos de gesti\u00f3n y\/o procesamiento).<\/span><\/p>\n<p><span style=\"font-weight: 400\">Para la cancelaci\u00f3n de una reserva de parcelas vac\u00edas, consulte los T\u00e9rminos y Condiciones Generales de Venta.<\/span><\/p>\n","protected":false},"excerpt":{"rendered":"<p>Cancelaci\u00f3n gratuita hasta 30 d\u00edas antes de la fecha de su estad\u00eda La cancelaci\u00f3n gratuita hasta 30 d\u00edas antes de la fecha de inicio de su estad\u00eda se realizar\u00e1 en forma de un cr\u00e9dito v\u00e1lido por 12 meses (excluyendo el monto del seguro y los gastos de gesti\u00f3n y\/o procesamiento). El cr\u00e9dito se generar\u00e1 autom\u00e1ticamente [&hellip;]<\/p>\n","protected":false},"author":28,"featured_media":0,"parent":0,"menu_order":0,"comment_status":"closed","ping_status":"closed","template":"template-onecolumn.php","meta":{"_acf_changed":false,"footnotes":""},"class_list":["post-94","page","type-page","status-publish","hentry"],"acf":[],"yoast_head":"<!-- This site is optimized with the Yoast SEO plugin v27.1.1 - https:\/\/yoast.com\/product\/yoast-seo-wordpress\/ -->\n<title>Condiciones de las Ofertas Especiales - Campings ES Content<\/title>\n<meta name=\"robots\" content=\"index, follow, max-snippet:-1, max-image-preview:large, max-video-preview:-1\" \/>\n<link rel=\"canonical\" href=\"https:\/\/www.campings.com\/es\/content\/condiciones-ofertas\/\" \/>\n<meta property=\"og:locale\" content=\"en_US\" \/>\n<meta property=\"og:type\" content=\"article\" \/>\n<meta property=\"og:title\" content=\"Condiciones de las Ofertas Especiales - Campings ES Content\" \/>\n<meta property=\"og:description\" content=\"Cancelaci\u00f3n gratuita hasta 30 d\u00edas antes de la fecha de su estad\u00eda La cancelaci\u00f3n gratuita hasta 30 d\u00edas antes de la fecha de inicio de su estad\u00eda se realizar\u00e1 en forma de un cr\u00e9dito v\u00e1lido por 12 meses (excluyendo el monto del seguro y los gastos de gesti\u00f3n y\/o procesamiento). El cr\u00e9dito se generar\u00e1 autom\u00e1ticamente [&hellip;]\" \/>\n<meta property=\"og:url\" content=\"https:\/\/www.campings.com\/es\/content\/condiciones-ofertas\/\" \/>\n<meta property=\"og:site_name\" content=\"Campings ES Content\" \/>\n<meta property=\"article:modified_time\" content=\"2024-04-05T13:58:42+00:00\" \/>\n<meta name=\"twitter:card\" content=\"summary_large_image\" \/>\n<meta name=\"twitter:label1\" content=\"Est. reading time\" \/>\n\t<meta name=\"twitter:data1\" content=\"1 minute\" \/>\n<script type=\"application\/ld+json\" class=\"yoast-schema-graph\">{\"@context\":\"https:\/\/schema.org\",\"@graph\":[{\"@type\":\"WebPage\",\"@id\":\"https:\/\/www.campings.com\/es\/content\/condiciones-ofertas\/\",\"url\":\"https:\/\/www.campings.com\/es\/content\/condiciones-ofertas\/\",\"name\":\"Condiciones de las Ofertas Especiales - Campings ES Content\",\"isPartOf\":{\"@id\":\"https:\/\/www.campings.com\/es\/content\/#website\"},\"datePublished\":\"2023-06-14T12:15:46+00:00\",\"dateModified\":\"2024-04-05T13:58:42+00:00\",\"breadcrumb\":{\"@id\":\"https:\/\/www.campings.com\/es\/content\/condiciones-ofertas\/#breadcrumb\"},\"inLanguage\":\"en-US\",\"potentialAction\":[{\"@type\":\"ReadAction\",\"target\":[\"https:\/\/www.campings.com\/es\/content\/condiciones-ofertas\/\"]}]},{\"@type\":\"BreadcrumbList\",\"@id\":\"https:\/\/www.campings.com\/es\/content\/condiciones-ofertas\/#breadcrumb\",\"itemListElement\":[{\"@type\":\"ListItem\",\"position\":1,\"name\":\"Home\",\"item\":\"https:\/\/www.campings.com\/es\/content\/\"},{\"@type\":\"ListItem\",\"position\":2,\"name\":\"Condiciones de las Ofertas Especiales\"}]},{\"@type\":\"WebSite\",\"@id\":\"https:\/\/www.campings.com\/es\/content\/#website\",\"url\":\"https:\/\/www.campings.com\/es\/content\/\",\"name\":\"Campings ES Content\",\"description\":\"Campings Blog site in spain\",\"potentialAction\":[{\"@type\":\"SearchAction\",\"target\":{\"@type\":\"EntryPoint\",\"urlTemplate\":\"https:\/\/www.campings.com\/es\/content\/?s={search_term_string}\"},\"query-input\":{\"@type\":\"PropertyValueSpecification\",\"valueRequired\":true,\"valueName\":\"search_term_string\"}}],\"inLanguage\":\"en-US\"}]}<\/script>\n<!-- \/ Yoast SEO plugin. -->","yoast_head_json":{"title":"Condiciones de las Ofertas Especiales - Campings ES Content","robots":{"index":"index","follow":"follow","max-snippet":"max-snippet:-1","max-image-preview":"max-image-preview:large","max-video-preview":"max-video-preview:-1"},"canonical":"https:\/\/www.campings.com\/es\/content\/condiciones-ofertas\/","og_locale":"en_US","og_type":"article","og_title":"Condiciones de las Ofertas Especiales - Campings ES Content","og_description":"Cancelaci\u00f3n gratuita hasta 30 d\u00edas antes de la fecha de su estad\u00eda La cancelaci\u00f3n gratuita hasta 30 d\u00edas antes de la fecha de inicio de su estad\u00eda se realizar\u00e1 en forma de un cr\u00e9dito v\u00e1lido por 12 meses (excluyendo el monto del seguro y los gastos de gesti\u00f3n y\/o procesamiento). El cr\u00e9dito se generar\u00e1 autom\u00e1ticamente [&hellip;]","og_url":"https:\/\/www.campings.com\/es\/content\/condiciones-ofertas\/","og_site_name":"Campings ES Content","article_modified_time":"2024-04-05T13:58:42+00:00","twitter_card":"summary_large_image","twitter_misc":{"Est. reading time":"1 minute"},"schema":{"@context":"https:\/\/schema.org","@graph":[{"@type":"WebPage","@id":"https:\/\/www.campings.com\/es\/content\/condiciones-ofertas\/","url":"https:\/\/www.campings.com\/es\/content\/condiciones-ofertas\/","name":"Condiciones de las Ofertas Especiales - Campings ES Content","isPartOf":{"@id":"https:\/\/www.campings.com\/es\/content\/#website"},"datePublished":"2023-06-14T12:15:46+00:00","dateModified":"2024-04-05T13:58:42+00:00","breadcrumb":{"@id":"https:\/\/www.campings.com\/es\/content\/condiciones-ofertas\/#breadcrumb"},"inLanguage":"en-US","potentialAction":[{"@type":"ReadAction","target":["https:\/\/www.campings.com\/es\/content\/condiciones-ofertas\/"]}]},{"@type":"BreadcrumbList","@id":"https:\/\/www.campings.com\/es\/content\/condiciones-ofertas\/#breadcrumb","itemListElement":[{"@type":"ListItem","position":1,"name":"Home","item":"https:\/\/www.campings.com\/es\/content\/"},{"@type":"ListItem","position":2,"name":"Condiciones de las Ofertas Especiales"}]},{"@type":"WebSite","@id":"https:\/\/www.campings.com\/es\/content\/#website","url":"https:\/\/www.campings.com\/es\/content\/","name":"Campings ES Content","description":"Campings Blog site in spain","potentialAction":[{"@type":"SearchAction","target":{"@type":"EntryPoint","urlTemplate":"https:\/\/www.campings.com\/es\/content\/?s={search_term_string}"},"query-input":{"@type":"PropertyValueSpecification","valueRequired":true,"valueName":"search_term_string"}}],"inLanguage":"en-US"}]}},"_links":{"self":[{"href":"https:\/\/www.campings.com\/es\/content\/wp-json\/wp\/v2\/pages\/94","targetHints":{"allow":["GET"]}}],"collection":[{"href":"https:\/\/www.campings.com\/es\/content\/wp-json\/wp\/v2\/pages"}],"about":[{"href":"https:\/\/www.campings.com\/es\/content\/wp-json\/wp\/v2\/types\/page"}],"author":[{"embeddable":true,"href":"https:\/\/www.campings.com\/es\/content\/wp-json\/wp\/v2\/users\/28"}],"replies":[{"embeddable":true,"href":"https:\/\/www.campings.com\/es\/content\/wp-json\/wp\/v2\/comments?post=94"}],"version-history":[{"count":3,"href":"https:\/\/www.campings.com\/es\/content\/wp-json\/wp\/v2\/pages\/94\/revisions"}],"predecessor-version":[{"id":112,"href":"https:\/\/www.campings.com\/es\/content\/wp-json\/wp\/v2\/pages\/94\/revisions\/112"}],"wp:attachment":[{"href":"https:\/\/www.campings.com\/es\/content\/wp-json\/wp\/v2\/media?parent=94"}],"curies":[{"name":"wp","href":"https:\/\/api.w.org\/{rel}","templated":true}]}}