{"id":147,"date":"2025-12-18T13:47:53","date_gmt":"2025-12-18T13:47:53","guid":{"rendered":"https:\/\/www.campings.com\/es\/content\/?page_id=147"},"modified":"2026-03-16T08:36:40","modified_gmt":"2026-03-16T08:36:40","slug":"suscripcion-newsletter","status":"publish","type":"page","link":"https:\/\/www.campings.com\/es\/content\/suscripcion-newsletter\/","title":{"rendered":"<span style=\"display: none;\">\u00a1Suscr\u00edbete a nuestra newsletter para recibir las mejores ofertas!<\/span>"},"content":{"rendered":"<div class=\"lp-cc lp--newsletter\">\n<div class=\"lp--newsletter-img\"><img decoding=\"async\" src=\"https:\/\/www.campings.com\/es\/content\/wp-content\/uploads\/sites\/4\/2025\/12\/phone-cc-es.png\" alt=\"Inscription Newsletter\" \/><\/div>\n<div class=\"lp-newsletter-content\">\n<h2><strong>\u00a1Suscr\u00edbete<\/strong> a nuestra newsletter para recibir las mejores ofertas!<\/h2>\n<div class=\"lp-newsletter-form\">\n<h4>\u00a1Mantente informado!<\/h4>\n<p><iframe loading=\"lazy\" style=\"margin: 0px auto; display: block; border:none;\" src=\"https:\/\/www.campings.com\/es\/inscription-newsletter\" width=\"100%\" height=\"500\" data-service=\"campingscom\"><span data-mce-type=\"bookmark\" style=\"display: inline-block; width: 0px; overflow: hidden; line-height: 0;\" class=\"mce_SELRES_start\">\ufeff<\/span><\/iframe><\/p>\n<\/div>\n<div class=\"lp--newsletter-benefits\">\n<h4>Aprovecha 15 \u20ac de descuento en tu primera reserva*<\/h4>\n<p>Recibe ofertas exclusivas, promociones temporales y sugerencias sobre los campings m\u00e1s bonitos de Europa.<\/p>\n<ul>\n<li>Suscr\u00edbete a nuestra newsletter<\/li>\n<li>Recibe un c\u00f3digo de descuento de 15 \u20ac para utilizar en tu primera reserva<\/li>\n<li>\u00a1A\u00f1ade el c\u00f3digo promocional al carrito y vete de vacaciones!<\/li>\n<\/ul>\n<\/div>\n<p class=\"lp--conditions\">*Oferta v\u00e1lida en todos los campings presentes en Campings.com. 15 \u20ac de descuento en tu primera reserva a partir de 50 \u20ac de compra. Oferta no acumulable con otros c\u00f3digos promocionales, pero acumulable con las promociones en curso.<\/p>\n<\/div>\n<\/div>\n","protected":false},"excerpt":{"rendered":"<p>\u00a1Suscr\u00edbete a nuestra newsletter para recibir las mejores ofertas! \u00a1Mantente informado! \ufeff Aprovecha 15 \u20ac de descuento en tu primera reserva* Recibe ofertas exclusivas, promociones temporales y sugerencias sobre los campings m\u00e1s bonitos de Europa. Suscr\u00edbete a nuestra newsletter Recibe un c\u00f3digo de descuento de 15 \u20ac para utilizar en tu primera reserva \u00a1A\u00f1ade el [&hellip;]<\/p>\n","protected":false},"author":35,"featured_media":0,"parent":0,"menu_order":0,"comment_status":"closed","ping_status":"closed","template":"template-onecolumn.php","meta":{"_acf_changed":false,"footnotes":""},"class_list":["post-147","page","type-page","status-publish","hentry"],"acf":[],"yoast_head":"<!-- This site is optimized with the Yoast SEO plugin v27.1.1 - https:\/\/yoast.com\/product\/yoast-seo-wordpress\/ -->\n<title>Newsletter Campings.com | Las mejores ofertas para estancias en campings<\/title>\n<meta name=\"description\" content=\"Suscr\u00edbete al newsletter de Campings.com y recibe ofertas exclusivas y un descuento de 15 \u20ac en tu primera reserva.\" \/>\n<meta name=\"robots\" content=\"index, follow, max-snippet:-1, max-image-preview:large, max-video-preview:-1\" \/>\n<link rel=\"canonical\" href=\"https:\/\/www.campings.com\/es\/content\/suscripcion-newsletter\/\" \/>\n<meta property=\"og:locale\" content=\"en_US\" \/>\n<meta property=\"og:type\" content=\"article\" \/>\n<meta property=\"og:title\" content=\"Newsletter Campings.com | Las mejores ofertas para estancias en campings\" \/>\n<meta property=\"og:description\" content=\"Suscr\u00edbete al newsletter de Campings.com y recibe ofertas exclusivas y un descuento de 15 \u20ac en tu primera reserva.\" \/>\n<meta property=\"og:url\" content=\"https:\/\/www.campings.com\/es\/content\/suscripcion-newsletter\/\" \/>\n<meta property=\"og:site_name\" content=\"Campings ES Content\" \/>\n<meta property=\"article:modified_time\" content=\"2026-03-16T08:36:40+00:00\" \/>\n<meta property=\"og:image\" content=\"https:\/\/www.campings.com\/es\/content\/wp-content\/uploads\/sites\/4\/2025\/12\/phone-cc-es.png\" \/>\n<meta name=\"twitter:card\" content=\"summary_large_image\" \/>\n<meta name=\"twitter:label1\" content=\"Est. reading time\" \/>\n\t<meta name=\"twitter:data1\" content=\"1 minute\" \/>\n<script type=\"application\/ld+json\" class=\"yoast-schema-graph\">{\"@context\":\"https:\/\/schema.org\",\"@graph\":[{\"@type\":\"WebPage\",\"@id\":\"https:\/\/www.campings.com\/es\/content\/suscripcion-newsletter\/\",\"url\":\"https:\/\/www.campings.com\/es\/content\/suscripcion-newsletter\/\",\"name\":\"Newsletter Campings.com | Las mejores ofertas para estancias en campings\",\"isPartOf\":{\"@id\":\"https:\/\/www.campings.com\/es\/content\/#website\"},\"primaryImageOfPage\":{\"@id\":\"https:\/\/www.campings.com\/es\/content\/suscripcion-newsletter\/#primaryimage\"},\"image\":{\"@id\":\"https:\/\/www.campings.com\/es\/content\/suscripcion-newsletter\/#primaryimage\"},\"thumbnailUrl\":\"https:\/\/www.campings.com\/es\/content\/wp-content\/uploads\/sites\/4\/2025\/12\/phone-cc-es.png\",\"datePublished\":\"2025-12-18T13:47:53+00:00\",\"dateModified\":\"2026-03-16T08:36:40+00:00\",\"description\":\"Suscr\u00edbete al newsletter de Campings.com y recibe ofertas exclusivas y un descuento de 15 \u20ac en tu primera reserva.\",\"breadcrumb\":{\"@id\":\"https:\/\/www.campings.com\/es\/content\/suscripcion-newsletter\/#breadcrumb\"},\"inLanguage\":\"en-US\",\"potentialAction\":[{\"@type\":\"ReadAction\",\"target\":[\"https:\/\/www.campings.com\/es\/content\/suscripcion-newsletter\/\"]}]},{\"@type\":\"ImageObject\",\"inLanguage\":\"en-US\",\"@id\":\"https:\/\/www.campings.com\/es\/content\/suscripcion-newsletter\/#primaryimage\",\"url\":\"https:\/\/www.campings.com\/es\/content\/wp-content\/uploads\/sites\/4\/2025\/12\/phone-cc-es.png\",\"contentUrl\":\"https:\/\/www.campings.com\/es\/content\/wp-content\/uploads\/sites\/4\/2025\/12\/phone-cc-es.png\",\"width\":729,\"height\":1227},{\"@type\":\"BreadcrumbList\",\"@id\":\"https:\/\/www.campings.com\/es\/content\/suscripcion-newsletter\/#breadcrumb\",\"itemListElement\":[{\"@type\":\"ListItem\",\"position\":1,\"name\":\"Home\",\"item\":\"https:\/\/www.campings.com\/es\/content\/\"},{\"@type\":\"ListItem\",\"position\":2,\"name\":\"\u00a1Suscr\u00edbete a nuestra newsletter para recibir las mejores ofertas!\"}]},{\"@type\":\"WebSite\",\"@id\":\"https:\/\/www.campings.com\/es\/content\/#website\",\"url\":\"https:\/\/www.campings.com\/es\/content\/\",\"name\":\"Campings ES Content\",\"description\":\"Campings Blog site in spain\",\"potentialAction\":[{\"@type\":\"SearchAction\",\"target\":{\"@type\":\"EntryPoint\",\"urlTemplate\":\"https:\/\/www.campings.com\/es\/content\/?s={search_term_string}\"},\"query-input\":{\"@type\":\"PropertyValueSpecification\",\"valueRequired\":true,\"valueName\":\"search_term_string\"}}],\"inLanguage\":\"en-US\"}]}<\/script>\n<!-- \/ Yoast SEO plugin. -->","yoast_head_json":{"title":"Newsletter Campings.com | Las mejores ofertas para estancias en campings","description":"Suscr\u00edbete al newsletter de Campings.com y recibe ofertas exclusivas y un descuento de 15 \u20ac en tu primera reserva.","robots":{"index":"index","follow":"follow","max-snippet":"max-snippet:-1","max-image-preview":"max-image-preview:large","max-video-preview":"max-video-preview:-1"},"canonical":"https:\/\/www.campings.com\/es\/content\/suscripcion-newsletter\/","og_locale":"en_US","og_type":"article","og_title":"Newsletter Campings.com | Las mejores ofertas para estancias en campings","og_description":"Suscr\u00edbete al newsletter de Campings.com y recibe ofertas exclusivas y un descuento de 15 \u20ac en tu primera reserva.","og_url":"https:\/\/www.campings.com\/es\/content\/suscripcion-newsletter\/","og_site_name":"Campings ES Content","article_modified_time":"2026-03-16T08:36:40+00:00","og_image":[{"url":"https:\/\/www.campings.com\/es\/content\/wp-content\/uploads\/sites\/4\/2025\/12\/phone-cc-es.png","type":"","width":"","height":""}],"twitter_card":"summary_large_image","twitter_misc":{"Est. reading time":"1 minute"},"schema":{"@context":"https:\/\/schema.org","@graph":[{"@type":"WebPage","@id":"https:\/\/www.campings.com\/es\/content\/suscripcion-newsletter\/","url":"https:\/\/www.campings.com\/es\/content\/suscripcion-newsletter\/","name":"Newsletter Campings.com | Las mejores ofertas para estancias en campings","isPartOf":{"@id":"https:\/\/www.campings.com\/es\/content\/#website"},"primaryImageOfPage":{"@id":"https:\/\/www.campings.com\/es\/content\/suscripcion-newsletter\/#primaryimage"},"image":{"@id":"https:\/\/www.campings.com\/es\/content\/suscripcion-newsletter\/#primaryimage"},"thumbnailUrl":"https:\/\/www.campings.com\/es\/content\/wp-content\/uploads\/sites\/4\/2025\/12\/phone-cc-es.png","datePublished":"2025-12-18T13:47:53+00:00","dateModified":"2026-03-16T08:36:40+00:00","description":"Suscr\u00edbete al newsletter de Campings.com y recibe ofertas exclusivas y un descuento de 15 \u20ac en tu primera reserva.","breadcrumb":{"@id":"https:\/\/www.campings.com\/es\/content\/suscripcion-newsletter\/#breadcrumb"},"inLanguage":"en-US","potentialAction":[{"@type":"ReadAction","target":["https:\/\/www.campings.com\/es\/content\/suscripcion-newsletter\/"]}]},{"@type":"ImageObject","inLanguage":"en-US","@id":"https:\/\/www.campings.com\/es\/content\/suscripcion-newsletter\/#primaryimage","url":"https:\/\/www.campings.com\/es\/content\/wp-content\/uploads\/sites\/4\/2025\/12\/phone-cc-es.png","contentUrl":"https:\/\/www.campings.com\/es\/content\/wp-content\/uploads\/sites\/4\/2025\/12\/phone-cc-es.png","width":729,"height":1227},{"@type":"BreadcrumbList","@id":"https:\/\/www.campings.com\/es\/content\/suscripcion-newsletter\/#breadcrumb","itemListElement":[{"@type":"ListItem","position":1,"name":"Home","item":"https:\/\/www.campings.com\/es\/content\/"},{"@type":"ListItem","position":2,"name":"\u00a1Suscr\u00edbete a nuestra newsletter para recibir las mejores ofertas!"}]},{"@type":"WebSite","@id":"https:\/\/www.campings.com\/es\/content\/#website","url":"https:\/\/www.campings.com\/es\/content\/","name":"Campings ES Content","description":"Campings Blog site in spain","potentialAction":[{"@type":"SearchAction","target":{"@type":"EntryPoint","urlTemplate":"https:\/\/www.campings.com\/es\/content\/?s={search_term_string}"},"query-input":{"@type":"PropertyValueSpecification","valueRequired":true,"valueName":"search_term_string"}}],"inLanguage":"en-US"}]}},"_links":{"self":[{"href":"https:\/\/www.campings.com\/es\/content\/wp-json\/wp\/v2\/pages\/147","targetHints":{"allow":["GET"]}}],"collection":[{"href":"https:\/\/www.campings.com\/es\/content\/wp-json\/wp\/v2\/pages"}],"about":[{"href":"https:\/\/www.campings.com\/es\/content\/wp-json\/wp\/v2\/types\/page"}],"author":[{"embeddable":true,"href":"https:\/\/www.campings.com\/es\/content\/wp-json\/wp\/v2\/users\/35"}],"replies":[{"embeddable":true,"href":"https:\/\/www.campings.com\/es\/content\/wp-json\/wp\/v2\/comments?post=147"}],"version-history":[{"count":8,"href":"https:\/\/www.campings.com\/es\/content\/wp-json\/wp\/v2\/pages\/147\/revisions"}],"predecessor-version":[{"id":191,"href":"https:\/\/www.campings.com\/es\/content\/wp-json\/wp\/v2\/pages\/147\/revisions\/191"}],"wp:attachment":[{"href":"https:\/\/www.campings.com\/es\/content\/wp-json\/wp\/v2\/media?parent=147"}],"curies":[{"name":"wp","href":"https:\/\/api.w.org\/{rel}","templated":true}]}}