{"id":122,"date":"2025-02-26T09:59:19","date_gmt":"2025-02-26T09:59:19","guid":{"rendered":"https:\/\/www.campings.com\/es\/content\/?page_id=122"},"modified":"2026-01-16T16:12:03","modified_gmt":"2026-01-16T16:12:03","slug":"credito-de-viaje","status":"publish","type":"page","link":"https:\/\/www.campings.com\/es\/content\/credito-de-viaje\/","title":{"rendered":"<span style=\"display:none;\">Ahorra dinero con el cr\u00e9dito de viaje<\/span>"},"content":{"rendered":"<div class=\"lp-cc\">\n<section class=\"lp--br-hero\">\n<div class=\"trademark\"><\/div>\n<div class=\"hero--wrapper\">\n<article>\n<h2>Ahorra dinero con el <strong>cr\u00e9dito de viaje<\/strong>.<\/h2>\n<p>Con Campings.com, cuanto m\u00e1s vayas de vacaciones, m\u00e1s ahorrar\u00e1s.<br \/>\nAprovecha un reembolso exclusivo en forma de cr\u00e9dito de viaje equivalente al 10% del valor de tu reserva.<\/p>\n<p>\u00a1Es f\u00e1cil y rentable!<\/p>\n<\/article>\n<\/div>\n<\/section>\n<section class=\"lp--section\">\n<article class=\"lp--section-wrapper lp--br-hiw\">\n<div class=\"lp--section-content\">\n<h2>\u00bfC\u00f3mo <strong>funciona?<\/strong><\/h2>\n<p>Una vez confirmada la reserva, recibir\u00e1s inmediatamente por correo electr\u00f3nico un cr\u00e9dito de viaje en forma de un vale, por ejemplo:<\/p>\n<div class=\"lp--br-hiw-wrapper\">\n<ul>\n<li>Reservas una estancia por un valor de 890\u20ac<\/li>\n<li>Recibes un correo electr\u00f3nico con tu cr\u00e9dito de viaje de 89\u20ac<\/li>\n<li>Puedes utilizar tu cr\u00e9dito para la reserva de tu pr\u00f3xima estancia*<\/li>\n<\/ul>\n<div class=\"lp--br-ticket\">\n<div class=\"percent\"><img decoding=\"async\" src=\"https:\/\/www.campings.com\/fr\/content\/wp-content\/uploads\/2025\/01\/10percent-ticket.png\" alt=\"\" \/><\/div>\n<div class=\"text\">del total de la reserva inicial<\/div>\n<\/div>\n<\/div>\n<\/div>\n<\/article>\n<\/section>\n<section class=\"lp--section lp--br-htu lp--thematic\">\n<article class=\"lp--section-wrapper\">\n<div class=\"lp--section-content\">\n<header>\n<h2><strong>\u00bfC\u00f3mo utilizar<\/strong> el cr\u00e9dito de viaje?<\/h2>\n<\/header>\n<p>Para utilizar el cr\u00e9dito de viaje en tu pr\u00f3xima reserva, sigue estos pasos:<\/p>\n<div class=\"lp--br-htu--steps-wrapper\">\n<div class=\"lp--br-htu--step\">\n<p><img decoding=\"async\" src=\"https:\/\/www.campings.com\/es\/content\/wp-content\/uploads\/sites\/4\/2025\/02\/es-br-htu-1.png\" \/><\/p>\n<p>Haz clic en <strong>Reservar<\/strong> en el alojamiento de tu elecci\u00f3n<\/p>\n<\/div>\n<div class=\"lp--br-htu--step\">\n<p><img decoding=\"async\" src=\"https:\/\/www.campings.com\/es\/content\/wp-content\/uploads\/sites\/4\/2025\/02\/es-br-htu-2.png\" \/><\/p>\n<p>En el formulario de contacto, introduce tu <strong>direcci\u00f3n de correo electr\u00f3nico<\/strong><\/p>\n<\/div>\n<div class=\"lp--br-htu--step\">\n<p><img decoding=\"async\" src=\"https:\/\/www.campings.com\/es\/content\/wp-content\/uploads\/sites\/4\/2025\/02\/es-br-htu-3.png\" \/><\/p>\n<p>En el campo de cr\u00e9dito de viaje, indica tu <strong>c\u00f3digo de cr\u00e9dito de viaje<\/strong><\/p>\n<\/div>\n<\/div>\n<\/div>\n<\/article>\n<\/section>\n<section class=\"lp--section\">\n<article class=\"lp--section-wrapper lp--section-wrapper--cgu\">\n<div class=\"lp--section-content\">\n<p><strong>Condiciones de uso<\/strong><\/p>\n<p>El cr\u00e9dito de viaje tiene forma de vale, no puede superar los 150 euros y puede utilizarse de una sola vez.<br \/>\nEl cr\u00e9dito de viaje es v\u00e1lido durante un periodo de 12 meses y s\u00f3lo puede utilizarse en nuestro sitio web a partir del d\u00eda siguiente al \u00faltimo d\u00eda de las vacaciones reservadas originalmente. Las fechas de las nuevas vacaciones reservadas utilizando el cr\u00e9dito de viaje no podr\u00e1n superar los 18 meses a partir de la fecha de la \u00faltima reserva.<br \/>\nEl cr\u00e9dito de viaje no es acumulable con otros cr\u00e9ditos de viaje o c\u00f3digos promocionales.<br \/>\nEl importe del cr\u00e9dito de viaje generado se calcula sobre la base del precio del alojamiento (excluidos los gastos de administraci\u00f3n, seguros, gastos de tramitaci\u00f3n u opciones).<br \/>\nEl nuevo alojamiento reservado utilizando el cr\u00e9dito de viaje debe ser al menos 5 veces superior al valor del cr\u00e9dito de viaje.<br \/>\nSi se cancela la reserva efectuada utilizando el cr\u00e9dito de viaje, \u00e9ste no se abonar\u00e1, se perder\u00e1 y no se reembolsar\u00e1.<br \/>\nLas reservas de parcelas para tiendas, caravanas o autocaravanas no son elegibles para el cr\u00e9dito de viaje.<\/p>\n<\/div>\n<\/article>\n<\/section>\n<\/div>\n","protected":false},"excerpt":{"rendered":"<p>Ahorra dinero con el cr\u00e9dito de viaje. Con Campings.com, cuanto m\u00e1s vayas de vacaciones, m\u00e1s ahorrar\u00e1s. Aprovecha un reembolso exclusivo en forma de cr\u00e9dito de viaje equivalente al 10% del valor de tu reserva. \u00a1Es f\u00e1cil y rentable! \u00bfC\u00f3mo funciona? Una vez confirmada la reserva, recibir\u00e1s inmediatamente por correo electr\u00f3nico un cr\u00e9dito de viaje en [&hellip;]<\/p>\n","protected":false},"author":35,"featured_media":0,"parent":0,"menu_order":0,"comment_status":"closed","ping_status":"closed","template":"template-onecolumn.php","meta":{"_acf_changed":false,"footnotes":""},"class_list":["post-122","page","type-page","status-publish","hentry"],"acf":[],"yoast_head":"<!-- This site is optimized with the Yoast SEO plugin v27.1.1 - https:\/\/yoast.com\/product\/yoast-seo-wordpress\/ -->\n<title>Ahorra dinero con el cr\u00e9dito de viaje - Campings ES Content<\/title>\n<meta name=\"description\" content=\"Recibe autom\u00e1ticamente un cr\u00e9dito de viaje del 10 % por cada reserva realizada a trav\u00e9s de Campings.com. \u00a1\u00dasalo para tus pr\u00f3ximas vacaciones y ahorra!\" \/>\n<meta name=\"robots\" content=\"index, follow, max-snippet:-1, max-image-preview:large, max-video-preview:-1\" \/>\n<link rel=\"canonical\" href=\"https:\/\/www.campings.com\/es\/content\/credito-de-viaje\/\" \/>\n<meta property=\"og:locale\" content=\"en_US\" \/>\n<meta property=\"og:type\" content=\"article\" \/>\n<meta property=\"og:title\" content=\"Ahorra dinero con el cr\u00e9dito de viaje - Campings ES Content\" \/>\n<meta property=\"og:description\" content=\"Recibe autom\u00e1ticamente un cr\u00e9dito de viaje del 10 % por cada reserva realizada a trav\u00e9s de Campings.com. \u00a1\u00dasalo para tus pr\u00f3ximas vacaciones y ahorra!\" \/>\n<meta property=\"og:url\" content=\"https:\/\/www.campings.com\/es\/content\/credito-de-viaje\/\" \/>\n<meta property=\"og:site_name\" content=\"Campings ES Content\" \/>\n<meta property=\"article:modified_time\" content=\"2026-01-16T16:12:03+00:00\" \/>\n<meta property=\"og:image\" content=\"https:\/\/www.campings.com\/fr\/content\/wp-content\/uploads\/2025\/01\/10percent-ticket.png\" \/>\n<meta name=\"twitter:card\" content=\"summary_large_image\" \/>\n<meta name=\"twitter:label1\" content=\"Est. reading time\" \/>\n\t<meta name=\"twitter:data1\" content=\"2 minutes\" \/>\n<script type=\"application\/ld+json\" class=\"yoast-schema-graph\">{\"@context\":\"https:\/\/schema.org\",\"@graph\":[{\"@type\":\"WebPage\",\"@id\":\"https:\/\/www.campings.com\/es\/content\/credito-de-viaje\/\",\"url\":\"https:\/\/www.campings.com\/es\/content\/credito-de-viaje\/\",\"name\":\"Ahorra dinero con el cr\u00e9dito de viaje - Campings ES Content\",\"isPartOf\":{\"@id\":\"https:\/\/www.campings.com\/es\/content\/#website\"},\"primaryImageOfPage\":{\"@id\":\"https:\/\/www.campings.com\/es\/content\/credito-de-viaje\/#primaryimage\"},\"image\":{\"@id\":\"https:\/\/www.campings.com\/es\/content\/credito-de-viaje\/#primaryimage\"},\"thumbnailUrl\":\"https:\/\/www.campings.com\/fr\/content\/wp-content\/uploads\/2025\/01\/10percent-ticket.png\",\"datePublished\":\"2025-02-26T09:59:19+00:00\",\"dateModified\":\"2026-01-16T16:12:03+00:00\",\"description\":\"Recibe autom\u00e1ticamente un cr\u00e9dito de viaje del 10 % por cada reserva realizada a trav\u00e9s de Campings.com. \u00a1\u00dasalo para tus pr\u00f3ximas vacaciones y ahorra!\",\"breadcrumb\":{\"@id\":\"https:\/\/www.campings.com\/es\/content\/credito-de-viaje\/#breadcrumb\"},\"inLanguage\":\"en-US\",\"potentialAction\":[{\"@type\":\"ReadAction\",\"target\":[\"https:\/\/www.campings.com\/es\/content\/credito-de-viaje\/\"]}]},{\"@type\":\"ImageObject\",\"inLanguage\":\"en-US\",\"@id\":\"https:\/\/www.campings.com\/es\/content\/credito-de-viaje\/#primaryimage\",\"url\":\"https:\/\/www.campings.com\/fr\/content\/wp-content\/uploads\/2025\/01\/10percent-ticket.png\",\"contentUrl\":\"https:\/\/www.campings.com\/fr\/content\/wp-content\/uploads\/2025\/01\/10percent-ticket.png\"},{\"@type\":\"BreadcrumbList\",\"@id\":\"https:\/\/www.campings.com\/es\/content\/credito-de-viaje\/#breadcrumb\",\"itemListElement\":[{\"@type\":\"ListItem\",\"position\":1,\"name\":\"Home\",\"item\":\"https:\/\/www.campings.com\/es\/content\/\"},{\"@type\":\"ListItem\",\"position\":2,\"name\":\"Ahorra dinero con el cr\u00e9dito de viaje\"}]},{\"@type\":\"WebSite\",\"@id\":\"https:\/\/www.campings.com\/es\/content\/#website\",\"url\":\"https:\/\/www.campings.com\/es\/content\/\",\"name\":\"Campings ES Content\",\"description\":\"Campings Blog site in spain\",\"potentialAction\":[{\"@type\":\"SearchAction\",\"target\":{\"@type\":\"EntryPoint\",\"urlTemplate\":\"https:\/\/www.campings.com\/es\/content\/?s={search_term_string}\"},\"query-input\":{\"@type\":\"PropertyValueSpecification\",\"valueRequired\":true,\"valueName\":\"search_term_string\"}}],\"inLanguage\":\"en-US\"}]}<\/script>\n<!-- \/ Yoast SEO plugin. -->","yoast_head_json":{"title":"Ahorra dinero con el cr\u00e9dito de viaje - Campings ES Content","description":"Recibe autom\u00e1ticamente un cr\u00e9dito de viaje del 10 % por cada reserva realizada a trav\u00e9s de Campings.com. \u00a1\u00dasalo para tus pr\u00f3ximas vacaciones y ahorra!","robots":{"index":"index","follow":"follow","max-snippet":"max-snippet:-1","max-image-preview":"max-image-preview:large","max-video-preview":"max-video-preview:-1"},"canonical":"https:\/\/www.campings.com\/es\/content\/credito-de-viaje\/","og_locale":"en_US","og_type":"article","og_title":"Ahorra dinero con el cr\u00e9dito de viaje - Campings ES Content","og_description":"Recibe autom\u00e1ticamente un cr\u00e9dito de viaje del 10 % por cada reserva realizada a trav\u00e9s de Campings.com. \u00a1\u00dasalo para tus pr\u00f3ximas vacaciones y ahorra!","og_url":"https:\/\/www.campings.com\/es\/content\/credito-de-viaje\/","og_site_name":"Campings ES Content","article_modified_time":"2026-01-16T16:12:03+00:00","og_image":[{"url":"https:\/\/www.campings.com\/fr\/content\/wp-content\/uploads\/2025\/01\/10percent-ticket.png","type":"","width":"","height":""}],"twitter_card":"summary_large_image","twitter_misc":{"Est. reading time":"2 minutes"},"schema":{"@context":"https:\/\/schema.org","@graph":[{"@type":"WebPage","@id":"https:\/\/www.campings.com\/es\/content\/credito-de-viaje\/","url":"https:\/\/www.campings.com\/es\/content\/credito-de-viaje\/","name":"Ahorra dinero con el cr\u00e9dito de viaje - Campings ES Content","isPartOf":{"@id":"https:\/\/www.campings.com\/es\/content\/#website"},"primaryImageOfPage":{"@id":"https:\/\/www.campings.com\/es\/content\/credito-de-viaje\/#primaryimage"},"image":{"@id":"https:\/\/www.campings.com\/es\/content\/credito-de-viaje\/#primaryimage"},"thumbnailUrl":"https:\/\/www.campings.com\/fr\/content\/wp-content\/uploads\/2025\/01\/10percent-ticket.png","datePublished":"2025-02-26T09:59:19+00:00","dateModified":"2026-01-16T16:12:03+00:00","description":"Recibe autom\u00e1ticamente un cr\u00e9dito de viaje del 10 % por cada reserva realizada a trav\u00e9s de Campings.com. \u00a1\u00dasalo para tus pr\u00f3ximas vacaciones y ahorra!","breadcrumb":{"@id":"https:\/\/www.campings.com\/es\/content\/credito-de-viaje\/#breadcrumb"},"inLanguage":"en-US","potentialAction":[{"@type":"ReadAction","target":["https:\/\/www.campings.com\/es\/content\/credito-de-viaje\/"]}]},{"@type":"ImageObject","inLanguage":"en-US","@id":"https:\/\/www.campings.com\/es\/content\/credito-de-viaje\/#primaryimage","url":"https:\/\/www.campings.com\/fr\/content\/wp-content\/uploads\/2025\/01\/10percent-ticket.png","contentUrl":"https:\/\/www.campings.com\/fr\/content\/wp-content\/uploads\/2025\/01\/10percent-ticket.png"},{"@type":"BreadcrumbList","@id":"https:\/\/www.campings.com\/es\/content\/credito-de-viaje\/#breadcrumb","itemListElement":[{"@type":"ListItem","position":1,"name":"Home","item":"https:\/\/www.campings.com\/es\/content\/"},{"@type":"ListItem","position":2,"name":"Ahorra dinero con el cr\u00e9dito de viaje"}]},{"@type":"WebSite","@id":"https:\/\/www.campings.com\/es\/content\/#website","url":"https:\/\/www.campings.com\/es\/content\/","name":"Campings ES Content","description":"Campings Blog site in spain","potentialAction":[{"@type":"SearchAction","target":{"@type":"EntryPoint","urlTemplate":"https:\/\/www.campings.com\/es\/content\/?s={search_term_string}"},"query-input":{"@type":"PropertyValueSpecification","valueRequired":true,"valueName":"search_term_string"}}],"inLanguage":"en-US"}]}},"_links":{"self":[{"href":"https:\/\/www.campings.com\/es\/content\/wp-json\/wp\/v2\/pages\/122","targetHints":{"allow":["GET"]}}],"collection":[{"href":"https:\/\/www.campings.com\/es\/content\/wp-json\/wp\/v2\/pages"}],"about":[{"href":"https:\/\/www.campings.com\/es\/content\/wp-json\/wp\/v2\/types\/page"}],"author":[{"embeddable":true,"href":"https:\/\/www.campings.com\/es\/content\/wp-json\/wp\/v2\/users\/35"}],"replies":[{"embeddable":true,"href":"https:\/\/www.campings.com\/es\/content\/wp-json\/wp\/v2\/comments?post=122"}],"version-history":[{"count":5,"href":"https:\/\/www.campings.com\/es\/content\/wp-json\/wp\/v2\/pages\/122\/revisions"}],"predecessor-version":[{"id":170,"href":"https:\/\/www.campings.com\/es\/content\/wp-json\/wp\/v2\/pages\/122\/revisions\/170"}],"wp:attachment":[{"href":"https:\/\/www.campings.com\/es\/content\/wp-json\/wp\/v2\/media?parent=122"}],"curies":[{"name":"wp","href":"https:\/\/api.w.org\/{rel}","templated":true}]}}