{"id":102,"date":"2023-07-24T14:22:31","date_gmt":"2023-07-24T14:22:31","guid":{"rendered":"https:\/\/www.campings.com\/es\/content\/?page_id=102"},"modified":"2023-07-24T14:22:31","modified_gmt":"2023-07-24T14:22:31","slug":"eco-responsabilidad","status":"publish","type":"page","link":"https:\/\/www.campings.com\/es\/content\/eco-responsabilidad\/","title":{"rendered":"Eco-responsabilidad"},"content":{"rendered":"<p><b>\u00a1Novedad en Campings.com: filtros de b\u00fasqueda eco-responsables para unas vacaciones m\u00e1s respetuosas con el medio ambiente!<\/b><\/p>\n<p><span style=\"font-weight: 400\">En nuestro sitio web, tendr\u00e1s la oportunidad de descubrir campings comprometidos con un turismo sostenible. Nuestro motor de b\u00fasqueda permite identificar alojamientos que han recibido las etiquetas La Llave Verde y Ecolabel. Con nuestra nueva funcionalidad, destacamos a nuestros socios m\u00e1s respetuosos con el medio ambiente.<\/span><\/p>\n<p><b><img loading=\"lazy\" decoding=\"async\" class=\"alignnone size-full wp-image-4091\" src=\"https:\/\/www.campings.com\/fr\/content\/wp-content\/uploads\/2023\/07\/cv-logo-1.png\" alt=\"\" width=\"261\" height=\"301\" \/><\/b><\/p>\n<p><b>La Llave Verde<\/b><\/p>\n<p><span style=\"font-weight: 400\">Presente en los cinco continentes, la etiqueta ecol\u00f3gica Llave Verde \/ Green Key es la primera certificaci\u00f3n internacional de turismo sostenible para alojamientos tur\u00edsticos y restaurantes con pr\u00e1cticas ambientales sobresalientes, con el objetivo de evolucionar constantemente hacia las mejores pr\u00e1cticas recomendadas por Llave Verde.<\/span><\/p>\n<p><span style=\"font-weight: 400\">Inaugurada en Francia en 1998, la etiqueta Llave Verde es, por el n\u00famero de establecimientos certificados y por su antig\u00fcedad, la primera etiqueta ecol\u00f3gica para establecimientos tur\u00edsticos en Francia.<\/span><\/p>\n<p><span style=\"font-weight: 400\">Sus criterios se basan en el respeto por la naturaleza y las personas. Esto se refleja en un consumo razonado de energ\u00eda y agua, una buena gesti\u00f3n de residuos, una oferta de ocio que no perjudica nuestro entorno, la sensibilizaci\u00f3n de los hu\u00e9spedes y la formaci\u00f3n del personal\u2026 Estos aspectos permiten a los establecimientos reducir su impacto ambiental y comprometerse a respetar los Objetivos de Desarrollo Sostenible de las Naciones Unidas.<\/span><\/p>\n<p><span style=\"font-weight: 400\">Para obtener m\u00e1s informaci\u00f3n: <\/span><a href=\"https:\/\/www.llaveverde.org\/\"><span style=\"font-weight: 400\">https:\/\/www.llaveverde.org\/<\/span><\/a><\/p>\n<p><b><img loading=\"lazy\" decoding=\"async\" class=\"alignnone size-medium wp-image-4090\" src=\"https:\/\/www.campings.com\/fr\/content\/wp-content\/uploads\/2023\/07\/Logo_Ecolabel.svg-300x300.png\" alt=\"\" width=\"300\" height=\"300\" \/><\/b><\/p>\n<p><b>Etiqueta Ecol\u00f3gica Europea (EEE o EU ECOLABEL)<\/b><\/p>\n<p><span style=\"font-weight: 400\">Iniciada en 1992 por la Comisi\u00f3n Europea, la Etiqueta Ecol\u00f3gica Europea es una etiqueta oficial que permite destacar los productos y servicios respetuosos con el medio ambiente. Los alojamientos tur\u00edsticos, como los campings, pueden optar a ella desde 2005. EU Ecolabel es la \u00fanica etiqueta ecol\u00f3gica oficial que abarca todos los pa\u00edses de la Uni\u00f3n Europea.<\/span><\/p>\n<p><span style=\"font-weight: 400\">Esta etiqueta garantiza que el alojamiento contribuye activamente al uso de fuentes de energ\u00eda renovables, ahorro de energ\u00eda y agua, reducci\u00f3n de la generaci\u00f3n de residuos, lucha contra el desperdicio de alimentos y mejora del entorno local.<\/span><\/p>\n<p><span style=\"font-weight: 400\">Para obtener m\u00e1s informaci\u00f3n:<\/span><a href=\"https:\/\/europa.eu\/youreurope\/business\/product-requirements\/labels-markings\/ecolabel\/index_es.htm\"><span style=\"font-weight: 400\"> europa.eu<\/span><\/a><\/p>\n","protected":false},"excerpt":{"rendered":"<p>\u00a1Novedad en Campings.com: filtros de b\u00fasqueda eco-responsables para unas vacaciones m\u00e1s respetuosas con el medio ambiente! En nuestro sitio web, tendr\u00e1s la oportunidad de descubrir campings comprometidos con un turismo sostenible. Nuestro motor de b\u00fasqueda permite identificar alojamientos que han recibido las etiquetas La Llave Verde y Ecolabel. Con nuestra nueva funcionalidad, destacamos a nuestros [&hellip;]<\/p>\n","protected":false},"author":25,"featured_media":0,"parent":0,"menu_order":0,"comment_status":"closed","ping_status":"closed","template":"template-onecolumn.php","meta":{"_acf_changed":false,"footnotes":""},"class_list":["post-102","page","type-page","status-publish","hentry"],"acf":[],"yoast_head":"<!-- This site is optimized with the Yoast SEO plugin v27.1.1 - https:\/\/yoast.com\/product\/yoast-seo-wordpress\/ -->\n<title>Eco-responsabilidad - Campings ES Content<\/title>\n<meta name=\"robots\" content=\"index, follow, max-snippet:-1, max-image-preview:large, max-video-preview:-1\" \/>\n<link rel=\"canonical\" href=\"https:\/\/www.campings.com\/es\/content\/eco-responsabilidad\/\" \/>\n<meta property=\"og:locale\" content=\"en_US\" \/>\n<meta property=\"og:type\" content=\"article\" \/>\n<meta property=\"og:title\" content=\"Eco-responsabilidad - Campings ES Content\" \/>\n<meta property=\"og:description\" content=\"\u00a1Novedad en Campings.com: filtros de b\u00fasqueda eco-responsables para unas vacaciones m\u00e1s respetuosas con el medio ambiente! En nuestro sitio web, tendr\u00e1s la oportunidad de descubrir campings comprometidos con un turismo sostenible. Nuestro motor de b\u00fasqueda permite identificar alojamientos que han recibido las etiquetas La Llave Verde y Ecolabel. Con nuestra nueva funcionalidad, destacamos a nuestros [&hellip;]\" \/>\n<meta property=\"og:url\" content=\"https:\/\/www.campings.com\/es\/content\/eco-responsabilidad\/\" \/>\n<meta property=\"og:site_name\" content=\"Campings ES Content\" \/>\n<meta name=\"twitter:card\" content=\"summary_large_image\" \/>\n<meta name=\"twitter:label1\" content=\"Est. reading time\" \/>\n\t<meta name=\"twitter:data1\" content=\"2 minutes\" \/>\n<script type=\"application\/ld+json\" class=\"yoast-schema-graph\">{\"@context\":\"https:\/\/schema.org\",\"@graph\":[{\"@type\":\"WebPage\",\"@id\":\"https:\/\/www.campings.com\/es\/content\/eco-responsabilidad\/\",\"url\":\"https:\/\/www.campings.com\/es\/content\/eco-responsabilidad\/\",\"name\":\"Eco-responsabilidad - Campings ES Content\",\"isPartOf\":{\"@id\":\"https:\/\/www.campings.com\/es\/content\/#website\"},\"primaryImageOfPage\":{\"@id\":\"https:\/\/www.campings.com\/es\/content\/eco-responsabilidad\/#primaryimage\"},\"image\":{\"@id\":\"https:\/\/www.campings.com\/es\/content\/eco-responsabilidad\/#primaryimage\"},\"thumbnailUrl\":\"https:\/\/www.campings.com\/fr\/content\/wp-content\/uploads\/2023\/07\/cv-logo-1.png\",\"datePublished\":\"2023-07-24T14:22:31+00:00\",\"breadcrumb\":{\"@id\":\"https:\/\/www.campings.com\/es\/content\/eco-responsabilidad\/#breadcrumb\"},\"inLanguage\":\"en-US\",\"potentialAction\":[{\"@type\":\"ReadAction\",\"target\":[\"https:\/\/www.campings.com\/es\/content\/eco-responsabilidad\/\"]}]},{\"@type\":\"ImageObject\",\"inLanguage\":\"en-US\",\"@id\":\"https:\/\/www.campings.com\/es\/content\/eco-responsabilidad\/#primaryimage\",\"url\":\"https:\/\/www.campings.com\/fr\/content\/wp-content\/uploads\/2023\/07\/cv-logo-1.png\",\"contentUrl\":\"https:\/\/www.campings.com\/fr\/content\/wp-content\/uploads\/2023\/07\/cv-logo-1.png\"},{\"@type\":\"BreadcrumbList\",\"@id\":\"https:\/\/www.campings.com\/es\/content\/eco-responsabilidad\/#breadcrumb\",\"itemListElement\":[{\"@type\":\"ListItem\",\"position\":1,\"name\":\"Home\",\"item\":\"https:\/\/www.campings.com\/es\/content\/\"},{\"@type\":\"ListItem\",\"position\":2,\"name\":\"Eco-responsabilidad\"}]},{\"@type\":\"WebSite\",\"@id\":\"https:\/\/www.campings.com\/es\/content\/#website\",\"url\":\"https:\/\/www.campings.com\/es\/content\/\",\"name\":\"Campings ES Content\",\"description\":\"Campings Blog site in spain\",\"potentialAction\":[{\"@type\":\"SearchAction\",\"target\":{\"@type\":\"EntryPoint\",\"urlTemplate\":\"https:\/\/www.campings.com\/es\/content\/?s={search_term_string}\"},\"query-input\":{\"@type\":\"PropertyValueSpecification\",\"valueRequired\":true,\"valueName\":\"search_term_string\"}}],\"inLanguage\":\"en-US\"}]}<\/script>\n<!-- \/ Yoast SEO plugin. -->","yoast_head_json":{"title":"Eco-responsabilidad - Campings ES Content","robots":{"index":"index","follow":"follow","max-snippet":"max-snippet:-1","max-image-preview":"max-image-preview:large","max-video-preview":"max-video-preview:-1"},"canonical":"https:\/\/www.campings.com\/es\/content\/eco-responsabilidad\/","og_locale":"en_US","og_type":"article","og_title":"Eco-responsabilidad - Campings ES Content","og_description":"\u00a1Novedad en Campings.com: filtros de b\u00fasqueda eco-responsables para unas vacaciones m\u00e1s respetuosas con el medio ambiente! En nuestro sitio web, tendr\u00e1s la oportunidad de descubrir campings comprometidos con un turismo sostenible. Nuestro motor de b\u00fasqueda permite identificar alojamientos que han recibido las etiquetas La Llave Verde y Ecolabel. Con nuestra nueva funcionalidad, destacamos a nuestros [&hellip;]","og_url":"https:\/\/www.campings.com\/es\/content\/eco-responsabilidad\/","og_site_name":"Campings ES Content","twitter_card":"summary_large_image","twitter_misc":{"Est. reading time":"2 minutes"},"schema":{"@context":"https:\/\/schema.org","@graph":[{"@type":"WebPage","@id":"https:\/\/www.campings.com\/es\/content\/eco-responsabilidad\/","url":"https:\/\/www.campings.com\/es\/content\/eco-responsabilidad\/","name":"Eco-responsabilidad - Campings ES Content","isPartOf":{"@id":"https:\/\/www.campings.com\/es\/content\/#website"},"primaryImageOfPage":{"@id":"https:\/\/www.campings.com\/es\/content\/eco-responsabilidad\/#primaryimage"},"image":{"@id":"https:\/\/www.campings.com\/es\/content\/eco-responsabilidad\/#primaryimage"},"thumbnailUrl":"https:\/\/www.campings.com\/fr\/content\/wp-content\/uploads\/2023\/07\/cv-logo-1.png","datePublished":"2023-07-24T14:22:31+00:00","breadcrumb":{"@id":"https:\/\/www.campings.com\/es\/content\/eco-responsabilidad\/#breadcrumb"},"inLanguage":"en-US","potentialAction":[{"@type":"ReadAction","target":["https:\/\/www.campings.com\/es\/content\/eco-responsabilidad\/"]}]},{"@type":"ImageObject","inLanguage":"en-US","@id":"https:\/\/www.campings.com\/es\/content\/eco-responsabilidad\/#primaryimage","url":"https:\/\/www.campings.com\/fr\/content\/wp-content\/uploads\/2023\/07\/cv-logo-1.png","contentUrl":"https:\/\/www.campings.com\/fr\/content\/wp-content\/uploads\/2023\/07\/cv-logo-1.png"},{"@type":"BreadcrumbList","@id":"https:\/\/www.campings.com\/es\/content\/eco-responsabilidad\/#breadcrumb","itemListElement":[{"@type":"ListItem","position":1,"name":"Home","item":"https:\/\/www.campings.com\/es\/content\/"},{"@type":"ListItem","position":2,"name":"Eco-responsabilidad"}]},{"@type":"WebSite","@id":"https:\/\/www.campings.com\/es\/content\/#website","url":"https:\/\/www.campings.com\/es\/content\/","name":"Campings ES Content","description":"Campings Blog site in spain","potentialAction":[{"@type":"SearchAction","target":{"@type":"EntryPoint","urlTemplate":"https:\/\/www.campings.com\/es\/content\/?s={search_term_string}"},"query-input":{"@type":"PropertyValueSpecification","valueRequired":true,"valueName":"search_term_string"}}],"inLanguage":"en-US"}]}},"_links":{"self":[{"href":"https:\/\/www.campings.com\/es\/content\/wp-json\/wp\/v2\/pages\/102","targetHints":{"allow":["GET"]}}],"collection":[{"href":"https:\/\/www.campings.com\/es\/content\/wp-json\/wp\/v2\/pages"}],"about":[{"href":"https:\/\/www.campings.com\/es\/content\/wp-json\/wp\/v2\/types\/page"}],"author":[{"embeddable":true,"href":"https:\/\/www.campings.com\/es\/content\/wp-json\/wp\/v2\/users\/25"}],"replies":[{"embeddable":true,"href":"https:\/\/www.campings.com\/es\/content\/wp-json\/wp\/v2\/comments?post=102"}],"version-history":[{"count":1,"href":"https:\/\/www.campings.com\/es\/content\/wp-json\/wp\/v2\/pages\/102\/revisions"}],"predecessor-version":[{"id":104,"href":"https:\/\/www.campings.com\/es\/content\/wp-json\/wp\/v2\/pages\/102\/revisions\/104"}],"wp:attachment":[{"href":"https:\/\/www.campings.com\/es\/content\/wp-json\/wp\/v2\/media?parent=102"}],"curies":[{"name":"wp","href":"https:\/\/api.w.org\/{rel}","templated":true}]}}