{"id":20,"date":"2023-04-27T09:44:25","date_gmt":"2023-04-27T09:44:25","guid":{"rendered":"https:\/\/www.campings.com\/de\/content\/?page_id=20"},"modified":"2026-04-07T13:39:37","modified_gmt":"2026-04-07T13:39:37","slug":"datenschutzerklarung-und-cookie-hinweise","status":"publish","type":"page","link":"https:\/\/www.campings.com\/de\/content\/datenschutzerklarung-und-cookie-hinweise\/","title":{"rendered":"Datenschutz- und Cookie-Richtlinie von Campings.com"},"content":{"rendered":"<h2 data-path-to-node=\"3\">Datenschutz<\/h2>\n<p data-path-to-node=\"4\">Du bist auf der Suche nach dem perfekten Campingplatz f\u00fcr deinen n\u00e4chsten Urlaub. Ob du nun luxuri\u00f6ses Glamping liebst oder einen gem\u00fctlichen Platz f\u00fcr die ganze Familie suchst \u2013 wir k\u00f6nnen absolut nachvollziehen, wie sehr du dich darauf freust! Wenn du eine Reservierung vornimmst, fragen wir dich nach pers\u00f6nlichen Daten. In diesem Moment m\u00f6chtest du nat\u00fcrlich genau wissen, was mit diesen Informationen passiert.<\/p>\n<p data-path-to-node=\"5\">In dieser Richtlinie erkl\u00e4ren wir dir in leicht verst\u00e4ndlicher Sprache, welche Daten wir sammeln und wof\u00fcr wir sie verwenden. Die Website <strong><a class=\"ng-star-inserted\" href=\"https:\/\/www.google.com\/search?q=https:\/\/campings.com\/de\" target=\"_blank\" rel=\"noopener\">campings.com\/de<\/a><\/strong> wird von AddGuests LTD ver\u00f6ffentlicht und verwaltet (im Folgenden bezeichnen wir uns als: Campings.com, wir oder uns). Wir respektieren und sch\u00fctzen deine Privatsph\u00e4re als Nutzer unserer Website.<\/p>\n<h3 data-path-to-node=\"4\">Welche personenbezogenen Daten sammeln wir von dir?<\/h3>\n<p data-path-to-node=\"6\">Damit wir deine Buchung ordnungsgem\u00e4\u00df abwickeln k\u00f6nnen, ben\u00f6tigen wir einige Informationen von dir:<\/p>\n<ul>\n<li data-path-to-node=\"4,0,0\"><b data-path-to-node=\"4,0,0\" data-index-in-node=\"0\">Identifikation:<\/b> Dein Name, dein Familienstand und deine (E-Mail-)Adresse.<\/li>\n<li data-path-to-node=\"4,0,0\"><b data-path-to-node=\"4,1,0\" data-index-in-node=\"0\">Kontaktdaten:<\/b> Deine Telefonnummer.<\/li>\n<li data-path-to-node=\"4,0,0\"><b data-path-to-node=\"4,2,0\" data-index-in-node=\"0\">Reisebegleiter:<\/b> Informationen \u00fcber die Personen, die mit dir reisen (bitte stelle sicher, dass du deren Einverst\u00e4ndnis hast, diese Daten mit uns zu teilen).<\/li>\n<li data-path-to-node=\"4,0,0\"><b data-path-to-node=\"4,3,0\" data-index-in-node=\"0\">Zahlung &amp; Rechnung:<\/b> Die gew\u00e4hlte Zahlungsmethode (wie Kreditkarte, PayPal oder Urlaubsschecks), der Betrag und das Datum deiner Reservierung.<\/li>\n<li data-path-to-node=\"4,0,0\"><b data-path-to-node=\"4,4,0\" data-index-in-node=\"0\">Spezielle Identifikationsnummern:<\/b> Falls zutreffend, deine CAF-Nummer (f\u00fcr franz\u00f6sische Sozialleistungen) oder dein CNAS\/CGOS-Identifikationscode.<\/li>\n<li data-path-to-node=\"4,0,0\"><b data-path-to-node=\"4,5,0\" data-index-in-node=\"0\">Gesch\u00e4ftliche Daten:<\/b> Wenn du \u00fcber einen sozio\u00f6konomischen Partnerausschuss (Betriebsrat) buchst, den Namen und die Nummer des Unternehmens.<\/li>\n<li data-path-to-node=\"4,0,0\"><b data-path-to-node=\"4,6,0\" data-index-in-node=\"0\">Interaktion:<\/b> Wenn du uns anrufst, k\u00f6nnen wir das Gespr\u00e4ch zu Schulungszwecken aufzeichnen (au\u00dfer du widersprichst dem ausdr\u00fccklich).<\/li>\n<li style=\"list-style-type: none\"><\/li>\n<\/ul>\n<p data-path-to-node=\"8\"><b data-path-to-node=\"5\" data-index-in-node=\"0\">Wichtig:<\/b> Wir gehen davon aus, dass die von dir bereitgestellten Daten korrekt und wahrheitsgem\u00e4\u00df sind.<\/p>\n<h3 data-path-to-node=\"8\">Warum sammeln wir deine Daten?<\/h3>\n<p data-path-to-node=\"10\">Es gibt drei Hauptgr\u00fcnde, warum wir deine Daten verarbeiten:<\/p>\n<ol start=\"1\" data-path-to-node=\"11\">\n<li>\n<p data-path-to-node=\"11,0,0\"><strong>Abwicklung deiner Buchung:<\/strong> Das ist die Grundlage. Wir verwenden deine Daten, um dein Konto zu verwalten, deine Reservierung zu bearbeiten, die Abrechnung zu regeln und dich \u00fcber alle Details deiner Reise auf dem Laufenden zu halten.<\/p>\n<\/li>\n<li>\n<p data-path-to-node=\"11,1,0\"><b data-path-to-node=\"4,1,0\" data-index-in-node=\"0\">Inspiration und Kontakt:<\/b> Mit deiner Zustimmung informieren wir dich \u00fcber Newsletter, SMS oder soziale Medien \u00fcber unsere besten Angebote. Au\u00dferdem bitten wir dich nach deiner Reise um eine Bewertung, damit wir (und andere Camper) wissen, wie es dir gefallen hat.<\/p>\n<\/li>\n<li>\n<p data-path-to-node=\"11,2,0\"><b data-path-to-node=\"4,2,0\" data-index-in-node=\"0\">Optimierung und Sicherheit:<\/b> Wir analysieren (anonym) das Nutzerverhalten auf unserer Website, um unsere Dienstleistungen st\u00e4ndig zu verbessern. Zudem verwenden wir Daten, um Betrug aufzudecken und zu verhindern.<\/p>\n<\/li>\n<\/ol>\n<h3>Mit wem teilen wir deine Daten?<\/h3>\n<p data-path-to-node=\"3\">Wir geben deine Daten nur dann weiter, wenn es f\u00fcr deinen Urlaub wirklich erforderlich ist:<\/p>\n<ul data-path-to-node=\"14\">\n<li>\n<p data-path-to-node=\"14,0,0\"><b data-path-to-node=\"4,0,0\" data-index-in-node=\"0\">Mit dem Campingplatz:<\/b> Dieser ben\u00f6tigt deine Daten, um deinen Aufenthalt vorzubereiten.<\/p>\n<\/li>\n<li>\n<p data-path-to-node=\"14,1,0\"><b data-path-to-node=\"4,1,0\" data-index-in-node=\"0\">Mit unseren Mitarbeitern:<\/b> Nur Kollegen, die direkt an deiner Buchung oder am Marketing beteiligt sind, haben Zugriff auf deine Informationen.<\/p>\n<\/li>\n<li>\n<p data-path-to-node=\"14,2,0\"><b data-path-to-node=\"4,2,0\" data-index-in-node=\"0\">Mit unseren Partnern:<\/b> Dazu geh\u00f6ren Hosting-Anbieter (Google Cloud), Kundenservice-Software (Zendesk) und Zahlungsdienstleister (wie PayPal oder Adyen).<\/p>\n<\/li>\n<li>\n<p data-path-to-node=\"14,3,0\"><b data-path-to-node=\"4,3,0\" data-index-in-node=\"0\">Mit offiziellen Stellen:<\/b> Nur dann, wenn wir gesetzlich durch die Polizei oder ein Gericht dazu verpflichtet werden.<\/p>\n<\/li>\n<\/ul>\n<p data-path-to-node=\"15\">Einige unserer Partner befinden sich au\u00dferhalb der EU (beispielsweise in den USA oder Tunesien). In diesen F\u00e4llen nutzen wir die offiziellen \u201eStandardvertragsklauseln\u201c der Europ\u00e4ischen Kommission, um sicherzustellen, dass deine Daten dort genauso sicher sind wie hier bei uns.<\/p>\n<h3 data-path-to-node=\"16\">Wie lange bewahren wir deine Daten auf?<\/h3>\n<p data-path-to-node=\"17\">Wir speichern deine Daten nicht ewig. Das sind unsere Fristen:<\/p>\n<ul>\n<li data-path-to-node=\"4,0,0\"><b data-path-to-node=\"4,0,0\" data-index-in-node=\"0\">Nach einer Reservierung:<\/b> Bis zu 5 Jahre nach deiner Buchung.<\/li>\n<li data-path-to-node=\"4,0,0\"><b data-path-to-node=\"4,1,0\" data-index-in-node=\"0\">Kontaktformular:<\/b> Bis zu 3 Jahre nach unserem letzten Kontakt.<\/li>\n<li data-path-to-node=\"4,0,0\"><b data-path-to-node=\"4,2,0\" data-index-in-node=\"0\">Bewertungen:<\/b> Bis zu 3 Jahre nachdem deine Bewertung online ver\u00f6ffentlicht wurde (oder bis sie gel\u00f6scht wird).<\/li>\n<li data-path-to-node=\"4,0,0\"><b data-path-to-node=\"4,3,0\" data-index-in-node=\"0\">Kundenkonto:<\/b> Bis zu 2 Jahre nach deiner letzten Aktivit\u00e4t.<\/li>\n<\/ul>\n<h2>Cookies<\/h2>\n<p data-path-to-node=\"3\"><span class=\"\">Ein Cookie ist eine kleine Datei,<\/span><span class=\"\"> die auf deinem Computer oder Smartphone gespeichert wird.<\/span><span class=\"\"> Es hilft uns dabei,<\/span><span class=\"\"> dass die Website einwandfrei funktioniert und deine Einstellungen (wie deine Sprache oder dein Warenkorb) gespeichert bleiben.<\/span><\/p>\n<p data-path-to-node=\"4\"><strong><span class=\"\">Wir verwenden verschiedene Arten von Cookies:<\/span><\/strong><\/p>\n<ol start=\"1\" data-path-to-node=\"22\">\n<li>\n<p data-path-to-node=\"22,0,0\"><b data-path-to-node=\"5,0,0\" data-index-in-node=\"0\">Notwendige Cookies:<\/b> Damit die Technik der Website ordnungsgem\u00e4\u00df funktioniert.<\/p>\n<\/li>\n<li>\n<p data-path-to-node=\"22,1,0\"><b data-path-to-node=\"5,1,0\" data-index-in-node=\"0\">Funktionale Cookies:<\/b> Um dich wiederzuerkennen und deine pers\u00f6nlichen Einstellungen zu speichern.<\/p>\n<\/li>\n<li>\n<p data-path-to-node=\"22,2,0\"><b data-path-to-node=\"5,2,0\" data-index-in-node=\"0\">Analytische Cookies:<\/b> Um zu verstehen, wie die Website genutzt wird (z. B. Google Analytics).<\/p>\n<\/li>\n<li>\n<p data-path-to-node=\"22,3,0\"><b data-path-to-node=\"5,3,0\" data-index-in-node=\"0\">Werbe-Cookies:<\/b> Um dir Angebote zu zeigen, die wirklich zu dir passen (z. B. \u00fcber Facebook oder Google Ads).<\/p>\n<\/li>\n<\/ol>\n<p data-path-to-node=\"23\">Du kannst deine Einstellungen jederzeit \u00fcber das Cookie-Banner auf unserer Website anpassen. M\u00f6chtest du alle Cookies l\u00f6schen? Das kannst du ganz einfach \u00fcber die Einstellungen deines Browsers tun.<\/p>\n<h3>Bei Campings.com verwenden wir die folgenden Cookies:<\/h3>\n<table style=\"height: 381px\" width=\"989\" data-path-to-node=\"21\">\n<thead>\n<tr>\n<td><strong>Name \/ Anbieter<\/strong><\/td>\n<td><strong>Gesetzt durch<\/strong><\/td>\n<td><strong>Zweck<\/strong><\/td>\n<td><strong>Aufbewahrungsdauer<\/strong><\/td>\n<\/tr>\n<\/thead>\n<tbody>\n<tr>\n<td>Axeptio<\/td>\n<td>Besuchte Website<\/td>\n<td>Speichert, ob du deine Zustimmung zu Cookies gegeben hast.<\/td>\n<td>12 Monate<\/td>\n<\/tr>\n<tr>\n<td>Google Analytics<\/td>\n<td>Google<\/td>\n<td>Misst, wie du die Website nutzt, um diese zu verbessern.<\/td>\n<td>1 tot 3 Monate<\/td>\n<\/tr>\n<tr>\n<td>Content Square<\/td>\n<td>Content Square<\/td>\n<td>Analysiert die Website-Performance f\u00fcr ein besseres Nutzererlebnis.<\/td>\n<td>Variabel<\/td>\n<\/tr>\n<tr>\n<td>Google Ads<\/td>\n<td>Google<\/td>\n<td>Misst die Ergebnisse von Werbeanzeigen und zeigt relevante Deals.<\/td>\n<td>13 Monate<\/td>\n<\/tr>\n<tr>\n<td>Bing Ads<\/td>\n<td>Microsoft<\/td>\n<td>Misst den Erfolg von Werbeanzeigen in Suchmaschinen.<\/td>\n<td>13 Monate<\/td>\n<\/tr>\n<tr>\n<td>Wisepop<\/td>\n<td>Wisepop<\/td>\n<td>Zeigt relevante Benachrichtigungen of Banner (z. B. Rabatte).<\/td>\n<td>13 Monate<\/td>\n<\/tr>\n<tr>\n<td>Criteo<\/td>\n<td>Criteo<\/td>\n<td>Zeigt zuvor angesehene Campingpl\u00e4tze auf anderen Websites an.<\/td>\n<td>1 Tag bis 13 Monate<\/td>\n<\/tr>\n<tr>\n<td>Facebook Pixel<\/td>\n<td>Meta<\/td>\n<td>Zeigt relevante Camping-Anzeigen in sozialen Medien.<\/td>\n<td>Variabel<\/td>\n<\/tr>\n<tr>\n<td>Trustpilot<\/td>\n<td>Trustpilot<\/td>\n<td>Erm\u00f6glicht das Sammeln von Bewertungen.<\/td>\n<td>Variabel<\/td>\n<\/tr>\n<tr>\n<td>Affiliate partners<\/td>\n<td>Diverse Partner<\/td>\n<td>Misst zwecks Provision, \u00fcber welchen Partner du gebucht hast.<\/td>\n<td><span data-path-to-node=\"21,10,3,0\">1 tot 13 Monate<\/span><\/td>\n<\/tr>\n<\/tbody>\n<\/table>\n<h2>Deine Rechte: Einsehen, Anpassen oder L\u00f6schen<\/h2>\n<p data-path-to-node=\"23\">Du hast jederzeit das Recht, deine Daten einzusehen, zu korrigieren oder l\u00f6schen zu lassen. Au\u00dferdem kannst du der Verwendung deiner Daten f\u00fcr Marketingzwecke widersprechen.<\/p>\n<ul data-path-to-node=\"24\">\n<li>\n<p data-path-to-node=\"24,0,0\"><b data-path-to-node=\"4,0,0\" data-index-in-node=\"0\">Anfrage einreichen:<\/b> Sende hierzu eine E-Mail an <a href=\"mailto:dpo@campings.com\"><b data-path-to-node=\"24,0,0\" data-index-in-node=\"38\">dpo@campings.com<\/b><\/a>.<\/p>\n<\/li>\n<li>\n<p data-path-to-node=\"24,1,0\"><b data-path-to-node=\"4,1,0\" data-index-in-node=\"0\">Identit\u00e4tspr\u00fcfung:<\/b> Um sicherzugehen, dass die Anfrage wirklich von dir kommt, k\u00f6nnen wir dir einige Kontrollfragen stellen (z. B. nach deiner Buchungsnummer).<\/p>\n<\/li>\n<li>\n<p data-path-to-node=\"24,2,0\"><b data-path-to-node=\"4,2,0\" data-index-in-node=\"0\">Antwortfrist:<\/b> Wir bearbeiten deine Anfrage innerhalb von vier Wochen.<\/p>\n<\/li>\n<\/ul>\n<p data-path-to-node=\"25\">Bist du mit der Verarbeitung deiner Daten nicht einverstanden? Dann hast du das Recht, eine Beschwerde bei der zust\u00e4ndigen nationalen Aufsichtsbeh\u00f6rde einzureichen.<\/p>\n<h2 data-path-to-node=\"2\">Kontaktdaten<\/h2>\n<p data-path-to-node=\"25\"><b data-path-to-node=\"25\" data-index-in-node=\"0\">AddGuests LTD<\/b><br \/>\n<em>Verantwortlich f\u00fcr deine Reservierung<\/em><\/p>\n<p data-path-to-node=\"26\">Becket House, 1 Lambeth Palace Road<br \/>\nLondon, SE1 7EU<br \/>\nEngland<\/p>\n<p data-path-to-node=\"28\">Registernummer: 13478465<\/p>\n<p data-path-to-node=\"28\"><b data-path-to-node=\"29\" data-index-in-node=\"0\">Campings.com SAS<br \/>\n<\/b><em>Kundenservice &amp; Zahlungen<\/em><\/p>\n<p data-path-to-node=\"28\">11 Rue Beaurepaire<br \/>\n75010, Parijs<br \/>\nFrankreich<\/p>\n<p data-path-to-node=\"32\"><em>Zuletzt ge\u00e4ndert: 7. April 2026<\/em><\/p>\n","protected":false},"excerpt":{"rendered":"<p>Datenschutz Du bist auf der Suche nach dem perfekten Campingplatz f\u00fcr deinen n\u00e4chsten Urlaub. Ob du nun luxuri\u00f6ses Glamping liebst oder einen gem\u00fctlichen Platz f\u00fcr die ganze Familie suchst \u2013 wir k\u00f6nnen absolut nachvollziehen, wie sehr du dich darauf freust! Wenn du eine Reservierung vornimmst, fragen wir dich nach pers\u00f6nlichen Daten. In diesem Moment m\u00f6chtest [&hellip;]<\/p>\n","protected":false},"author":37,"featured_media":0,"parent":0,"menu_order":0,"comment_status":"closed","ping_status":"closed","template":"template-onecolumn.php","meta":{"_acf_changed":false,"footnotes":""},"class_list":["post-20","page","type-page","status-publish","hentry"],"acf":[],"yoast_head":"<!-- This site is optimized with the Yoast SEO plugin v27.1.1 - https:\/\/yoast.com\/product\/yoast-seo-wordpress\/ -->\n<title>Datenschutz- und Cookie-Richtlinie von Campings.com<\/title>\n<meta name=\"description\" content=\"Campings.com respektiert deine Privatsph\u00e4re und sch\u00fctzt deine Daten. Wir behandeln die pers\u00f6nlichen Informationen, die du uns anvertraust, streng vertraulich.\" \/>\n<meta name=\"robots\" content=\"index, follow, max-snippet:-1, max-image-preview:large, max-video-preview:-1\" \/>\n<link rel=\"canonical\" href=\"https:\/\/www.campings.com\/de\/content\/datenschutzerklarung-und-cookie-hinweise\/\" \/>\n<meta property=\"og:locale\" content=\"en_US\" \/>\n<meta property=\"og:type\" content=\"article\" \/>\n<meta property=\"og:title\" content=\"Datenschutz- und Cookie-Richtlinie von Campings.com\" \/>\n<meta property=\"og:description\" content=\"Campings.com respektiert deine Privatsph\u00e4re und sch\u00fctzt deine Daten. Wir behandeln die pers\u00f6nlichen Informationen, die du uns anvertraust, streng vertraulich.\" \/>\n<meta property=\"og:url\" content=\"https:\/\/www.campings.com\/de\/content\/datenschutzerklarung-und-cookie-hinweise\/\" \/>\n<meta property=\"og:site_name\" content=\"Campings DE Content\" \/>\n<meta property=\"article:modified_time\" content=\"2026-04-07T13:39:37+00:00\" \/>\n<meta name=\"twitter:card\" content=\"summary_large_image\" \/>\n<meta name=\"twitter:label1\" content=\"Est. reading time\" \/>\n\t<meta name=\"twitter:data1\" content=\"5 minutes\" \/>\n<script type=\"application\/ld+json\" class=\"yoast-schema-graph\">{\"@context\":\"https:\/\/schema.org\",\"@graph\":[{\"@type\":\"WebPage\",\"@id\":\"https:\/\/www.campings.com\/de\/content\/datenschutzerklarung-und-cookie-hinweise\/\",\"url\":\"https:\/\/www.campings.com\/de\/content\/datenschutzerklarung-und-cookie-hinweise\/\",\"name\":\"Datenschutz- und Cookie-Richtlinie von Campings.com\",\"isPartOf\":{\"@id\":\"https:\/\/www.campings.com\/de\/content\/#website\"},\"datePublished\":\"2023-04-27T09:44:25+00:00\",\"dateModified\":\"2026-04-07T13:39:37+00:00\",\"description\":\"Campings.com respektiert deine Privatsph\u00e4re und sch\u00fctzt deine Daten. Wir behandeln die pers\u00f6nlichen Informationen, die du uns anvertraust, streng vertraulich.\",\"breadcrumb\":{\"@id\":\"https:\/\/www.campings.com\/de\/content\/datenschutzerklarung-und-cookie-hinweise\/#breadcrumb\"},\"inLanguage\":\"en-US\",\"potentialAction\":[{\"@type\":\"ReadAction\",\"target\":[\"https:\/\/www.campings.com\/de\/content\/datenschutzerklarung-und-cookie-hinweise\/\"]}]},{\"@type\":\"BreadcrumbList\",\"@id\":\"https:\/\/www.campings.com\/de\/content\/datenschutzerklarung-und-cookie-hinweise\/#breadcrumb\",\"itemListElement\":[{\"@type\":\"ListItem\",\"position\":1,\"name\":\"Home\",\"item\":\"https:\/\/www.campings.com\/de\/content\/\"},{\"@type\":\"ListItem\",\"position\":2,\"name\":\"Datenschutz- und Cookie-Richtlinie von Campings.com\"}]},{\"@type\":\"WebSite\",\"@id\":\"https:\/\/www.campings.com\/de\/content\/#website\",\"url\":\"https:\/\/www.campings.com\/de\/content\/\",\"name\":\"Campings DE Content\",\"description\":\"Just another Campings Blog Sites site\",\"potentialAction\":[{\"@type\":\"SearchAction\",\"target\":{\"@type\":\"EntryPoint\",\"urlTemplate\":\"https:\/\/www.campings.com\/de\/content\/?s={search_term_string}\"},\"query-input\":{\"@type\":\"PropertyValueSpecification\",\"valueRequired\":true,\"valueName\":\"search_term_string\"}}],\"inLanguage\":\"en-US\"}]}<\/script>\n<!-- \/ Yoast SEO plugin. -->","yoast_head_json":{"title":"Datenschutz- und Cookie-Richtlinie von Campings.com","description":"Campings.com respektiert deine Privatsph\u00e4re und sch\u00fctzt deine Daten. Wir behandeln die pers\u00f6nlichen Informationen, die du uns anvertraust, streng vertraulich.","robots":{"index":"index","follow":"follow","max-snippet":"max-snippet:-1","max-image-preview":"max-image-preview:large","max-video-preview":"max-video-preview:-1"},"canonical":"https:\/\/www.campings.com\/de\/content\/datenschutzerklarung-und-cookie-hinweise\/","og_locale":"en_US","og_type":"article","og_title":"Datenschutz- und Cookie-Richtlinie von Campings.com","og_description":"Campings.com respektiert deine Privatsph\u00e4re und sch\u00fctzt deine Daten. Wir behandeln die pers\u00f6nlichen Informationen, die du uns anvertraust, streng vertraulich.","og_url":"https:\/\/www.campings.com\/de\/content\/datenschutzerklarung-und-cookie-hinweise\/","og_site_name":"Campings DE Content","article_modified_time":"2026-04-07T13:39:37+00:00","twitter_card":"summary_large_image","twitter_misc":{"Est. reading time":"5 minutes"},"schema":{"@context":"https:\/\/schema.org","@graph":[{"@type":"WebPage","@id":"https:\/\/www.campings.com\/de\/content\/datenschutzerklarung-und-cookie-hinweise\/","url":"https:\/\/www.campings.com\/de\/content\/datenschutzerklarung-und-cookie-hinweise\/","name":"Datenschutz- und Cookie-Richtlinie von Campings.com","isPartOf":{"@id":"https:\/\/www.campings.com\/de\/content\/#website"},"datePublished":"2023-04-27T09:44:25+00:00","dateModified":"2026-04-07T13:39:37+00:00","description":"Campings.com respektiert deine Privatsph\u00e4re und sch\u00fctzt deine Daten. Wir behandeln die pers\u00f6nlichen Informationen, die du uns anvertraust, streng vertraulich.","breadcrumb":{"@id":"https:\/\/www.campings.com\/de\/content\/datenschutzerklarung-und-cookie-hinweise\/#breadcrumb"},"inLanguage":"en-US","potentialAction":[{"@type":"ReadAction","target":["https:\/\/www.campings.com\/de\/content\/datenschutzerklarung-und-cookie-hinweise\/"]}]},{"@type":"BreadcrumbList","@id":"https:\/\/www.campings.com\/de\/content\/datenschutzerklarung-und-cookie-hinweise\/#breadcrumb","itemListElement":[{"@type":"ListItem","position":1,"name":"Home","item":"https:\/\/www.campings.com\/de\/content\/"},{"@type":"ListItem","position":2,"name":"Datenschutz- und Cookie-Richtlinie von Campings.com"}]},{"@type":"WebSite","@id":"https:\/\/www.campings.com\/de\/content\/#website","url":"https:\/\/www.campings.com\/de\/content\/","name":"Campings DE Content","description":"Just another Campings Blog Sites site","potentialAction":[{"@type":"SearchAction","target":{"@type":"EntryPoint","urlTemplate":"https:\/\/www.campings.com\/de\/content\/?s={search_term_string}"},"query-input":{"@type":"PropertyValueSpecification","valueRequired":true,"valueName":"search_term_string"}}],"inLanguage":"en-US"}]}},"_links":{"self":[{"href":"https:\/\/www.campings.com\/de\/content\/wp-json\/wp\/v2\/pages\/20","targetHints":{"allow":["GET"]}}],"collection":[{"href":"https:\/\/www.campings.com\/de\/content\/wp-json\/wp\/v2\/pages"}],"about":[{"href":"https:\/\/www.campings.com\/de\/content\/wp-json\/wp\/v2\/types\/page"}],"author":[{"embeddable":true,"href":"https:\/\/www.campings.com\/de\/content\/wp-json\/wp\/v2\/users\/37"}],"replies":[{"embeddable":true,"href":"https:\/\/www.campings.com\/de\/content\/wp-json\/wp\/v2\/comments?post=20"}],"version-history":[{"count":6,"href":"https:\/\/www.campings.com\/de\/content\/wp-json\/wp\/v2\/pages\/20\/revisions"}],"predecessor-version":[{"id":117,"href":"https:\/\/www.campings.com\/de\/content\/wp-json\/wp\/v2\/pages\/20\/revisions\/117"}],"wp:attachment":[{"href":"https:\/\/www.campings.com\/de\/content\/wp-json\/wp\/v2\/media?parent=20"}],"curies":[{"name":"wp","href":"https:\/\/api.w.org\/{rel}","templated":true}]}}