{"id":136,"date":"2026-04-07T15:37:55","date_gmt":"2026-04-07T15:37:55","guid":{"rendered":"https:\/\/www.campings.com\/de\/content\/?page_id=136"},"modified":"2026-04-07T15:40:00","modified_gmt":"2026-04-07T15:40:00","slug":"unsere-garantien","status":"publish","type":"page","link":"https:\/\/www.campings.com\/de\/content\/unsere-garantien\/","title":{"rendered":"Unsere Garantien"},"content":{"rendered":"<h2 data-path-to-node=\"3\">Verschiedene Bewertungen auf und \u00fcber unsere Website<\/h2>\n<h3 data-path-to-node=\"3\">Reisebewertungen<\/h3>\n<p data-path-to-node=\"4\">Campings.com setzt alles daran, deine Reise perfekt zu organisieren. \u00dcber deine Komplimente freuen wir uns, und aus deinen kritischen Anmerkungen lernen wir. Wir glauben, dass deine Reise erst dann gelungen ist, wenn du dich sowohl gut erholt als auch den Campingplatz oder Ferienpark in vollen Z\u00fcgen genossen hast. Genau daf\u00fcr machen wir das.<\/p>\n<h4 data-path-to-node=\"5\">Bewertungen auf Campings.com<\/h4>\n<p data-path-to-node=\"6\">Campings.com zeigt Bewertungen \u00fcber die Campingpl\u00e4tze an, die direkt \u00fcber die Website von Campings.com gesammelt wurden. Diese Bewertungen werden bei G\u00e4sten nach Abschluss ihres Aufenthalts abgefragt, sofern sie diesen \u00fcber Campings.com gebucht haben.<\/p>\n<h4 data-path-to-node=\"7\">Trustpilot<\/h4>\n<p data-path-to-node=\"8\">Trustpilot ist eine unabh\u00e4ngige Plattform, der sich Campings.com angeschlossen hat. Bewertungen auf Trustpilot werden von Konsumenten aus der ganzen Welt verfasst. Jeder, der in den letzten 12 Monaten eine Service- oder Kauferfahrung gemacht hat, kann dar\u00fcber kostenlos eine Bewertung schreiben \u2013 vorausgesetzt, man hat ein Trustpilot-Benutzerkonto, h\u00e4lt die Richtlinien f\u00fcr Reviewer ein und hat keinen Interessenkonflikt mit dem bewerteten Unternehmen. <a href=\"https:\/\/de.corporate.trustpilot.com\/legal\/for-reviewers\/guidelines-for-reviewers\/may-2025\">Lies hier mehr \u00fcber die Richtlinien f\u00fcr Reviewer auf Trustpilot.<\/a><\/p>\n<p data-path-to-node=\"9\">Campings.com hat mit mehr als 10.000 Trustpilot-Reisebewertungen einen \u201eHervorragend\u201c-Status. <a href=\"https:\/\/www.trustpilot.com\/review\/www.campings.com\">Klick hier, um alle Bewertungen \u00fcber uns auf Trustpilot zu lesen.<\/a><\/p>\n<h4 data-path-to-node=\"10\">TripAdvisor<\/h4>\n<p data-path-to-node=\"11\">\u00dcber TripAdvisor kannst du Bewertungen der Unterk\u00fcnfte lesen, die auf Campings.com angeboten werden. Um auf TripAdvisor gelistet zu werden, m\u00fcssen Unterk\u00fcnfte alle unten genannten Kriterien erf\u00fcllen. <a href=\"https:\/\/www.tripadvisor.de\/HowTheSiteWorks.html\">Lies weiter<\/a>.<\/p>\n<ul>\n<li data-path-to-node=\"12,0,0\">Muss f\u00fcr die allgemeine \u00d6ffentlichkeit zug\u00e4nglich sein.<\/li>\n<li data-path-to-node=\"12,0,0\">Muss einen offiziellen Namen haben.<\/li>\n<li data-path-to-node=\"12,0,0\">Muss eine offizielle Adresse an einem permanenten Standort haben.<\/li>\n<li data-path-to-node=\"12,0,0\">Muss mindestens 12 aufeinanderfolgende Wochen im Jahr an einem permanenten Standort ge\u00f6ffnet sein.<\/li>\n<li data-path-to-node=\"12,0,0\">Muss \u00fcber mehrere Zimmer\/Einheiten verf\u00fcgen.<\/li>\n<li data-path-to-node=\"12,0,0\">Muss gleichzeitig mehr als einen Gast oder eine Gruppe von G\u00e4sten beherbergen k\u00f6nnen.<\/li>\n<li data-path-to-node=\"12,0,0\">Darf G\u00e4ste nicht zu einem Aufenthalt von mehr als 7 N\u00e4chten verpflichten.<\/li>\n<li data-path-to-node=\"12,0,0\">Muss aktuell ge\u00f6ffnet sein oder Reservierungen f\u00fcr ein zuk\u00fcnftiges Er\u00f6ffnungsdatum entgegennehmen.<\/li>\n<\/ul>\n<p><b data-path-to-node=\"13\" data-index-in-node=\"0\">Wichtig:<\/b> Die TripAdvisor-Bewertungen sind eine Sammlung echter G\u00e4stebewertungen via TripAdvisor. Die Buchung erfolgte jedoch nicht immer \u00fcber Campings.com. Es kann sein, dass der Gast den Aufenthalt zum Beispiel \u00fcber einen anderen Anbieter von Ferienunterk\u00fcnften gebucht hat. Die Bewertungen auf TripAdvisor sind daher ein gutes Spiegelbild der Unterkunft. <a href=\"https:\/\/tripadvisor.mediaroom.com\/DE-resources\">Lies hier mehr dar\u00fcber, wie TripAdvisor arbeitet.<\/a><\/p>\n<h2 data-path-to-node=\"15\">Buchungsgarantien<\/h2>\n<h3 data-path-to-node=\"16\">Einfach und sicher bezahlen<\/h3>\n<p data-path-to-node=\"17\">Online kannst du mit Bancontact, Kreditkarte (wir akzeptieren American Express, VISA oder MasterCard) oder PayPal bezahlen.<\/p>\n<h3 data-path-to-node=\"18\">Reiser\u00fccktritts- und Reiseversicherung<\/h3>\n<p data-path-to-node=\"19\">Eine Reise abzusagen oder zu unterbrechen, ist schon \u00e4rgerlich genug. Mit der Reiser\u00fccktrittsversicherung von Seyna musst du dir \u00fcber die Kosten keine Sorgen machen. <a href=\"https:\/\/www.campings.com\/de\/content\/bedingungen-reiserucktrittsversicherung\/\">Schau dir die Vorteile und Bedingungen an.<\/a><\/p>\n<h3 data-path-to-node=\"22\">Allgemeine Stornierungsbedingungen<\/h3>\n<p data-path-to-node=\"23\">Bei Campings.com kannst du bis zu 30 Tage vor Reiseantritt kostenlos stornieren. <a href=\"https:\/\/www.campings.com\/de\/content\/bedingungen-der-angebote\/\">Lies hier die Bedingungen.<\/a><\/p>\n<h3 data-path-to-node=\"24\">Fragen?<\/h3>\n<p data-path-to-node=\"25\">Unser Kundenservice hilft dir bei all deinen Fragen gerne <a href=\"https:\/\/support.campings.com\/requests\/?lang=de\">per E-Mail<\/a> weiter.<\/p>\n","protected":false},"excerpt":{"rendered":"<p>Verschiedene Bewertungen auf und \u00fcber unsere Website Reisebewertungen Campings.com setzt alles daran, deine Reise perfekt zu organisieren. \u00dcber deine Komplimente freuen wir uns, und aus deinen kritischen Anmerkungen lernen wir. Wir glauben, dass deine Reise erst dann gelungen ist, wenn du dich sowohl gut erholt als auch den Campingplatz oder Ferienpark in vollen Z\u00fcgen genossen [&hellip;]<\/p>\n","protected":false},"author":36,"featured_media":0,"parent":0,"menu_order":0,"comment_status":"closed","ping_status":"closed","template":"template-onecolumn.php","meta":{"_acf_changed":false,"footnotes":""},"class_list":["post-136","page","type-page","status-publish","hentry"],"acf":[],"yoast_head":"<!-- This site is optimized with the Yoast SEO plugin v27.1.1 - https:\/\/yoast.com\/product\/yoast-seo-wordpress\/ -->\n<title>Entdecke unsere Garantien | Campings.com<\/title>\n<meta name=\"description\" content=\"Hast du Fragen zu unserem Service oder den Garantien, die wir bieten? Nimm gerne Kontakt mit einem unserer Spezialisten \u00fcber unseren Kundenservice auf.\" \/>\n<meta name=\"robots\" content=\"index, follow, max-snippet:-1, max-image-preview:large, max-video-preview:-1\" \/>\n<link rel=\"canonical\" href=\"https:\/\/www.campings.com\/de\/content\/unsere-garantien\/\" \/>\n<meta property=\"og:locale\" content=\"en_US\" \/>\n<meta property=\"og:type\" content=\"article\" \/>\n<meta property=\"og:title\" content=\"Entdecke unsere Garantien | Campings.com\" \/>\n<meta property=\"og:description\" content=\"Hast du Fragen zu unserem Service oder den Garantien, die wir bieten? Nimm gerne Kontakt mit einem unserer Spezialisten \u00fcber unseren Kundenservice auf.\" \/>\n<meta property=\"og:url\" content=\"https:\/\/www.campings.com\/de\/content\/unsere-garantien\/\" \/>\n<meta property=\"og:site_name\" content=\"Campings DE Content\" \/>\n<meta property=\"article:modified_time\" content=\"2026-04-07T15:40:00+00:00\" \/>\n<meta name=\"twitter:card\" content=\"summary_large_image\" \/>\n<meta name=\"twitter:label1\" content=\"Est. reading time\" \/>\n\t<meta name=\"twitter:data1\" content=\"2 minutes\" \/>\n<script type=\"application\/ld+json\" class=\"yoast-schema-graph\">{\"@context\":\"https:\/\/schema.org\",\"@graph\":[{\"@type\":\"WebPage\",\"@id\":\"https:\/\/www.campings.com\/de\/content\/unsere-garantien\/\",\"url\":\"https:\/\/www.campings.com\/de\/content\/unsere-garantien\/\",\"name\":\"Entdecke unsere Garantien | Campings.com\",\"isPartOf\":{\"@id\":\"https:\/\/www.campings.com\/de\/content\/#website\"},\"datePublished\":\"2026-04-07T15:37:55+00:00\",\"dateModified\":\"2026-04-07T15:40:00+00:00\",\"description\":\"Hast du Fragen zu unserem Service oder den Garantien, die wir bieten? Nimm gerne Kontakt mit einem unserer Spezialisten \u00fcber unseren Kundenservice auf.\",\"breadcrumb\":{\"@id\":\"https:\/\/www.campings.com\/de\/content\/unsere-garantien\/#breadcrumb\"},\"inLanguage\":\"en-US\",\"potentialAction\":[{\"@type\":\"ReadAction\",\"target\":[\"https:\/\/www.campings.com\/de\/content\/unsere-garantien\/\"]}]},{\"@type\":\"BreadcrumbList\",\"@id\":\"https:\/\/www.campings.com\/de\/content\/unsere-garantien\/#breadcrumb\",\"itemListElement\":[{\"@type\":\"ListItem\",\"position\":1,\"name\":\"Home\",\"item\":\"https:\/\/www.campings.com\/de\/content\/\"},{\"@type\":\"ListItem\",\"position\":2,\"name\":\"Unsere Garantien\"}]},{\"@type\":\"WebSite\",\"@id\":\"https:\/\/www.campings.com\/de\/content\/#website\",\"url\":\"https:\/\/www.campings.com\/de\/content\/\",\"name\":\"Campings DE Content\",\"description\":\"Just another Campings Blog Sites site\",\"potentialAction\":[{\"@type\":\"SearchAction\",\"target\":{\"@type\":\"EntryPoint\",\"urlTemplate\":\"https:\/\/www.campings.com\/de\/content\/?s={search_term_string}\"},\"query-input\":{\"@type\":\"PropertyValueSpecification\",\"valueRequired\":true,\"valueName\":\"search_term_string\"}}],\"inLanguage\":\"en-US\"}]}<\/script>\n<!-- \/ Yoast SEO plugin. -->","yoast_head_json":{"title":"Entdecke unsere Garantien | Campings.com","description":"Hast du Fragen zu unserem Service oder den Garantien, die wir bieten? Nimm gerne Kontakt mit einem unserer Spezialisten \u00fcber unseren Kundenservice auf.","robots":{"index":"index","follow":"follow","max-snippet":"max-snippet:-1","max-image-preview":"max-image-preview:large","max-video-preview":"max-video-preview:-1"},"canonical":"https:\/\/www.campings.com\/de\/content\/unsere-garantien\/","og_locale":"en_US","og_type":"article","og_title":"Entdecke unsere Garantien | Campings.com","og_description":"Hast du Fragen zu unserem Service oder den Garantien, die wir bieten? Nimm gerne Kontakt mit einem unserer Spezialisten \u00fcber unseren Kundenservice auf.","og_url":"https:\/\/www.campings.com\/de\/content\/unsere-garantien\/","og_site_name":"Campings DE Content","article_modified_time":"2026-04-07T15:40:00+00:00","twitter_card":"summary_large_image","twitter_misc":{"Est. reading time":"2 minutes"},"schema":{"@context":"https:\/\/schema.org","@graph":[{"@type":"WebPage","@id":"https:\/\/www.campings.com\/de\/content\/unsere-garantien\/","url":"https:\/\/www.campings.com\/de\/content\/unsere-garantien\/","name":"Entdecke unsere Garantien | Campings.com","isPartOf":{"@id":"https:\/\/www.campings.com\/de\/content\/#website"},"datePublished":"2026-04-07T15:37:55+00:00","dateModified":"2026-04-07T15:40:00+00:00","description":"Hast du Fragen zu unserem Service oder den Garantien, die wir bieten? Nimm gerne Kontakt mit einem unserer Spezialisten \u00fcber unseren Kundenservice auf.","breadcrumb":{"@id":"https:\/\/www.campings.com\/de\/content\/unsere-garantien\/#breadcrumb"},"inLanguage":"en-US","potentialAction":[{"@type":"ReadAction","target":["https:\/\/www.campings.com\/de\/content\/unsere-garantien\/"]}]},{"@type":"BreadcrumbList","@id":"https:\/\/www.campings.com\/de\/content\/unsere-garantien\/#breadcrumb","itemListElement":[{"@type":"ListItem","position":1,"name":"Home","item":"https:\/\/www.campings.com\/de\/content\/"},{"@type":"ListItem","position":2,"name":"Unsere Garantien"}]},{"@type":"WebSite","@id":"https:\/\/www.campings.com\/de\/content\/#website","url":"https:\/\/www.campings.com\/de\/content\/","name":"Campings DE Content","description":"Just another Campings Blog Sites site","potentialAction":[{"@type":"SearchAction","target":{"@type":"EntryPoint","urlTemplate":"https:\/\/www.campings.com\/de\/content\/?s={search_term_string}"},"query-input":{"@type":"PropertyValueSpecification","valueRequired":true,"valueName":"search_term_string"}}],"inLanguage":"en-US"}]}},"_links":{"self":[{"href":"https:\/\/www.campings.com\/de\/content\/wp-json\/wp\/v2\/pages\/136","targetHints":{"allow":["GET"]}}],"collection":[{"href":"https:\/\/www.campings.com\/de\/content\/wp-json\/wp\/v2\/pages"}],"about":[{"href":"https:\/\/www.campings.com\/de\/content\/wp-json\/wp\/v2\/types\/page"}],"author":[{"embeddable":true,"href":"https:\/\/www.campings.com\/de\/content\/wp-json\/wp\/v2\/users\/36"}],"replies":[{"embeddable":true,"href":"https:\/\/www.campings.com\/de\/content\/wp-json\/wp\/v2\/comments?post=136"}],"version-history":[{"count":3,"href":"https:\/\/www.campings.com\/de\/content\/wp-json\/wp\/v2\/pages\/136\/revisions"}],"predecessor-version":[{"id":139,"href":"https:\/\/www.campings.com\/de\/content\/wp-json\/wp\/v2\/pages\/136\/revisions\/139"}],"wp:attachment":[{"href":"https:\/\/www.campings.com\/de\/content\/wp-json\/wp\/v2\/media?parent=136"}],"curies":[{"name":"wp","href":"https:\/\/api.w.org\/{rel}","templated":true}]}}