{"id":131,"date":"2026-04-07T15:23:37","date_gmt":"2026-04-07T15:23:37","guid":{"rendered":"https:\/\/www.campings.com\/de\/content\/?page_id=131"},"modified":"2026-04-07T15:23:37","modified_gmt":"2026-04-07T15:23:37","slug":"bedingungen-reiserucktrittsversicherung","status":"publish","type":"page","link":"https:\/\/www.campings.com\/de\/content\/bedingungen-reiserucktrittsversicherung\/","title":{"rendered":"Bedingungen f\u00fcr die Reiser\u00fccktrittsversicherung"},"content":{"rendered":"<p data-path-to-node=\"2\">Du freust dich auf deinen wohlverdienten Urlaub, aber manchmal verl\u00e4uft das Leben anders als geplant. Eine Reiser\u00fccktrittsversicherung bietet dir die Sicherheit, die du brauchst. Egal, ob deine Reise gar nicht erst angetreten werden kann oder unerwartet abgebrochen werden muss \u2013 zum Beispiel wegen Krankheit, dem Todesfall eines Angeh\u00f6rigen oder Entlassung: Wir sorgen daf\u00fcr, dass du den Reisepreis ganz oder teilweise zur\u00fcckerh\u00e4ltst. Auf dieser Seite erkl\u00e4ren wir dir in verst\u00e4ndlicher Sprache, was genau abgedeckt ist, damit du mit einem guten Gef\u00fchl buchen kannst.<\/p>\n<h2 data-path-to-node=\"3\">Was ist genau versichert?<\/h2>\n<h4 data-path-to-node=\"4\"><b data-path-to-node=\"4\" data-index-in-node=\"0\">1. Der Stornierungsschutz<\/b><\/h4>\n<p data-path-to-node=\"4\">Musst du deine Reise stornieren, noch bevor du abgereist bist? Dann erstatten wir die Stornierungskosten bis zu einem H\u00f6chstbetrag von 8.000 \u20ac pro Person. Dies gilt unter anderem bei:<\/p>\n<ul data-path-to-node=\"5\">\n<li>\n<p data-path-to-node=\"5,0,0\"><b data-path-to-node=\"5,0,0\" data-index-in-node=\"0\">Medizinischen Gr\u00fcnden:<\/b> Schwere Krankheit, ein Unfall oder der Todesfall von dir selbst oder einem Familienangeh\u00f6rigen.<\/p>\n<\/li>\n<li>\n<p data-path-to-node=\"5,1,0\"><b data-path-to-node=\"5,1,0\" data-index-in-node=\"0\">Schwangerschaft:<\/b> Komplikationen bis zur 28. Woche.<\/p>\n<\/li>\n<li>\n<p data-path-to-node=\"5,2,0\"><b data-path-to-node=\"5,2,0\" data-index-in-node=\"0\">Beruf &amp; Einkommen:<\/b> K\u00fcndigung aus betriebsbedingten Gr\u00fcnden oder der unerwartete Antritt eines neuen Arbeitsverh\u00e4ltnisses nach vorheriger Arbeitslosigkeit.<\/p>\n<\/li>\n<li>\n<p data-path-to-node=\"5,3,0\"><b data-path-to-node=\"5,3,0\" data-index-in-node=\"0\">Sch\u00e4den an Haus oder Auto:<\/b> Zum Beispiel durch Feuer, Einbruch oder einen schweren Unfall mit deinem Auto kurz vor der Abreise.<\/p>\n<\/li>\n<li>\n<p data-path-to-node=\"5,4,0\"><b data-path-to-node=\"5,4,0\" data-index-in-node=\"0\">H\u00f6here Gewalt:<\/b> Denke hierbei an eine Vorladung f\u00fcr ein Adoptionsverfahren, eine Organtransplantation oder eine zwingende Berufung als Geschworener.<\/p>\n<\/li>\n<\/ul>\n<h4 data-path-to-node=\"6\"><b data-path-to-node=\"6\" data-index-in-node=\"0\">2. Abbruch deines Aufenthalts<\/b><\/h4>\n<p data-path-to-node=\"6\">Bist du bereits an deinem Reiseziel, musst aber fr\u00fcher nach Hause? Wir erstatten dir die nicht genutzten Urlaubstage zur\u00fcck (pro rata). Dies gilt, wenn du zur\u00fcckkehren musst aufgrund von:<\/p>\n<ul data-path-to-node=\"7\">\n<li>\n<p data-path-to-node=\"7,0,0\">Einer medizinisch notwendigen R\u00fcckf\u00fchrung durch eine Notrufzentrale.<\/p>\n<\/li>\n<li>\n<p data-path-to-node=\"7,1,0\">Schwerer Krankheit oder dem Todesfall eines Familienangeh\u00f6rigen, der nicht mitreist.<\/p>\n<\/li>\n<li>\n<p data-path-to-node=\"7,2,0\">Gro\u00dfen Sch\u00e4den an deinem Wohnhaus oder deinen Gesch\u00e4ftsr\u00e4umen, die deine sofortige R\u00fcckkehr erforderlich machen.<\/p>\n<\/li>\n<\/ul>\n<h3 data-path-to-node=\"8\">Gut zu wissen: Selbstbehalt<\/h3>\n<p data-path-to-node=\"9\">Wie bei den meisten Versicherungen zahlst du einen kleinen Teil selbst, wenn du einen Anspruch geltend machst:<\/p>\n<ul data-path-to-node=\"10\">\n<li>\n<p data-path-to-node=\"10,0,0\"><b data-path-to-node=\"10,0,0\" data-index-in-node=\"0\">Medizinische Gr\u00fcnde:<\/b> Bei Krankheit, Unfall oder Todesfall gilt ein Selbstbehalt von 50 \u20ac pro Fall.<\/p>\n<\/li>\n<li>\n<p data-path-to-node=\"10,1,0\"><b data-path-to-node=\"10,1,0\" data-index-in-node=\"0\">Andere Gr\u00fcnde:<\/b> Bei allen \u00fcbrigen g\u00fcltigen Gr\u00fcnden tr\u00e4gst du 25 % des Reisepreises selbst (mindestens jedoch 50 \u20ac).<\/p>\n<\/li>\n<\/ul>\n<h2 data-path-to-node=\"11\">Welche Bedingungen gelten f\u00fcr mich?<\/h2>\n<p data-path-to-node=\"12\">Da sich die Deckungen und Versicherer je nach Zeitraum unterscheiden k\u00f6nnen, ist das Datum deiner Buchung entscheidend. Klicke auf den entsprechenden Link, um die vollst\u00e4ndigen Details und das Informationsblatt einzusehen:<\/p>\n<h3 data-path-to-node=\"3\"><b data-path-to-node=\"3\" data-index-in-node=\"0\">Reservierungen ab dem 03.02.2026<\/b><\/h3>\n<p data-path-to-node=\"3\">F\u00fcr alle Buchungen ab diesem Datum ist <b data-path-to-node=\"3\" data-index-in-node=\"72\">IMA ASSURANCES<\/b> der Versicherer.<\/p>\n<p data-path-to-node=\"4\"><a href=\"https:\/\/www.campings.com\/de\/content\/wp-content\/uploads\/sites\/3\/2026\/04\/cancellation_insurance_ima-2.pdf\">Klicke hier<\/a>, um die vollst\u00e4ndigen Allgemeinen Bedingungen der Reiser\u00fccktritts- und Multirisk-Versicherung einzusehen.<\/p>\n<h3 data-path-to-node=\"5\"><b data-path-to-node=\"5\" data-index-in-node=\"0\">Reservierungen bis zum 02.02.2026<\/b><\/h3>\n<p data-path-to-node=\"5\">F\u00fcr Buchungen bis einschlie\u00dflich zu diesem Datum ist <b data-path-to-node=\"5\" data-index-in-node=\"87\">Seyna<\/b> der Versicherer.<\/p>\n<p data-path-to-node=\"6\"><span data-path-to-node=\"3,1\"><span class=\"citation-2312\">Bitte entnimm die f\u00fcr dich geltenden Bedingungen deiner <\/span><span class=\"citation-2312\">Buchungsbest\u00e4tigung<\/span><span class=\"citation-2312\">, die dir zum Zeitpunkt der Reservierung zugesandt wurde<\/span><\/span><span data-path-to-node=\"3,3\">.<\/span><\/p>\n<h2 data-path-to-node=\"2\">Was muss ich im Schadensfall tun?<\/h2>\n<ol>\n<li id=\"p-rc_8597a921d78a62a9-860\" data-path-to-node=\"3,0,1\"><span data-path-to-node=\"3,0,1,0\"><b data-path-to-node=\"3,0,1,0\" data-index-in-node=\"0\"><span class=\"citation-2327\">Sofort melden:<\/span><\/b><span class=\"citation-2327\"> Sobald du wei\u00dft, dass du stornieren oder vorzeitig zur\u00fcckkehren musst, informiere Campings.com bitte umgehend<\/span><\/span><span data-path-to-node=\"3,0,1,2\">.<\/span><\/li>\n<li data-path-to-node=\"3,0,1\"><b data-path-to-node=\"3,1,0\" data-index-in-node=\"0\">Schaden online melden:<\/b> Bitte tue dies innerhalb von 5 Tagen, nachdem das Ereignis eingetreten ist.<\/li>\n<li data-path-to-node=\"3,0,1\"><span data-path-to-node=\"3,2,1,0\"><b data-path-to-node=\"3,2,1,0\" data-index-in-node=\"0\"><span class=\"citation-2326\">Belege:<\/span><\/b><span class=\"citation-2326\"> Sorge daf\u00fcr, dass du Nachweise sammelst, wie zum Beispiel ein \u00e4rztliches Attest, eine Sterbeurkunde oder eine Kopie der Anzeige bei Diebstahl<\/span><\/span><span data-path-to-node=\"3,2,1,2\">.<\/span><\/li>\n<\/ol>\n<p data-path-to-node=\"3,0,1\"><em><span class=\"citation-2325\">Hast du w\u00e4hrend der Buchung Fragen zur Versicherung?<\/span><span class=\"citation-2325\"><a href=\"https:\/\/support.campings.com\/requests\/?lang=de\"> Unser Kundenservice<\/a> steht dir gerne zur Verf\u00fcgung, um dir zu helfen<\/span>!<\/em><\/p>\n","protected":false},"excerpt":{"rendered":"<p>Du freust dich auf deinen wohlverdienten Urlaub, aber manchmal verl\u00e4uft das Leben anders als geplant. Eine Reiser\u00fccktrittsversicherung bietet dir die Sicherheit, die du brauchst. Egal, ob deine Reise gar nicht erst angetreten werden kann oder unerwartet abgebrochen werden muss \u2013 zum Beispiel wegen Krankheit, dem Todesfall eines Angeh\u00f6rigen oder Entlassung: Wir sorgen daf\u00fcr, dass du [&hellip;]<\/p>\n","protected":false},"author":36,"featured_media":0,"parent":0,"menu_order":0,"comment_status":"closed","ping_status":"closed","template":"template-onecolumn.php","meta":{"_acf_changed":false,"footnotes":""},"class_list":["post-131","page","type-page","status-publish","hentry"],"acf":[],"yoast_head":"<!-- This site is optimized with the Yoast SEO plugin v27.1.1 - https:\/\/yoast.com\/product\/yoast-seo-wordpress\/ -->\n<title>Bedingungen f\u00fcr die Reiser\u00fccktrittsversicherung Campings.com<\/title>\n<meta name=\"description\" content=\"Sieh dir hier alle Bedingungen f\u00fcr die Reiser\u00fccktrittsversicherung an, die du bei Campings.com f\u00fcr deinen Urlaub abschlie\u00dfen kannst.\" \/>\n<meta name=\"robots\" content=\"index, follow, max-snippet:-1, max-image-preview:large, max-video-preview:-1\" \/>\n<link rel=\"canonical\" href=\"https:\/\/www.campings.com\/de\/content\/bedingungen-reiserucktrittsversicherung\/\" \/>\n<meta property=\"og:locale\" content=\"en_US\" \/>\n<meta property=\"og:type\" content=\"article\" \/>\n<meta property=\"og:title\" content=\"Bedingungen f\u00fcr die Reiser\u00fccktrittsversicherung Campings.com\" \/>\n<meta property=\"og:description\" content=\"Sieh dir hier alle Bedingungen f\u00fcr die Reiser\u00fccktrittsversicherung an, die du bei Campings.com f\u00fcr deinen Urlaub abschlie\u00dfen kannst.\" \/>\n<meta property=\"og:url\" content=\"https:\/\/www.campings.com\/de\/content\/bedingungen-reiserucktrittsversicherung\/\" \/>\n<meta property=\"og:site_name\" content=\"Campings DE Content\" \/>\n<meta name=\"twitter:card\" content=\"summary_large_image\" \/>\n<meta name=\"twitter:label1\" content=\"Est. reading time\" \/>\n\t<meta name=\"twitter:data1\" content=\"3 minutes\" \/>\n<script type=\"application\/ld+json\" class=\"yoast-schema-graph\">{\"@context\":\"https:\/\/schema.org\",\"@graph\":[{\"@type\":\"WebPage\",\"@id\":\"https:\/\/www.campings.com\/de\/content\/bedingungen-reiserucktrittsversicherung\/\",\"url\":\"https:\/\/www.campings.com\/de\/content\/bedingungen-reiserucktrittsversicherung\/\",\"name\":\"Bedingungen f\u00fcr die Reiser\u00fccktrittsversicherung Campings.com\",\"isPartOf\":{\"@id\":\"https:\/\/www.campings.com\/de\/content\/#website\"},\"datePublished\":\"2026-04-07T15:23:37+00:00\",\"description\":\"Sieh dir hier alle Bedingungen f\u00fcr die Reiser\u00fccktrittsversicherung an, die du bei Campings.com f\u00fcr deinen Urlaub abschlie\u00dfen kannst.\",\"breadcrumb\":{\"@id\":\"https:\/\/www.campings.com\/de\/content\/bedingungen-reiserucktrittsversicherung\/#breadcrumb\"},\"inLanguage\":\"en-US\",\"potentialAction\":[{\"@type\":\"ReadAction\",\"target\":[\"https:\/\/www.campings.com\/de\/content\/bedingungen-reiserucktrittsversicherung\/\"]}]},{\"@type\":\"BreadcrumbList\",\"@id\":\"https:\/\/www.campings.com\/de\/content\/bedingungen-reiserucktrittsversicherung\/#breadcrumb\",\"itemListElement\":[{\"@type\":\"ListItem\",\"position\":1,\"name\":\"Home\",\"item\":\"https:\/\/www.campings.com\/de\/content\/\"},{\"@type\":\"ListItem\",\"position\":2,\"name\":\"Bedingungen f\u00fcr die Reiser\u00fccktrittsversicherung\"}]},{\"@type\":\"WebSite\",\"@id\":\"https:\/\/www.campings.com\/de\/content\/#website\",\"url\":\"https:\/\/www.campings.com\/de\/content\/\",\"name\":\"Campings DE Content\",\"description\":\"Just another Campings Blog Sites site\",\"potentialAction\":[{\"@type\":\"SearchAction\",\"target\":{\"@type\":\"EntryPoint\",\"urlTemplate\":\"https:\/\/www.campings.com\/de\/content\/?s={search_term_string}\"},\"query-input\":{\"@type\":\"PropertyValueSpecification\",\"valueRequired\":true,\"valueName\":\"search_term_string\"}}],\"inLanguage\":\"en-US\"}]}<\/script>\n<!-- \/ Yoast SEO plugin. -->","yoast_head_json":{"title":"Bedingungen f\u00fcr die Reiser\u00fccktrittsversicherung Campings.com","description":"Sieh dir hier alle Bedingungen f\u00fcr die Reiser\u00fccktrittsversicherung an, die du bei Campings.com f\u00fcr deinen Urlaub abschlie\u00dfen kannst.","robots":{"index":"index","follow":"follow","max-snippet":"max-snippet:-1","max-image-preview":"max-image-preview:large","max-video-preview":"max-video-preview:-1"},"canonical":"https:\/\/www.campings.com\/de\/content\/bedingungen-reiserucktrittsversicherung\/","og_locale":"en_US","og_type":"article","og_title":"Bedingungen f\u00fcr die Reiser\u00fccktrittsversicherung Campings.com","og_description":"Sieh dir hier alle Bedingungen f\u00fcr die Reiser\u00fccktrittsversicherung an, die du bei Campings.com f\u00fcr deinen Urlaub abschlie\u00dfen kannst.","og_url":"https:\/\/www.campings.com\/de\/content\/bedingungen-reiserucktrittsversicherung\/","og_site_name":"Campings DE Content","twitter_card":"summary_large_image","twitter_misc":{"Est. reading time":"3 minutes"},"schema":{"@context":"https:\/\/schema.org","@graph":[{"@type":"WebPage","@id":"https:\/\/www.campings.com\/de\/content\/bedingungen-reiserucktrittsversicherung\/","url":"https:\/\/www.campings.com\/de\/content\/bedingungen-reiserucktrittsversicherung\/","name":"Bedingungen f\u00fcr die Reiser\u00fccktrittsversicherung Campings.com","isPartOf":{"@id":"https:\/\/www.campings.com\/de\/content\/#website"},"datePublished":"2026-04-07T15:23:37+00:00","description":"Sieh dir hier alle Bedingungen f\u00fcr die Reiser\u00fccktrittsversicherung an, die du bei Campings.com f\u00fcr deinen Urlaub abschlie\u00dfen kannst.","breadcrumb":{"@id":"https:\/\/www.campings.com\/de\/content\/bedingungen-reiserucktrittsversicherung\/#breadcrumb"},"inLanguage":"en-US","potentialAction":[{"@type":"ReadAction","target":["https:\/\/www.campings.com\/de\/content\/bedingungen-reiserucktrittsversicherung\/"]}]},{"@type":"BreadcrumbList","@id":"https:\/\/www.campings.com\/de\/content\/bedingungen-reiserucktrittsversicherung\/#breadcrumb","itemListElement":[{"@type":"ListItem","position":1,"name":"Home","item":"https:\/\/www.campings.com\/de\/content\/"},{"@type":"ListItem","position":2,"name":"Bedingungen f\u00fcr die Reiser\u00fccktrittsversicherung"}]},{"@type":"WebSite","@id":"https:\/\/www.campings.com\/de\/content\/#website","url":"https:\/\/www.campings.com\/de\/content\/","name":"Campings DE Content","description":"Just another Campings Blog Sites site","potentialAction":[{"@type":"SearchAction","target":{"@type":"EntryPoint","urlTemplate":"https:\/\/www.campings.com\/de\/content\/?s={search_term_string}"},"query-input":{"@type":"PropertyValueSpecification","valueRequired":true,"valueName":"search_term_string"}}],"inLanguage":"en-US"}]}},"_links":{"self":[{"href":"https:\/\/www.campings.com\/de\/content\/wp-json\/wp\/v2\/pages\/131","targetHints":{"allow":["GET"]}}],"collection":[{"href":"https:\/\/www.campings.com\/de\/content\/wp-json\/wp\/v2\/pages"}],"about":[{"href":"https:\/\/www.campings.com\/de\/content\/wp-json\/wp\/v2\/types\/page"}],"author":[{"embeddable":true,"href":"https:\/\/www.campings.com\/de\/content\/wp-json\/wp\/v2\/users\/36"}],"replies":[{"embeddable":true,"href":"https:\/\/www.campings.com\/de\/content\/wp-json\/wp\/v2\/comments?post=131"}],"version-history":[{"count":2,"href":"https:\/\/www.campings.com\/de\/content\/wp-json\/wp\/v2\/pages\/131\/revisions"}],"predecessor-version":[{"id":134,"href":"https:\/\/www.campings.com\/de\/content\/wp-json\/wp\/v2\/pages\/131\/revisions\/134"}],"wp:attachment":[{"href":"https:\/\/www.campings.com\/de\/content\/wp-json\/wp\/v2\/media?parent=131"}],"curies":[{"name":"wp","href":"https:\/\/api.w.org\/{rel}","templated":true}]}}