{"id":124,"date":"2026-04-07T14:12:19","date_gmt":"2026-04-07T14:12:19","guid":{"rendered":"https:\/\/www.campings.com\/de\/content\/?page_id=124"},"modified":"2026-04-07T14:12:36","modified_gmt":"2026-04-07T14:12:36","slug":"impressum","status":"publish","type":"page","link":"https:\/\/www.campings.com\/de\/content\/impressum\/","title":{"rendered":"Impressum &amp; Unternehmensdaten"},"content":{"rendered":"<p>Sicherlich nicht die spannendste Seite auf unserer Website f\u00fcr Urlauber, aber auch die Unternehmensdaten geh\u00f6ren dazu. Auf dieser Seite findest du eine klare \u00dcbersicht \u00fcber alle unsere gesch\u00e4ftlichen Informationen. Solltest du dennoch Fragen haben, wende dich bitte an unseren <a href=\"https:\/\/support.campings.com\/requests\/?lang=de\">Kundenservice<\/a>.<\/p>\n<h2 data-path-to-node=\"25\"><b data-path-to-node=\"25\" data-index-in-node=\"0\">AddGuests LTD<\/b><\/h2>\n<p><strong>Vertreten durch: <\/strong>Herr J\u00e9r\u00f4me Mercier<\/p>\n<p data-path-to-node=\"25\"><em>Die Website <a class=\"ng-star-inserted\" href=\"https:\/\/www.google.com\/search?q=https:\/\/campings.com\/de\" target=\"_blank\" rel=\"noopener\">campings.com\/de<\/a> wird von AddGuests LTD verwaltet.<\/em><\/p>\n<h3 data-path-to-node=\"25\">Adresse<\/h3>\n<p data-path-to-node=\"26\">Becket House, 1 Lambeth Palace Road<br \/>\nLondon, SE1 7EU<br \/>\nEngland<\/p>\n<h3 data-path-to-node=\"26\">Registernummer<\/h3>\n<p>13478465 (UK)<\/p>\n<h3>Umsatzsteuer-Identifikationsnummer gem\u00e4\u00df \u00a7 27 a Umsatzsteuergesetz:<\/h3>\n<p>GB 385 1843 71<\/p>\n<h2 data-path-to-node=\"25\"><b data-path-to-node=\"25\" data-index-in-node=\"0\">Campings.com SAS<\/b><\/h2>\n<p><strong>Vertreten durch: <\/strong>Herr J\u00e9r\u00f4me Mercier<\/p>\n<p data-path-to-node=\"9\"><em>Unser beauftragter Partner f\u00fcr Zahlungen und Kundenservice ist Campings.com SAS.<\/em><\/p>\n<h3 data-path-to-node=\"25\">Adresse<\/h3>\n<p>11 Rue Beaurepaire<br \/>\n75010, Paris<br \/>\nFrankreich<\/p>\n<h3 data-path-to-node=\"6\">Franz\u00f6sisches Handelsregister (RCS)<\/h3>\n<p data-path-to-node=\"6\">B 508 290 947 (Paris)<\/p>\n<p data-path-to-node=\"9\"><strong>Hinweis<\/strong>: Die oben genannten Adressen sind <span style=\"text-decoration: underline\">keine<\/span> Besucheradressen.<\/p>\n<h2 data-path-to-node=\"9\">E-Mail-Adresse<\/h2>\n<p data-path-to-node=\"10\">Der schnellste Weg, um mit uns in Kontakt zu treten, ist unser <a href=\"https:\/\/support.campings.com\/requests\/?lang=de\">Kontaktformular<\/a>. Du kannst uns nat\u00fcrlich auch eine E-Mail an <a href=\"mailto:kundenservice@campings.com\">kundenservice@campings.com<\/a> senden. Bitte vergiss nicht, im Betreff den Grund deiner Nachricht (Frage, Campingplatz-Info, \u00c4nderung etc.) sowie deine Reservierungsnummer anzugeben.<\/p>\n<h2 data-path-to-node=\"11\">Telefonnummer<\/h2>\n<ul>\n<li><strong>Englischsprachiger Kundenservice: <\/strong>(+44) 020 3445 6022<\/li>\n<li><strong>Franz\u00f6sischsprachiger Kundenservice: <\/strong>(+33) 02 53 04 00 89<\/li>\n<\/ul>\n<p data-path-to-node=\"11\">Erreichbar Mo.\u2013Fr. von 09:00 bis 16:00 Uhr (au\u00dfer an franz\u00f6sischen Feiertagen).<\/p>\n<p data-path-to-node=\"11\"><em>Hinweis: Bei Anrufen aus Deutschland k\u00f6nnen zus\u00e4tzliche Kosten durch deinen Anbieter anfallen.<\/em><\/p>\n<h2 data-path-to-node=\"20\">Art unserer Dienstleistung<\/h2>\n<p data-path-to-node=\"12\">Campings.com fungiert ausschlie\u00dflich als Online-Reservierungsplattform und tritt als Vermittler beim Zustandekommen von Vertr\u00e4gen zwischen dem Verbraucher und dem Anbieter der Unterkunft auf. Wenn du \u00fcber diese Online-Plattform eine Reservierung vornimmst, wird dein Vertrag mit AddGuests LTD geschlossen, die f\u00fcr die Verwaltung deiner Reservierung verantwortlich ist. Damit gehst du eine direkte Vertragsbeziehung mit dem jeweiligen Unterkunftsanbieter (dem Campingplatz) ein, bei dem du reservierst.<\/p>\n<h3 data-path-to-node=\"12\">Online-Streitbeilegung<\/h3>\n<p>Die Europ\u00e4ische Kommission stellt eine Plattform zur Online-Streitbeilegung (OS) bereit, die du unter <a class=\"ng-star-inserted\" href=\"https:\/\/ec.europa.eu\/consumers\/odr\/\" target=\"_blank\" rel=\"noopener\">https:\/\/ec.europa.eu\/consumers\/odr\/<\/a> findest. Wir sind nicht verpflichtet und nicht bereit, an einem Streitbeilegungsverfahren vor einer Verbraucherschlichtungsstelle teilzunehmen.<\/p>\n<p>________________________________________________________<\/p>\n<p>Du betreibst einen Campingplatz und bist an einer Zusammenarbeit mit Campings.com interessiert? <a href=\"https:\/\/join.campings.com\/nl\/join-campings.com\">Melde dich an<\/a>, und wir werden uns so schnell wie m\u00f6glich mit dir in Verbindung setzen.<\/p>\n","protected":false},"excerpt":{"rendered":"<p>Sicherlich nicht die spannendste Seite auf unserer Website f\u00fcr Urlauber, aber auch die Unternehmensdaten geh\u00f6ren dazu. Auf dieser Seite findest du eine klare \u00dcbersicht \u00fcber alle unsere gesch\u00e4ftlichen Informationen. Solltest du dennoch Fragen haben, wende dich bitte an unseren Kundenservice. AddGuests LTD Vertreten durch: Herr J\u00e9r\u00f4me Mercier Die Website campings.com\/de wird von AddGuests LTD verwaltet. [&hellip;]<\/p>\n","protected":false},"author":36,"featured_media":0,"parent":0,"menu_order":0,"comment_status":"closed","ping_status":"closed","template":"template-onecolumn.php","meta":{"_acf_changed":false,"footnotes":""},"class_list":["post-124","page","type-page","status-publish","hentry"],"acf":[],"yoast_head":"<!-- This site is optimized with the Yoast SEO plugin v27.1.1 - https:\/\/yoast.com\/product\/yoast-seo-wordpress\/ -->\n<title>Impressum &amp; Unternehmensdaten Campings.com<\/title>\n<meta name=\"description\" content=\"Hier findest du alle Unternehmensdaten von Campings.com. Bei Fragen wende dich bitte an unseren Kundenservice.\" \/>\n<meta name=\"robots\" content=\"index, follow, max-snippet:-1, max-image-preview:large, max-video-preview:-1\" \/>\n<link rel=\"canonical\" href=\"https:\/\/www.campings.com\/de\/content\/impressum\/\" \/>\n<meta property=\"og:locale\" content=\"en_US\" \/>\n<meta property=\"og:type\" content=\"article\" \/>\n<meta property=\"og:title\" content=\"Impressum &amp; Unternehmensdaten Campings.com\" \/>\n<meta property=\"og:description\" content=\"Hier findest du alle Unternehmensdaten von Campings.com. Bei Fragen wende dich bitte an unseren Kundenservice.\" \/>\n<meta property=\"og:url\" content=\"https:\/\/www.campings.com\/de\/content\/impressum\/\" \/>\n<meta property=\"og:site_name\" content=\"Campings DE Content\" \/>\n<meta property=\"article:modified_time\" content=\"2026-04-07T14:12:36+00:00\" \/>\n<meta name=\"twitter:card\" content=\"summary_large_image\" \/>\n<meta name=\"twitter:label1\" content=\"Est. reading time\" \/>\n\t<meta name=\"twitter:data1\" content=\"2 minutes\" \/>\n<script type=\"application\/ld+json\" class=\"yoast-schema-graph\">{\"@context\":\"https:\/\/schema.org\",\"@graph\":[{\"@type\":\"WebPage\",\"@id\":\"https:\/\/www.campings.com\/de\/content\/impressum\/\",\"url\":\"https:\/\/www.campings.com\/de\/content\/impressum\/\",\"name\":\"Impressum &amp; Unternehmensdaten Campings.com\",\"isPartOf\":{\"@id\":\"https:\/\/www.campings.com\/de\/content\/#website\"},\"datePublished\":\"2026-04-07T14:12:19+00:00\",\"dateModified\":\"2026-04-07T14:12:36+00:00\",\"description\":\"Hier findest du alle Unternehmensdaten von Campings.com. Bei Fragen wende dich bitte an unseren Kundenservice.\",\"breadcrumb\":{\"@id\":\"https:\/\/www.campings.com\/de\/content\/impressum\/#breadcrumb\"},\"inLanguage\":\"en-US\",\"potentialAction\":[{\"@type\":\"ReadAction\",\"target\":[\"https:\/\/www.campings.com\/de\/content\/impressum\/\"]}]},{\"@type\":\"BreadcrumbList\",\"@id\":\"https:\/\/www.campings.com\/de\/content\/impressum\/#breadcrumb\",\"itemListElement\":[{\"@type\":\"ListItem\",\"position\":1,\"name\":\"Home\",\"item\":\"https:\/\/www.campings.com\/de\/content\/\"},{\"@type\":\"ListItem\",\"position\":2,\"name\":\"Impressum &amp; Unternehmensdaten\"}]},{\"@type\":\"WebSite\",\"@id\":\"https:\/\/www.campings.com\/de\/content\/#website\",\"url\":\"https:\/\/www.campings.com\/de\/content\/\",\"name\":\"Campings DE Content\",\"description\":\"Just another Campings Blog Sites site\",\"potentialAction\":[{\"@type\":\"SearchAction\",\"target\":{\"@type\":\"EntryPoint\",\"urlTemplate\":\"https:\/\/www.campings.com\/de\/content\/?s={search_term_string}\"},\"query-input\":{\"@type\":\"PropertyValueSpecification\",\"valueRequired\":true,\"valueName\":\"search_term_string\"}}],\"inLanguage\":\"en-US\"}]}<\/script>\n<!-- \/ Yoast SEO plugin. -->","yoast_head_json":{"title":"Impressum &amp; Unternehmensdaten Campings.com","description":"Hier findest du alle Unternehmensdaten von Campings.com. Bei Fragen wende dich bitte an unseren Kundenservice.","robots":{"index":"index","follow":"follow","max-snippet":"max-snippet:-1","max-image-preview":"max-image-preview:large","max-video-preview":"max-video-preview:-1"},"canonical":"https:\/\/www.campings.com\/de\/content\/impressum\/","og_locale":"en_US","og_type":"article","og_title":"Impressum &amp; Unternehmensdaten Campings.com","og_description":"Hier findest du alle Unternehmensdaten von Campings.com. Bei Fragen wende dich bitte an unseren Kundenservice.","og_url":"https:\/\/www.campings.com\/de\/content\/impressum\/","og_site_name":"Campings DE Content","article_modified_time":"2026-04-07T14:12:36+00:00","twitter_card":"summary_large_image","twitter_misc":{"Est. reading time":"2 minutes"},"schema":{"@context":"https:\/\/schema.org","@graph":[{"@type":"WebPage","@id":"https:\/\/www.campings.com\/de\/content\/impressum\/","url":"https:\/\/www.campings.com\/de\/content\/impressum\/","name":"Impressum &amp; Unternehmensdaten Campings.com","isPartOf":{"@id":"https:\/\/www.campings.com\/de\/content\/#website"},"datePublished":"2026-04-07T14:12:19+00:00","dateModified":"2026-04-07T14:12:36+00:00","description":"Hier findest du alle Unternehmensdaten von Campings.com. Bei Fragen wende dich bitte an unseren Kundenservice.","breadcrumb":{"@id":"https:\/\/www.campings.com\/de\/content\/impressum\/#breadcrumb"},"inLanguage":"en-US","potentialAction":[{"@type":"ReadAction","target":["https:\/\/www.campings.com\/de\/content\/impressum\/"]}]},{"@type":"BreadcrumbList","@id":"https:\/\/www.campings.com\/de\/content\/impressum\/#breadcrumb","itemListElement":[{"@type":"ListItem","position":1,"name":"Home","item":"https:\/\/www.campings.com\/de\/content\/"},{"@type":"ListItem","position":2,"name":"Impressum &amp; Unternehmensdaten"}]},{"@type":"WebSite","@id":"https:\/\/www.campings.com\/de\/content\/#website","url":"https:\/\/www.campings.com\/de\/content\/","name":"Campings DE Content","description":"Just another Campings Blog Sites site","potentialAction":[{"@type":"SearchAction","target":{"@type":"EntryPoint","urlTemplate":"https:\/\/www.campings.com\/de\/content\/?s={search_term_string}"},"query-input":{"@type":"PropertyValueSpecification","valueRequired":true,"valueName":"search_term_string"}}],"inLanguage":"en-US"}]}},"_links":{"self":[{"href":"https:\/\/www.campings.com\/de\/content\/wp-json\/wp\/v2\/pages\/124","targetHints":{"allow":["GET"]}}],"collection":[{"href":"https:\/\/www.campings.com\/de\/content\/wp-json\/wp\/v2\/pages"}],"about":[{"href":"https:\/\/www.campings.com\/de\/content\/wp-json\/wp\/v2\/types\/page"}],"author":[{"embeddable":true,"href":"https:\/\/www.campings.com\/de\/content\/wp-json\/wp\/v2\/users\/36"}],"replies":[{"embeddable":true,"href":"https:\/\/www.campings.com\/de\/content\/wp-json\/wp\/v2\/comments?post=124"}],"version-history":[{"count":2,"href":"https:\/\/www.campings.com\/de\/content\/wp-json\/wp\/v2\/pages\/124\/revisions"}],"predecessor-version":[{"id":126,"href":"https:\/\/www.campings.com\/de\/content\/wp-json\/wp\/v2\/pages\/124\/revisions\/126"}],"wp:attachment":[{"href":"https:\/\/www.campings.com\/de\/content\/wp-json\/wp\/v2\/media?parent=124"}],"curies":[{"name":"wp","href":"https:\/\/api.w.org\/{rel}","templated":true}]}}