{"id":104,"date":"2026-04-07T13:17:51","date_gmt":"2026-04-07T13:17:51","guid":{"rendered":"https:\/\/www.campings.com\/de\/content\/?page_id=104"},"modified":"2026-04-07T13:45:40","modified_gmt":"2026-04-07T13:45:40","slug":"ueber-uns","status":"publish","type":"page","link":"https:\/\/www.campings.com\/de\/content\/ueber-uns\/","title":{"rendered":"\u00dcber Campings.com"},"content":{"rendered":"<p><img loading=\"lazy\" decoding=\"async\" class=\"wp-image-107 size-full alignnone\" src=\"https:\/\/www.campings.com\/de\/content\/wp-content\/uploads\/sites\/3\/2026\/04\/Schermafbeelding-2026-04-07-151319.png\" alt=\"\" width=\"912\" height=\"543\" srcset=\"https:\/\/www.campings.com\/de\/content\/wp-content\/uploads\/sites\/3\/2026\/04\/Schermafbeelding-2026-04-07-151319.png 912w, https:\/\/www.campings.com\/de\/content\/wp-content\/uploads\/sites\/3\/2026\/04\/Schermafbeelding-2026-04-07-151319-300x179.png 300w, https:\/\/www.campings.com\/de\/content\/wp-content\/uploads\/sites\/3\/2026\/04\/Schermafbeelding-2026-04-07-151319-768x457.png 768w, https:\/\/www.campings.com\/de\/content\/wp-content\/uploads\/sites\/3\/2026\/04\/Schermafbeelding-2026-04-07-151319-450x268.png 450w, https:\/\/www.campings.com\/de\/content\/wp-content\/uploads\/sites\/3\/2026\/04\/Schermafbeelding-2026-04-07-151319-430x256.png 430w\" sizes=\"auto, (max-width: 912px) 100vw, 912px\" \/><\/p>\n<h3><b>Wer sind wir?<\/b><\/h3>\n<p><span style=\"font-weight: 400\">Campings.com ist dein Spezialist f\u00fcr die Online-Buchung von Campingpl\u00e4tzen in Europa. Seit unserer Gr\u00fcndung im Jahr 2008 haben wir uns zu einer der f\u00fchrenden Buchungsplattformen in der Campingbranche entwickelt. Mit unserem Hauptsitz in Paris sowie B\u00fcros in Le Mans und London verbinden wir internationale Expertise mit lokalem Marktwissen.<\/span><\/p>\n<p><span style=\"font-weight: 400\">Was einst als ambitionierte Idee begann, Campingurlaube einfacher und transparenter zu gestalten, ist heute eine innovative Plattform, auf der Millionen von Urlaubern ihre ideale Unterkunft finden. Ob komfortable Mobilheime oder gro\u00dfz\u00fcgige Stellpl\u00e4tze mitten in der Natur, wir machen das Entdecken und Buchen von Campingpl\u00e4tzen einfach, \u00fcbersichtlich und sorgenfrei.<\/span><\/p>\n<p><span style=\"font-weight: 400\">Im Jahr 2022 wurde <a href=\"https:\/\/www.ferienparkspecials.de\/\">FerienparkSpecials<\/a> Teil von Campings.com. Durch diese \u00dcbernahme konnten wir unsere Expertise im Bereich Ferienparks und Camping weiter st\u00e4rken und unser Angebot deutlich erweitern, sodass wir noch mehr Reisenden helfen k\u00f6nnen, ihren idealen Urlaub in Europa zu finden.<\/span><\/p>\n<h3><b>Unsere Mission<\/b><\/h3>\n<p><span style=\"font-weight: 400\">Bei Campings.com haben wir eine klare Mission: wertvolle Familienmomente immer wieder m\u00f6glich zu machen. Denn wir glauben, dass Camping vor allem f\u00fcr Freiheit und Spa\u00df steht, ganz egal, ob du mit deiner Familie, deinem Partner oder Freunden unterwegs bist.<\/span><\/p>\n<p data-path-to-node=\"2\"><strong>Nachhaltigkeit als Standard<br \/>\n<\/strong>Um diese Familienmomente auch in Zukunft zu garantieren, setzen wir uns f\u00fcr einen nachhaltigeren Reisesektor ein. Wir glauben fest daran, dass das Genie\u00dfen der Natur und ihr Schutz Hand in Hand gehen. Deshalb helfen wir unseren Reisenden dabei, bewusste Entscheidungen zu treffen, indem wir nachhaltige Alternativen auf unserer Plattform sichtbar und zug\u00e4nglich machen. <a href=\"https:\/\/www.campings.com\/de\/content\/umweltverantwortung\/\">Lies hier mehr \u00fcber die verschiedenen Umweltzeichen.<\/a><\/p>\n<h3><b>Unser Partnernetzwerk<\/b><\/h3>\n<p><span style=\"font-weight: 400\">Wir sind stolz auf unser umfangreiches Netzwerk mit mehr als 20.000 Unterk\u00fcnften auf tausenden Campingpl\u00e4tzen und Ferienparks in ganz Europa. Durch enge Zusammenarbeit mit unseren Partnern k\u00f6nnen wir ein vielf\u00e4ltiges Angebot bieten: von kleinen, naturnahen Campingpl\u00e4tzen bis hin zu luxuri\u00f6sen 5-Sterne-Familienresorts mit Wasserparks und umfangreichen Einrichtungen.<\/span><\/p>\n<p><span style=\"font-weight: 400\">Dank unserer langj\u00e4hrigen Erfahrung in der Campingbranche wissen wir genau, worauf Urlauber Wert legen. So k\u00f6nnen wir dir sorgf\u00e4ltig ausgew\u00e4hlte Angebote pr\u00e4sentieren, die zu unterschiedlichen W\u00fcnschen und Budgets passen.<\/span><\/p>\n<h3><b>Unser Team<\/b><\/h3>\n<p><span style=\"font-weight: 400\">Hinter Campings.com steht ein internationales Team aus engagierten Experten in den Bereichen Technologie, Marketing, Partnerschaften und Kundenservice. Gemeinsam arbeiten wir jeden Tag daran, unsere Plattform weiterzuentwickeln, um dein Buchungserlebnis noch besser zu machen.<\/span><\/p>\n<p><span style=\"font-weight: 400\">Mit Leidenschaft f\u00fcr Reisen und Innovation setzen wir alles daran, dass dein Urlaub von Anfang bis Ende reibungslos und entspannt verl\u00e4uft. Vom ersten Suchmoment bis zur Ankunft am Reiseziel.<\/span><\/p>\n<h3><b>Unsere Werte<\/b><\/h3>\n<p><span style=\"font-weight: 400\">Zug\u00e4nglichkeit, Zuverl\u00e4ssigkeit und Innovation bilden die Grundlage unseres Handelns. Wir stehen f\u00fcr transparente Informationen, faire Preise und eine einfache, benutzerfreundliche Erfahrung.<\/span><\/p>\n<p><span style=\"font-weight: 400\">Camping verbindet Menschen und genau diese verbindende Kraft steht im Mittelpunkt unserer Vision. Ob Abenteuer in den Bergen, Entspannung am Meer oder gemeinsame Zeit mit der Familie: Wir helfen dir, den Ort zu finden, an dem unvergessliche Erinnerungen entstehen.<\/span><\/p>\n<h3><b>Lass uns dein n\u00e4chstes Campingabenteuer starten!<\/b><\/h3>\n<p><span style=\"font-weight: 400\">Bist du bereit, deinen n\u00e4chsten Urlaub zu planen? Entdecke das vielf\u00e4ltige Angebot von Campings.com und finde ganz einfach den Campingplatz oder die Unterkunft, die zu dir passt. Von sonnigen Reisezielen bis hin zu gr\u00fcnen Naturparks, dein perfekter Campingurlaub beginnt genau hier.\u00a0<\/span><\/p>\n<p><img loading=\"lazy\" decoding=\"async\" class=\"alignleft wp-image-106 size-full\" src=\"https:\/\/www.campings.com\/de\/content\/wp-content\/uploads\/sites\/3\/2026\/04\/Schermafbeelding-2026-04-07-151313.png\" alt=\"\" width=\"915\" height=\"540\" srcset=\"https:\/\/www.campings.com\/de\/content\/wp-content\/uploads\/sites\/3\/2026\/04\/Schermafbeelding-2026-04-07-151313.png 915w, https:\/\/www.campings.com\/de\/content\/wp-content\/uploads\/sites\/3\/2026\/04\/Schermafbeelding-2026-04-07-151313-300x177.png 300w, https:\/\/www.campings.com\/de\/content\/wp-content\/uploads\/sites\/3\/2026\/04\/Schermafbeelding-2026-04-07-151313-768x453.png 768w, https:\/\/www.campings.com\/de\/content\/wp-content\/uploads\/sites\/3\/2026\/04\/Schermafbeelding-2026-04-07-151313-450x266.png 450w, https:\/\/www.campings.com\/de\/content\/wp-content\/uploads\/sites\/3\/2026\/04\/Schermafbeelding-2026-04-07-151313-430x254.png 430w\" sizes=\"auto, (max-width: 915px) 100vw, 915px\" \/><\/p>\n","protected":false},"excerpt":{"rendered":"<p>Wer sind wir? Campings.com ist dein Spezialist f\u00fcr die Online-Buchung von Campingpl\u00e4tzen in Europa. Seit unserer Gr\u00fcndung im Jahr 2008 haben wir uns zu einer der f\u00fchrenden Buchungsplattformen in der Campingbranche entwickelt. Mit unserem Hauptsitz in Paris sowie B\u00fcros in Le Mans und London verbinden wir internationale Expertise mit lokalem Marktwissen. Was einst als ambitionierte [&hellip;]<\/p>\n","protected":false},"author":36,"featured_media":0,"parent":0,"menu_order":0,"comment_status":"closed","ping_status":"closed","template":"template-onecolumn.php","meta":{"_acf_changed":false,"footnotes":""},"class_list":["post-104","page","type-page","status-publish","hentry"],"acf":[],"yoast_head":"<!-- This site is optimized with the Yoast SEO plugin v27.1.1 - https:\/\/yoast.com\/product\/yoast-seo-wordpress\/ -->\n<title>\u00dcber Campings.com | Campings.com<\/title>\n<meta name=\"description\" content=\"Nirgends findet man eine so gro\u00dfe Auswahl wie bei Campings.com. Kein Wunder, bei \u00fcber 3.000 Campingpl\u00e4tzen und Ferienparks in ganz Europa.\" \/>\n<meta name=\"robots\" content=\"index, follow, max-snippet:-1, max-image-preview:large, max-video-preview:-1\" \/>\n<link rel=\"canonical\" href=\"https:\/\/www.campings.com\/de\/content\/ueber-uns\/\" \/>\n<meta property=\"og:locale\" content=\"en_US\" \/>\n<meta property=\"og:type\" content=\"article\" \/>\n<meta property=\"og:title\" content=\"\u00dcber Campings.com | Campings.com\" \/>\n<meta property=\"og:description\" content=\"Nirgends findet man eine so gro\u00dfe Auswahl wie bei Campings.com. Kein Wunder, bei \u00fcber 3.000 Campingpl\u00e4tzen und Ferienparks in ganz Europa.\" \/>\n<meta property=\"og:url\" content=\"https:\/\/www.campings.com\/de\/content\/ueber-uns\/\" \/>\n<meta property=\"og:site_name\" content=\"Campings DE Content\" \/>\n<meta property=\"article:modified_time\" content=\"2026-04-07T13:45:40+00:00\" \/>\n<meta property=\"og:image\" content=\"https:\/\/www.campings.com\/de\/content\/wp-content\/uploads\/sites\/3\/2026\/04\/Schermafbeelding-2026-04-07-151319.png\" \/>\n\t<meta property=\"og:image:width\" content=\"912\" \/>\n\t<meta property=\"og:image:height\" content=\"543\" \/>\n\t<meta property=\"og:image:type\" content=\"image\/png\" \/>\n<meta name=\"twitter:card\" content=\"summary_large_image\" \/>\n<meta name=\"twitter:label1\" content=\"Est. reading time\" \/>\n\t<meta name=\"twitter:data1\" content=\"3 minutes\" \/>\n<script type=\"application\/ld+json\" class=\"yoast-schema-graph\">{\"@context\":\"https:\/\/schema.org\",\"@graph\":[{\"@type\":\"WebPage\",\"@id\":\"https:\/\/www.campings.com\/de\/content\/ueber-uns\/\",\"url\":\"https:\/\/www.campings.com\/de\/content\/ueber-uns\/\",\"name\":\"\u00dcber Campings.com | Campings.com\",\"isPartOf\":{\"@id\":\"https:\/\/www.campings.com\/de\/content\/#website\"},\"primaryImageOfPage\":{\"@id\":\"https:\/\/www.campings.com\/de\/content\/ueber-uns\/#primaryimage\"},\"image\":{\"@id\":\"https:\/\/www.campings.com\/de\/content\/ueber-uns\/#primaryimage\"},\"thumbnailUrl\":\"https:\/\/www.campings.com\/de\/content\/wp-content\/uploads\/sites\/3\/2026\/04\/Schermafbeelding-2026-04-07-151319.png\",\"datePublished\":\"2026-04-07T13:17:51+00:00\",\"dateModified\":\"2026-04-07T13:45:40+00:00\",\"description\":\"Nirgends findet man eine so gro\u00dfe Auswahl wie bei Campings.com. Kein Wunder, bei \u00fcber 3.000 Campingpl\u00e4tzen und Ferienparks in ganz Europa.\",\"breadcrumb\":{\"@id\":\"https:\/\/www.campings.com\/de\/content\/ueber-uns\/#breadcrumb\"},\"inLanguage\":\"en-US\",\"potentialAction\":[{\"@type\":\"ReadAction\",\"target\":[\"https:\/\/www.campings.com\/de\/content\/ueber-uns\/\"]}]},{\"@type\":\"ImageObject\",\"inLanguage\":\"en-US\",\"@id\":\"https:\/\/www.campings.com\/de\/content\/ueber-uns\/#primaryimage\",\"url\":\"https:\/\/www.campings.com\/de\/content\/wp-content\/uploads\/sites\/3\/2026\/04\/Schermafbeelding-2026-04-07-151319.png\",\"contentUrl\":\"https:\/\/www.campings.com\/de\/content\/wp-content\/uploads\/sites\/3\/2026\/04\/Schermafbeelding-2026-04-07-151319.png\",\"width\":912,\"height\":543},{\"@type\":\"BreadcrumbList\",\"@id\":\"https:\/\/www.campings.com\/de\/content\/ueber-uns\/#breadcrumb\",\"itemListElement\":[{\"@type\":\"ListItem\",\"position\":1,\"name\":\"Home\",\"item\":\"https:\/\/www.campings.com\/de\/content\/\"},{\"@type\":\"ListItem\",\"position\":2,\"name\":\"\u00dcber Campings.com\"}]},{\"@type\":\"WebSite\",\"@id\":\"https:\/\/www.campings.com\/de\/content\/#website\",\"url\":\"https:\/\/www.campings.com\/de\/content\/\",\"name\":\"Campings DE Content\",\"description\":\"Just another Campings Blog Sites site\",\"potentialAction\":[{\"@type\":\"SearchAction\",\"target\":{\"@type\":\"EntryPoint\",\"urlTemplate\":\"https:\/\/www.campings.com\/de\/content\/?s={search_term_string}\"},\"query-input\":{\"@type\":\"PropertyValueSpecification\",\"valueRequired\":true,\"valueName\":\"search_term_string\"}}],\"inLanguage\":\"en-US\"}]}<\/script>\n<!-- \/ Yoast SEO plugin. -->","yoast_head_json":{"title":"\u00dcber Campings.com | Campings.com","description":"Nirgends findet man eine so gro\u00dfe Auswahl wie bei Campings.com. Kein Wunder, bei \u00fcber 3.000 Campingpl\u00e4tzen und Ferienparks in ganz Europa.","robots":{"index":"index","follow":"follow","max-snippet":"max-snippet:-1","max-image-preview":"max-image-preview:large","max-video-preview":"max-video-preview:-1"},"canonical":"https:\/\/www.campings.com\/de\/content\/ueber-uns\/","og_locale":"en_US","og_type":"article","og_title":"\u00dcber Campings.com | Campings.com","og_description":"Nirgends findet man eine so gro\u00dfe Auswahl wie bei Campings.com. Kein Wunder, bei \u00fcber 3.000 Campingpl\u00e4tzen und Ferienparks in ganz Europa.","og_url":"https:\/\/www.campings.com\/de\/content\/ueber-uns\/","og_site_name":"Campings DE Content","article_modified_time":"2026-04-07T13:45:40+00:00","og_image":[{"width":912,"height":543,"url":"https:\/\/www.campings.com\/de\/content\/wp-content\/uploads\/sites\/3\/2026\/04\/Schermafbeelding-2026-04-07-151319.png","type":"image\/png"}],"twitter_card":"summary_large_image","twitter_misc":{"Est. reading time":"3 minutes"},"schema":{"@context":"https:\/\/schema.org","@graph":[{"@type":"WebPage","@id":"https:\/\/www.campings.com\/de\/content\/ueber-uns\/","url":"https:\/\/www.campings.com\/de\/content\/ueber-uns\/","name":"\u00dcber Campings.com | Campings.com","isPartOf":{"@id":"https:\/\/www.campings.com\/de\/content\/#website"},"primaryImageOfPage":{"@id":"https:\/\/www.campings.com\/de\/content\/ueber-uns\/#primaryimage"},"image":{"@id":"https:\/\/www.campings.com\/de\/content\/ueber-uns\/#primaryimage"},"thumbnailUrl":"https:\/\/www.campings.com\/de\/content\/wp-content\/uploads\/sites\/3\/2026\/04\/Schermafbeelding-2026-04-07-151319.png","datePublished":"2026-04-07T13:17:51+00:00","dateModified":"2026-04-07T13:45:40+00:00","description":"Nirgends findet man eine so gro\u00dfe Auswahl wie bei Campings.com. Kein Wunder, bei \u00fcber 3.000 Campingpl\u00e4tzen und Ferienparks in ganz Europa.","breadcrumb":{"@id":"https:\/\/www.campings.com\/de\/content\/ueber-uns\/#breadcrumb"},"inLanguage":"en-US","potentialAction":[{"@type":"ReadAction","target":["https:\/\/www.campings.com\/de\/content\/ueber-uns\/"]}]},{"@type":"ImageObject","inLanguage":"en-US","@id":"https:\/\/www.campings.com\/de\/content\/ueber-uns\/#primaryimage","url":"https:\/\/www.campings.com\/de\/content\/wp-content\/uploads\/sites\/3\/2026\/04\/Schermafbeelding-2026-04-07-151319.png","contentUrl":"https:\/\/www.campings.com\/de\/content\/wp-content\/uploads\/sites\/3\/2026\/04\/Schermafbeelding-2026-04-07-151319.png","width":912,"height":543},{"@type":"BreadcrumbList","@id":"https:\/\/www.campings.com\/de\/content\/ueber-uns\/#breadcrumb","itemListElement":[{"@type":"ListItem","position":1,"name":"Home","item":"https:\/\/www.campings.com\/de\/content\/"},{"@type":"ListItem","position":2,"name":"\u00dcber Campings.com"}]},{"@type":"WebSite","@id":"https:\/\/www.campings.com\/de\/content\/#website","url":"https:\/\/www.campings.com\/de\/content\/","name":"Campings DE Content","description":"Just another Campings Blog Sites site","potentialAction":[{"@type":"SearchAction","target":{"@type":"EntryPoint","urlTemplate":"https:\/\/www.campings.com\/de\/content\/?s={search_term_string}"},"query-input":{"@type":"PropertyValueSpecification","valueRequired":true,"valueName":"search_term_string"}}],"inLanguage":"en-US"}]}},"_links":{"self":[{"href":"https:\/\/www.campings.com\/de\/content\/wp-json\/wp\/v2\/pages\/104","targetHints":{"allow":["GET"]}}],"collection":[{"href":"https:\/\/www.campings.com\/de\/content\/wp-json\/wp\/v2\/pages"}],"about":[{"href":"https:\/\/www.campings.com\/de\/content\/wp-json\/wp\/v2\/types\/page"}],"author":[{"embeddable":true,"href":"https:\/\/www.campings.com\/de\/content\/wp-json\/wp\/v2\/users\/36"}],"replies":[{"embeddable":true,"href":"https:\/\/www.campings.com\/de\/content\/wp-json\/wp\/v2\/comments?post=104"}],"version-history":[{"count":7,"href":"https:\/\/www.campings.com\/de\/content\/wp-json\/wp\/v2\/pages\/104\/revisions"}],"predecessor-version":[{"id":120,"href":"https:\/\/www.campings.com\/de\/content\/wp-json\/wp\/v2\/pages\/104\/revisions\/120"}],"wp:attachment":[{"href":"https:\/\/www.campings.com\/de\/content\/wp-json\/wp\/v2\/media?parent=104"}],"curies":[{"name":"wp","href":"https:\/\/api.w.org\/{rel}","templated":true}]}}